{"id":977,"date":"2024-01-27T14:53:31","date_gmt":"2024-01-27T13:53:31","guid":{"rendered":"https:\/\/rokaworks-backup.200.solutions\/?post_type=product&#038;p=977"},"modified":"2024-01-27T15:11:59","modified_gmt":"2024-01-27T14:11:59","slug":"klic-diamant-pro-rady-e39-a-e38-ews","status":"publish","type":"product","link":"https:\/\/rokaworks-backup.200.solutions\/?product=klic-diamant-pro-rady-e39-a-e38-ews","title":{"rendered":"Kl\u00ed\u010d Diamant pro \u0159ady E39 a E38 (EWS)"},"content":{"rendered":"<p>Kl\u00ed\u010d pro E \u0159ady vzhledu diamant<br \/>\npro \u0159ady 5er E39 \/ 7er E38<\/p>\n<p>Cena je v\u010detn\u011b naprogramov\u00e1n\u00ed kl\u00ed\u010de do vozidla! Je nutn\u00e9 p\u0159\u00edtomnosti vozidla nebo jednotky kter\u00e1 v sob\u011b obsahuje \u00fadaje o kl\u00ed\u010d\u00edch (EWS)<\/p>\n<p>\u010c\u00edsla OEM d\u00edl\u016f nahrazuj\u00edc\u00ed tyto kl\u00ed\u010de<br \/>\n66 12 6933727<br \/>\n66 12 8380271<br \/>\n<span class=\"x-tree-node-text \">66 12 6933729<br \/>\n66 12 8382327<br \/>\n<\/span><\/p>\n","protected":false},"excerpt":{"rendered":"<p>Kl\u00ed\u010d pro E \u0159ady vzhledu diamant pro \u0159ady 5er E39 \/ 7er E38 Cena je v\u010detn\u011b naprogramov\u00e1n\u00ed kl\u00ed\u010de do vozidla! Je nutn\u00e9 p\u0159\u00edtomnosti vozidla nebo jednotky kter\u00e1 v sob\u011b obsahuje \u00fadaje o kl\u00ed\u010d\u00edch (EWS) \u010c\u00edsla OEM d\u00edl\u016f nahrazuj\u00edc\u00ed tyto kl\u00ed\u010de 66 12 6933727 66 12 8380271 66 12 6933729 66 12 8382327<\/p>\n","protected":false},"featured_media":982,"comment_status":"open","ping_status":"closed","template":"","meta":{"inline_featured_image":false,"_links_to":"","_links_to_target":""},"product_cat":[40],"product_tag":[],"class_list":{"0":"post-977","1":"product","2":"type-product","3":"status-publish","4":"has-post-thumbnail","6":"product_cat-nezarazene","8":"first","9":"instock","10":"shipping-taxable","11":"purchasable","12":"product-type-variable"},"acf":[],"_links":{"self":[{"href":"https:\/\/rokaworks-backup.200.solutions\/index.php?rest_route=\/wp\/v2\/product\/977","targetHints":{"allow":["GET"]}}],"collection":[{"href":"https:\/\/rokaworks-backup.200.solutions\/index.php?rest_route=\/wp\/v2\/product"}],"about":[{"href":"https:\/\/rokaworks-backup.200.solutions\/index.php?rest_route=\/wp\/v2\/types\/product"}],"replies":[{"embeddable":true,"href":"https:\/\/rokaworks-backup.200.solutions\/index.php?rest_route=%2Fwp%2Fv2%2Fcomments&post=977"}],"wp:featuredmedia":[{"embeddable":true,"href":"https:\/\/rokaworks-backup.200.solutions\/index.php?rest_route=\/wp\/v2\/media\/982"}],"wp:attachment":[{"href":"https:\/\/rokaworks-backup.200.solutions\/index.php?rest_route=%2Fwp%2Fv2%2Fmedia&parent=977"}],"wp:term":[{"taxonomy":"product_cat","embeddable":true,"href":"https:\/\/rokaworks-backup.200.solutions\/index.php?rest_route=%2Fwp%2Fv2%2Fproduct_cat&post=977"},{"taxonomy":"product_tag","embeddable":true,"href":"https:\/\/rokaworks-backup.200.solutions\/index.php?rest_route=%2Fwp%2Fv2%2Fproduct_tag&post=977"}],"curies":[{"name":"wp","href":"https:\/\/api.w.org\/{rel}","templated":true}]}}