{"id":1681,"date":"2024-01-28T17:27:32","date_gmt":"2024-01-28T16:27:32","guid":{"rendered":"https:\/\/rokaworks-backup.200.solutions\/?post_type=product&#038;p=1681"},"modified":"2024-01-28T18:06:48","modified_gmt":"2024-01-28T17:06:48","slug":"klic-pro-f-rady-1-2-3-4-fem","status":"publish","type":"product","link":"https:\/\/rokaworks-backup.200.solutions\/?product=klic-pro-f-rady-1-2-3-4-fem","title":{"rendered":"Kl\u00ed\u010d pro F \u0159ady - 1, 2, 3, 4 (FEM)"},"content":{"rendered":"<p>Kl\u00ed\u010d pro F \u0159ady F20 a\u017e F36 a M modely F \u0159ad F80, F82, F83 a F87<br \/>\nF \u0159ady 1er, 2er, 3er a 4er<\/p>\n<p>Cena je v\u017edy za kl\u00ed\u010d + naprogramov\u00e1n\u00ed kl\u00ed\u010de do vozu.<br \/>\nProgramov\u00e1n\u00ed prob\u00edh\u00e1 vy\u010dten\u00edm dat z jednotky FEM, kter\u00e1 obsahuje imobiliza\u010dn\u00ed data kl\u00ed\u010d\u016f, co\u017e je nezbytn\u00fd krok.<br \/>\nCena se m\u016f\u017ee nav\u00fd\u0161it, pokud je v procesu zji\u0161t\u011bna p\u0159ek\u00e1\u017eka nebo nestandardn\u00ed komplikace. Za to se pova\u017euje neodborn\u00fd z\u00e1sah v minulosti do elektroinstalace vozu nebo jednotky, st\u00e1v\u00e1 se to vyj\u00edme\u010dn\u011b.<br \/>\nPokud chcete vy\u0159ezat plan\u017eetu, je nutn\u00e9 n\u00e1m spole\u010dn\u011b s objedn\u00e1vkou zaslat fotografii va\u0161\u00ed st\u00e1vaj\u00edc\u00ed plan\u017eety! Vyfocena mus\u00ed b\u00fdt jako na vzoru - kolmo objektivem k v\u00fd\u0159ezu plan\u017eety.<\/p>\n<p>Vysv\u011btlivky:<br \/>\n- Keyless (bezkl\u00ed\u010dov\u00fd p\u0159\u00edstup) - Comfort Access, znamen\u00e1, \u017ee vozidlo lze odemknout\/zamknout p\u0159es dotek kliky a otev\u0159\u00edt kufr vozidla bez nutnosti stisku tla\u010d\u00edtka na kl\u00ed\u010di.<br \/>\n- V\u00fd\u0159ez: V standardn\u00ed cen\u011b je v\u017edy i v\u00fd\u0159ez plan\u017eety podle k\u00f3du v\u00fd\u0159ezu st\u00e1vaj\u00edc\u00ed plan\u017eety, pokud majitel vozu m\u00e1. Proto v\u017edy zas\u00edl\u00e1te p\u0159edem fotografii. Pokud nen\u00ed, mus\u00ed se doobjednat nov\u00e1 plan\u017eeta od v\u00fdrobce vozidla, co\u017e nav\u00fd\u0161\u00ed cenu. Pokud plan\u017eetu vy\u0159ezat nechcete, pon\u00ed\u017e\u00ed se cena o 500k\u010d<br \/>\n- Pokud nem\u00e1te k vozidlu \u017e\u00e1dn\u00e9 kl\u00ed\u010de, je tam p\u0159\u00edplatek 2000k\u010d z d\u016fvodu nutn\u00fdch dal\u0161\u00edch prac\u00ed k z\u00edsk\u00e1n\u00ed dat z vozidla pro \u00fasp\u011b\u0161n\u00e9 naprogramov\u00e1n\u00ed nov\u00e9ho kl\u00ed\u010de. V cen\u011b nen\u00ed otev\u0159en\u00ed vozu, pokud je zam\u010den\u00fd a nen\u00ed p\u0159\u00edstup do interi\u00e9ru.<br \/>\n- USA trh - pokud je vozidlo z jin\u00e9ho trhu, m\u00e1 specifickou frekvenci a tedy z\u00e1kladn\u00ed desku kl\u00ed\u010de, kter\u00e1 je za p\u0159\u00edplatek.<br \/>\n- Barva, cena za v\u0161echny varianty stejn\u00e1<br \/>\n- Po\u010det tla\u010d\u00edtek, cena za v\u0161echny varianty stejn\u00e1<\/p>\n","protected":false},"excerpt":{"rendered":"<p>Kl\u00ed\u010d pro F \u0159ady F20 a\u017e F36 a M modely F \u0159ad F80, F82, F83 a F87 F \u0159ady 1er, 2er, 3er a 4er Cena je v\u017edy za kl\u00ed\u010d + naprogramov\u00e1n\u00ed kl\u00ed\u010de do vozu. Programov\u00e1n\u00ed prob\u00edh\u00e1 vy\u010dten\u00edm dat z jednotky FEM, kter\u00e1 obsahuje imobiliza\u010dn\u00ed data kl\u00ed\u010d\u016f, co\u017e je nezbytn\u00fd krok. Cena se m\u016f\u017ee nav\u00fd\u0161it, pokud [&hellip;]<\/p>\n","protected":false},"featured_media":1021,"comment_status":"open","ping_status":"closed","template":"","meta":{"inline_featured_image":false,"_links_to":"","_links_to_target":""},"product_cat":[44],"product_tag":[],"class_list":{"0":"post-1681","1":"product","2":"type-product","3":"status-publish","4":"has-post-thumbnail","6":"product_cat-klice","8":"first","9":"instock","10":"shipping-taxable","11":"purchasable","12":"product-type-variable"},"acf":[],"_links":{"self":[{"href":"https:\/\/rokaworks-backup.200.solutions\/index.php?rest_route=\/wp\/v2\/product\/1681","targetHints":{"allow":["GET"]}}],"collection":[{"href":"https:\/\/rokaworks-backup.200.solutions\/index.php?rest_route=\/wp\/v2\/product"}],"about":[{"href":"https:\/\/rokaworks-backup.200.solutions\/index.php?rest_route=\/wp\/v2\/types\/product"}],"replies":[{"embeddable":true,"href":"https:\/\/rokaworks-backup.200.solutions\/index.php?rest_route=%2Fwp%2Fv2%2Fcomments&post=1681"}],"wp:featuredmedia":[{"embeddable":true,"href":"https:\/\/rokaworks-backup.200.solutions\/index.php?rest_route=\/wp\/v2\/media\/1021"}],"wp:attachment":[{"href":"https:\/\/rokaworks-backup.200.solutions\/index.php?rest_route=%2Fwp%2Fv2%2Fmedia&parent=1681"}],"wp:term":[{"taxonomy":"product_cat","embeddable":true,"href":"https:\/\/rokaworks-backup.200.solutions\/index.php?rest_route=%2Fwp%2Fv2%2Fproduct_cat&post=1681"},{"taxonomy":"product_tag","embeddable":true,"href":"https:\/\/rokaworks-backup.200.solutions\/index.php?rest_route=%2Fwp%2Fv2%2Fproduct_tag&post=1681"}],"curies":[{"name":"wp","href":"https:\/\/api.w.org\/{rel}","templated":true}]}}