{"id":833,"date":"2024-01-21T15:20:08","date_gmt":"2024-01-21T14:20:08","guid":{"rendered":"https:\/\/rokaworks-backup.200.solutions\/?page_id=833"},"modified":"2024-01-21T15:25:02","modified_gmt":"2024-01-21T14:25:02","slug":"budiky-rad-f0x-f1x-f3x","status":"publish","type":"page","link":"https:\/\/rokaworks-backup.200.solutions\/?page_id=833","title":{"rendered":"Bud\u00edky \u0159ad F0x \/ F1x \/ F3x"},"content":{"rendered":"\n<p>Z pravidla maj\u00ed tyto vozidla t\u0159i druhy p\u0159\u00edstrojov\u00e9 desky<\/p>\n\n\n\n<p>1 . Basic - analogov\u00e9 plastov\u00e9 ru\u010di\u010dky, viditeln\u00e1 \u010d\u00edsla i bez podsv\u00edcen\u00ed a z\u00e1kladn\u00ed u\u017e\u0161\u00ed displej pod cifern\u00edky<\/p>\n\n\n\n<p>2. 6WA - analogov\u00e9 plastov\u00e9 ru\u010di\u010dky, viditeln\u00e1 \u010d\u00edsla pouze p\u0159i podsv\u00edcen\u00ed a roz\u0161\u00ed\u0159en\u00fd \u0161ir\u0161\u00ed displej pod cifern\u00edky<\/p>\n\n\n\n<p>3. 6WB - celodisplejov\u00e9 bud\u00edky - v\u0161e formou prom\u00edt\u00e1n\u00ed na displeji v\u010d. ru\u010di\u010dek. <br>T\u0159i vzhledy cifern\u00edk\u016f bud\u00edk\u016f podle zvolen\u00e9ho j\u00edzdn\u00edho re\u017eimu (Eco, Comfort a Sport). <\/p>\n\n\n\n<p><\/p>\n\n\n\n<h2 class=\"wp-block-heading\">V\u00fdm\u011bny<\/h2>\n\n\n\n<p>P\u0159i ka\u017ed\u00e9 v\u00fdm\u011bn\u011b je pot\u0159eba m\u00edt spr\u00e1vn\u00fd VIN k\u00f3d, kter\u00fd nelze p\u0159episovat s bud\u00edky ve vozidle z d\u016fvodu ochrany proti p\u0159episu v\u00fdrobcem. Plat\u00ed i pro n\u00e1jezd KM pokud je vy\u0161\u0161\u00ed v bud\u00edk\u00e1ch ne\u017e ve vozidle<br>Je nutn\u00e9 p\u0159\u00edstrojovou desku rozebrat, aby byl p\u0159\u00edstup k pam\u011bti EEPROM, kter\u00e1 se p\u0159episuje mimo bud\u00edky odp\u00e1jen\u00edm a naprogramov\u00e1n\u00edm. N\u00e1sledn\u011b se slo\u017e\u00ed a ji\u017e lze nak\u00f3dovat ve vozidle aby fungovali jak maj\u00ed.<br>V\u0161e provedeme precizn\u011b v\u010detn\u011b \u010di\u0161t\u011bn\u00ed.<br>Cena za slu\u017ebu dle tipu a obt\u00ed\u017enosti bud\u00edk\u016f - 3000 K\u010d a\u017e 5000 K\u010d. <\/p>\n\n\n\n<h2 class=\"wp-block-heading\">POZOR - podm\u00ednky funk\u010dnosti<\/h2>\n\n\n\n<p>Nelze kombinovat cokoliv. Bud\u00edky maj\u00ed r\u016fzn\u00fd hardware podle v\u00fdbav. Nej\u010dast\u011bji nap\u0159\u00edklad jsou jin\u00e9 pro vozidla s\/bez HUD (Head-Up displej).<\/p>\n\n\n\n<p>Bud\u00edky V\u00e1m m\u016f\u017eeme sehnat i my! Nemus\u00edte sh\u00e1n\u011bt sami a riskovat nekompatibilitu. <br>Nacen\u00edme V\u00e1m ty spr\u00e1vn\u00e9 varianty v\u010d. pr\u00e1ce a programov\u00e1n\u00ed! Tak\u00e9 pak m\u00e1te od n\u00e1s na cel\u00e9 bud\u00edky z\u00e1ruku!<\/p>\n\n\n\n<p>Bud\u00edky, kter\u00e9 si donese s\u00e1m z\u00e1kazn\u00edk, jsou bez z\u00e1ruky.<\/p>\n\n\n\n<h2 class=\"wp-block-heading\">Cen\u00edk<\/h2>\n\n\n\n<p>Cena se ly\u0161\u00ed podle toho za kolik se dan\u00e9 p\u0159\u00edstrojov\u00e9 desky zrovna na trhu vyskytuj\u00ed. Nej\u010dast\u011bj\u00ed v\u0161ak, <br>\u0159ady 3, 4 - F30 a\u017e F36 - 22 000 K\u010d a\u017e 29 000 K\u010d<br>\u0159ady 5, 6 , 7, X5, X6 - F0x a\u017e F16 - 25 000 K\u010d a\u017e 32 000 K\u010d<\/p>\n","protected":false},"excerpt":{"rendered":"<p>Z pravidla maj\u00ed tyto vozidla t\u0159i druhy p\u0159\u00edstrojov\u00e9 desky 1 . Basic - analogov\u00e9 plastov\u00e9 ru\u010di\u010dky, viditeln\u00e1 \u010d\u00edsla i bez podsv\u00edcen\u00ed a z\u00e1kladn\u00ed u\u017e\u0161\u00ed displej pod cifern\u00edky 2. 6WA - analogov\u00e9 plastov\u00e9 ru\u010di\u010dky, viditeln\u00e1 \u010d\u00edsla pouze p\u0159i podsv\u00edcen\u00ed a roz\u0161\u00ed\u0159en\u00fd \u0161ir\u0161\u00ed displej pod cifern\u00edky 3. 6WB - celodisplejov\u00e9 bud\u00edky - v\u0161e formou prom\u00edt\u00e1n\u00ed na displeji [&hellip;]<\/p>\n","protected":false},"author":1,"featured_media":0,"parent":831,"menu_order":2,"comment_status":"closed","ping_status":"closed","template":"","meta":{"inline_featured_image":false,"footnotes":"","_links_to":"","_links_to_target":""},"class_list":["post-833","page","type-page","status-publish","hentry"],"acf":[],"_links":{"self":[{"href":"https:\/\/rokaworks-backup.200.solutions\/index.php?rest_route=\/wp\/v2\/pages\/833","targetHints":{"allow":["GET"]}}],"collection":[{"href":"https:\/\/rokaworks-backup.200.solutions\/index.php?rest_route=\/wp\/v2\/pages"}],"about":[{"href":"https:\/\/rokaworks-backup.200.solutions\/index.php?rest_route=\/wp\/v2\/types\/page"}],"author":[{"embeddable":true,"href":"https:\/\/rokaworks-backup.200.solutions\/index.php?rest_route=\/wp\/v2\/users\/1"}],"replies":[{"embeddable":true,"href":"https:\/\/rokaworks-backup.200.solutions\/index.php?rest_route=%2Fwp%2Fv2%2Fcomments&post=833"}],"version-history":[{"count":2,"href":"https:\/\/rokaworks-backup.200.solutions\/index.php?rest_route=\/wp\/v2\/pages\/833\/revisions"}],"predecessor-version":[{"id":838,"href":"https:\/\/rokaworks-backup.200.solutions\/index.php?rest_route=\/wp\/v2\/pages\/833\/revisions\/838"}],"up":[{"embeddable":true,"href":"https:\/\/rokaworks-backup.200.solutions\/index.php?rest_route=\/wp\/v2\/pages\/831"}],"wp:attachment":[{"href":"https:\/\/rokaworks-backup.200.solutions\/index.php?rest_route=%2Fwp%2Fv2%2Fmedia&parent=833"}],"curies":[{"name":"wp","href":"https:\/\/api.w.org\/{rel}","templated":true}]}}