{"id":831,"date":"2024-01-21T15:00:54","date_gmt":"2024-01-21T14:00:54","guid":{"rendered":"https:\/\/rokaworks-backup.200.solutions\/?page_id=831"},"modified":"2024-01-21T18:42:12","modified_gmt":"2024-01-21T17:42:12","slug":"budiky-pristrojova-deska","status":"publish","type":"page","link":"https:\/\/rokaworks-backup.200.solutions\/?page_id=831","title":{"rendered":"Bud\u00edky - p\u0159\u00edstrojov\u00e1 deska"},"content":{"rendered":"<a href=\"https:\/\/rokaworks-backup.200.solutions\/?service=oprava-budiku-e38-e39-e46-e53\" id=\"service-block_5e3f4466ab2a1268cafa388a20dabaae\" class=\"service card-wrapper\">\n    <div class=\"card blurred-background card-base\">\n        <div class=\"content\">\n            <h4>Oprava bud\u00edk\u016f E38\/E39\/E46\/E53<\/h4>\n            <p class=\"description\">Oprava bud\u00edk\u016f \u0159ad E3x-E5x<\/p>\n            <p class=\"price\">od 3500 - 10000,- K\u010d<\/p>\n        <\/div>\n        <div class=\"box\">\n            <svg xmlns=\"http:\/\/www.w3.org\/2000\/svg\" viewBox=\"0 0 256 512\"><path d=\"M24.707 38.101L4.908 57.899c-4.686 4.686-4.686 12.284 0 16.971L185.607 256 4.908 437.13c-4.686 4.686-4.686 12.284 0 16.971L24.707 473.9c4.686 4.686 12.284 4.686 16.971 0l209.414-209.414c4.686-4.686 4.686-12.284 0-16.971L41.678 38.101c-4.687-4.687-12.285-4.687-16.971 0z\"\/><\/svg>\n        <\/div>\n        <div class=\"card-shadow\"><\/div>\n    <\/div>\n\n    <!-- Styly -->\n    <style type=\"text\/css\">\n        #service-block_5e3f4466ab2a1268cafa388a20dabaae * {\n            font-family: 'Montserrat';\n        }\n\n        #service-block_5e3f4466ab2a1268cafa388a20dabaae {\n            display: block;\n            width: 100%;\n            background: #212121;\n            border: 1px solid rgba(255, 255, 255, .13);\n            color: white;\n            margin: 24px 0;\n        }\n\n        #service-block_5e3f4466ab2a1268cafa388a20dabaae:hover {\n            text-decoration: none;\n            color: #FBC831;\n        }\n\n        #service-block_5e3f4466ab2a1268cafa388a20dabaae .card-base {\n            padding: 24px;\n            display: flex;\n            justify-content: space-between;\n            align-items: center;\n        }\n\n        #service-block_5e3f4466ab2a1268cafa388a20dabaae .content {\n            width: calc(100% - 48px - 48px);\n        }\n\n        #service-block_5e3f4466ab2a1268cafa388a20dabaae .content h4 {\n            font-size: 16px;\n            font-weight: 500;\n            text-transform: uppercase;\n        }\n\n        #service-block_5e3f4466ab2a1268cafa388a20dabaae .content .description {\n            opacity: .55;\n            margin-top: 8px;\n            color: white !important;\n        }\n\n        #service-block_5e3f4466ab2a1268cafa388a20dabaae .content .price {\n            color: #FBC831 !important;\n            font-weight: bold;\n            margin: 0;\n            margin-top: 8px;\n        }\n\n        #service-block_5e3f4466ab2a1268cafa388a20dabaae .box {\n            width: 48px;\n            height: 48px;\n            display: flex;\n            align-items: center;\n            justify-content: center;\n            background: #FBC831;\n            box-shadow: 0 10px 20px 0 rgba(0, 0, 0, .55);\n        }\n\n        #service-block_5e3f4466ab2a1268cafa388a20dabaae .box svg {\n            width: 20px;\n            height: 20px;\n        }\n\n            <\/style>\n<\/a>","protected":false},"excerpt":{"rendered":"","protected":false},"author":1,"featured_media":0,"parent":813,"menu_order":7,"comment_status":"closed","ping_status":"closed","template":"","meta":{"inline_featured_image":false,"footnotes":"","_links_to":"","_links_to_target":""},"class_list":["post-831","page","type-page","status-publish","hentry"],"acf":[],"_links":{"self":[{"href":"https:\/\/rokaworks-backup.200.solutions\/index.php?rest_route=\/wp\/v2\/pages\/831","targetHints":{"allow":["GET"]}}],"collection":[{"href":"https:\/\/rokaworks-backup.200.solutions\/index.php?rest_route=\/wp\/v2\/pages"}],"about":[{"href":"https:\/\/rokaworks-backup.200.solutions\/index.php?rest_route=\/wp\/v2\/types\/page"}],"author":[{"embeddable":true,"href":"https:\/\/rokaworks-backup.200.solutions\/index.php?rest_route=\/wp\/v2\/users\/1"}],"replies":[{"embeddable":true,"href":"https:\/\/rokaworks-backup.200.solutions\/index.php?rest_route=%2Fwp%2Fv2%2Fcomments&post=831"}],"version-history":[{"count":5,"href":"https:\/\/rokaworks-backup.200.solutions\/index.php?rest_route=\/wp\/v2\/pages\/831\/revisions"}],"predecessor-version":[{"id":882,"href":"https:\/\/rokaworks-backup.200.solutions\/index.php?rest_route=\/wp\/v2\/pages\/831\/revisions\/882"}],"up":[{"embeddable":true,"href":"https:\/\/rokaworks-backup.200.solutions\/index.php?rest_route=\/wp\/v2\/pages\/813"}],"wp:attachment":[{"href":"https:\/\/rokaworks-backup.200.solutions\/index.php?rest_route=%2Fwp%2Fv2%2Fmedia&parent=831"}],"curies":[{"name":"wp","href":"https:\/\/api.w.org\/{rel}","templated":true}]}}