{"id":582,"date":"2023-08-10T23:11:54","date_gmt":"2023-08-10T21:11:54","guid":{"rendered":"https:\/\/rokaworks-backup.200.solutions\/?page_id=582"},"modified":"2024-01-20T16:58:05","modified_gmt":"2024-01-20T15:58:05","slug":"autoelektrikarina","status":"publish","type":"page","link":"https:\/\/rokaworks-backup.200.solutions\/?page_id=582","title":{"rendered":"Autoelektrika\u0159ina"},"content":{"rendered":"\n<p>Nab\u00edz\u00edme ve\u0161ker\u00e9 autoelektrik\u00e1\u0159sk\u00e9 pr\u00e1ce. Od p\u0159ed\u011bl\u00e1n\u00ed \u010di oprav\u011b svazku po implementace slo\u017eit\u00fdch syst\u00e9mu. <\/p>\n\n\n\n<p>M\u00e1me zku\u0161ennosti s opravou vozidel po po\u017e\u00e1rech nebo z\u00e1plav\u00e1ch. D\u00edky schopnostem a elektrotechnick\u00fdm znalostem v\u010d. znalosti programov\u00e1n\u00ed jednotek a jejich dat, jsme schopni si poradit s ka\u017edou situac\u00ed.<\/p>\n","protected":false},"excerpt":{"rendered":"<p>Nab\u00edz\u00edme ve\u0161ker\u00e9 autoelektrik\u00e1\u0159sk\u00e9 pr\u00e1ce. Od p\u0159ed\u011bl\u00e1n\u00ed \u010di oprav\u011b svazku po implementace slo\u017eit\u00fdch syst\u00e9mu. M\u00e1me zku\u0161ennosti s opravou vozidel po po\u017e\u00e1rech nebo z\u00e1plav\u00e1ch. D\u00edky schopnostem a elektrotechnick\u00fdm znalostem v\u010d. znalosti programov\u00e1n\u00ed jednotek a jejich dat, jsme schopni si poradit s ka\u017edou situac\u00ed.<\/p>\n","protected":false},"author":1,"featured_media":0,"parent":811,"menu_order":19,"comment_status":"closed","ping_status":"closed","template":"","meta":{"inline_featured_image":false,"footnotes":"","_links_to":"","_links_to_target":""},"class_list":["post-582","page","type-page","status-publish","hentry"],"acf":[],"_links":{"self":[{"href":"https:\/\/rokaworks-backup.200.solutions\/index.php?rest_route=\/wp\/v2\/pages\/582","targetHints":{"allow":["GET"]}}],"collection":[{"href":"https:\/\/rokaworks-backup.200.solutions\/index.php?rest_route=\/wp\/v2\/pages"}],"about":[{"href":"https:\/\/rokaworks-backup.200.solutions\/index.php?rest_route=\/wp\/v2\/types\/page"}],"author":[{"embeddable":true,"href":"https:\/\/rokaworks-backup.200.solutions\/index.php?rest_route=\/wp\/v2\/users\/1"}],"replies":[{"embeddable":true,"href":"https:\/\/rokaworks-backup.200.solutions\/index.php?rest_route=%2Fwp%2Fv2%2Fcomments&post=582"}],"version-history":[{"count":2,"href":"https:\/\/rokaworks-backup.200.solutions\/index.php?rest_route=\/wp\/v2\/pages\/582\/revisions"}],"predecessor-version":[{"id":805,"href":"https:\/\/rokaworks-backup.200.solutions\/index.php?rest_route=\/wp\/v2\/pages\/582\/revisions\/805"}],"up":[{"embeddable":true,"href":"https:\/\/rokaworks-backup.200.solutions\/index.php?rest_route=\/wp\/v2\/pages\/811"}],"wp:attachment":[{"href":"https:\/\/rokaworks-backup.200.solutions\/index.php?rest_route=%2Fwp%2Fv2%2Fmedia&parent=582"}],"curies":[{"name":"wp","href":"https:\/\/api.w.org\/{rel}","templated":true}]}}