{"id":578,"date":"2023-08-10T23:11:35","date_gmt":"2023-08-10T21:11:35","guid":{"rendered":"https:\/\/rokaworks-backup.200.solutions\/?page_id=578"},"modified":"2024-01-21T16:06:31","modified_gmt":"2024-01-21T15:06:31","slug":"chiptuning","status":"publish","type":"page","link":"https:\/\/rokaworks-backup.200.solutions\/?page_id=578","title":{"rendered":"Chiptuning"},"content":{"rendered":"\n<h2 class=\"wp-block-heading has-medium-font-size\"><\/h2>\n\n\n\n<p class=\"has-medium-font-size\">Zab\u00fdv\u00e1me se profesion\u00e1ln\u00edmi \u00fapravami softwaru motorov\u00fdch jednotek. Nejedn\u00e1 se o b\u011b\u017en\u00e9 nahr\u00e1v\u00e1n\u00ed univerz\u00e1ln\u00edch map typu fileservice. Upravujeme dle pot\u0159eb individu\u00e1ln\u011b na konkr\u00e9tn\u00ed v\u016fz. M\u011b\u0159\u00edme za j\u00edzdy a dle pot\u0159eb dolazujeme. <\/p>\n\n\n\n<p class=\"has-medium-font-size\">Jsme schopni d\u011blat i \u00fapravy typu vyp\u00edn\u00e1n\u00ed nebo zap\u00edn\u00e1n\u00ed jednotliv\u00fdch komponent motoru na p\u0159\u00e1n\u00ed z\u00e1kazn\u00edka. Nejedn\u00e1 se o b\u011b\u017en\u00e9 zakazov\u00e1n\u00ed chybov\u00fdch hl\u00e1\u0161ek, ale skute\u010dnou deaktivaci a vypnut\u00ed dan\u00e9ho okruhu aby nedoch\u00e1zelo k zhor\u0161en\u00ed \u017eivotnosti motoru \u010di jeho komponent a ne\u017e\u00e1douc\u00edmu chov\u00e1n\u00ed jako \u00fabytek v\u00fdkonu. <\/p>\n\n\n\n<p class=\"has-small-font-size\"><br>Disclaimer - vylou\u010den\u00ed odpov\u011bdnosti:<br><em>Odstran\u011bn\u00ed \u010di manipulace softwaru na p\u0159\u00e1n\u00ed z\u00e1kazn\u00edka, kter\u00e9 maj\u00ed vliv na v\u00fdsledn\u00e9 emise je z\u00e1sah do emisn\u00edho syst\u00e9mu vozidla a m\u016f\u017ee zp\u016fsobit zv\u00fd\u0161en\u00ed emis\u00ed nad limit stanoven\u00fd v\u00fdrobcem. Tato slu\u017eba \u00fapravy \u0159\u00edd\u00edc\u00ed jednotky motoru je ur\u010dena pouze pro sportovn\u00ed \u00fa\u010dely a nen\u00ed ur\u010dena pro provozo na pozemn\u00edch komunikac\u00edch.<br>Ve\u0161ker\u00e1 odpov\u011bdnost za jin\u00e9 pou\u017eit\u00ed a provozov\u00e1n\u00ed vozidla je pln\u011b na majiteli a provozovateli vozidla<em>, dodavatel slu\u017eby nenese odpov\u011bdnost \u010di spolu\u00fa\u010dast a ve\u0161ker\u00e1 rizika \u010di protipr\u00e1vn\u00ed jedn\u00e1n\u00ed jde na vrub z\u00e1kazn\u00edka<\/em>, majitele a provozovatele.<\/em> <\/p>\n","protected":false},"excerpt":{"rendered":"<p>Odborn\u00e9 a individu\u00e1ln\u00ed \u00fapravy softwaru motoru.<\/p>\n","protected":false},"author":1,"featured_media":0,"parent":811,"menu_order":24,"comment_status":"closed","ping_status":"closed","template":"","meta":{"inline_featured_image":false,"footnotes":"","_links_to":"","_links_to_target":""},"class_list":["post-578","page","type-page","status-publish","hentry"],"acf":[],"_links":{"self":[{"href":"https:\/\/rokaworks-backup.200.solutions\/index.php?rest_route=\/wp\/v2\/pages\/578","targetHints":{"allow":["GET"]}}],"collection":[{"href":"https:\/\/rokaworks-backup.200.solutions\/index.php?rest_route=\/wp\/v2\/pages"}],"about":[{"href":"https:\/\/rokaworks-backup.200.solutions\/index.php?rest_route=\/wp\/v2\/types\/page"}],"author":[{"embeddable":true,"href":"https:\/\/rokaworks-backup.200.solutions\/index.php?rest_route=\/wp\/v2\/users\/1"}],"replies":[{"embeddable":true,"href":"https:\/\/rokaworks-backup.200.solutions\/index.php?rest_route=%2Fwp%2Fv2%2Fcomments&post=578"}],"version-history":[{"count":15,"href":"https:\/\/rokaworks-backup.200.solutions\/index.php?rest_route=\/wp\/v2\/pages\/578\/revisions"}],"predecessor-version":[{"id":855,"href":"https:\/\/rokaworks-backup.200.solutions\/index.php?rest_route=\/wp\/v2\/pages\/578\/revisions\/855"}],"up":[{"embeddable":true,"href":"https:\/\/rokaworks-backup.200.solutions\/index.php?rest_route=\/wp\/v2\/pages\/811"}],"wp:attachment":[{"href":"https:\/\/rokaworks-backup.200.solutions\/index.php?rest_route=%2Fwp%2Fv2%2Fmedia&parent=578"}],"curies":[{"name":"wp","href":"https:\/\/api.w.org\/{rel}","templated":true}]}}