{"id":303,"date":"2023-05-26T16:30:39","date_gmt":"2023-05-26T14:30:39","guid":{"rendered":"https:\/\/rokaworks-backup.200.solutions\/?page_id=303"},"modified":"2023-06-25T23:09:53","modified_gmt":"2023-06-25T21:09:53","slug":"idrive-apple-carplay","status":"publish","type":"page","link":"https:\/\/rokaworks-backup.200.solutions\/?page_id=303","title":{"rendered":"Roz\u0161\u00ed\u0159en\u00ed origin\u00e1ln\u00edho iDrive\u00a0Apple\u00a0CarPlay"},"content":{"rendered":"\n<p><strong>U n\u00e1s m\u00e1me v\u017edy variantu CarPlay P\u0158ES CELOU OBRAZOVKU<\/strong>. Proveden\u00ed vyb\u00edr\u00e1me dle varianty typu iDrive a verze v\u00fdbavy vozu. <strong>Lze NAHR\u00c1T nebo ZABUDOVAT POMOC\u00cd SKRYT\u00c9 JEDNOTKY DO VOZU<\/strong>. <em>U\u017e CarPlay m\u00e1te? A nen\u00ed p\u0159es celou obrazovku? Napi\u0161te, dok\u00f3dujeme!<\/em><\/p>\n\n\n<div class=\"rw-alert normal alert card-wrapper\" id=\"alert-block_d6bbc7ae14509ea27f0acd4380c1169b\" data-type=\"normal\">\n\n    <div class=\"card blurred-background card-base\">\n        <span class=\"content\"><h2>Ofici\u00e1ln\u00ed popis a p\u00e1rov\u00e1n\u00ed od Apple<\/h2>\n<p>&nbsp;<\/p>\n<p><a href=\"aaa\"><button style=\"padding: 10px 15px; cursor: pointer; color: #fff; background: #FBC931; border: none; border-radius: 20px;\">Info od Apple.com<\/button><\/a> nen\u00ed link<\/p>\n<\/span>\n        <div class=\"card-shadow\"><\/div>\n    <\/div>\n\n    <!-- Styly -->\n    <style type=\"text\/css\">\n        \/* Alert *\/\n        .rw-alert {\n            position: relative;\n            color: rgba(0, 0, 0, 0.55);\n            background-color: #212121;\n            font-size: 16px;\n            letter-spacing: 0.01em;\n            line-height: 1.75em;\n            color: white;\n            margin: 24px 0;\n        }\n\n        .content * {\n            margin: 0 !important;\n        }\n\n        .card-base {\n            padding: 24px;\n        }\n\n        .danger {\n            border-left: 3px solid #E64964;\n        }\n        .danger .card-shadow {\n            background-color: #E64964;\n        }\n\n        .warning {\n            border-left: 3px solid #59C2DA;\n        }\n        .warning .card-shadow  {\n            background-color: #59C2DA;\n        }\n\n        .info {\n            border-left: 3px solid #5AD86E;\n        }\n        .info .card-shadow {\n            background-color: #5AD86E;\n        }\n    <\/style>\n\n    <script>\n        jQuery('head').append('<link rel=\"stylesheet\" href=\"https:\/\/fontawesome.200solutions.com\/css\/all.min.css\">');\n    <\/script>\n<\/div>\n\n<div class=\"rw-alert normal alert card-wrapper\" id=\"alert-block_052d3f3358e0c494e838f1ccae9500bb\" data-type=\"normal\">\n\n    <div class=\"card blurred-background card-base\">\n        <span class=\"content\"><h2>Co je to a jak Apple CarPlay funguje?<\/h2>\n<p>&nbsp;<\/p>\n<p>CarPlay nen\u00ed samostatn\u00fd v\u00fdpo\u010detn\u00ed syst\u00e9m co se instaluje do vozu. Syst\u00e9m kter\u00fd pracuje a zobrazuje CarPlay je samotn\u00fd telefon.<\/p>\n<p>Obrazovka vozu alternativn\u011b jednotka umo\u017e\u0148uj\u00edc\u00ed vid\u011bt CarPlay na obrazovce vozu je pouze v\u00fdstupem rozhran\u00ed z telefonu ur\u010den\u00e9ho pro vozidla v\u00fdrobcem opera\u010dn\u00edho syst\u00e9mu telefonu a pr\u00e1v\u011b to je rozhran\u00ed CarPlay od Apple (iOS). Ovl\u00e1d\u00e1me jej standardn\u011b ovl\u00e1d\u00e1n\u00edm vozu jako volant \u010di ovlada\u010d pro navigaci. A audio v\u00fdstupem i vstupem je technika vozu. (p\u016fvodn\u00ed reproduktory a mikrofon)<\/p>\n<p>My pouze zabudujeme mo\u017enost vid\u011bt na displeji vozidla v\u00fdstup tohoto rozhran\u00ed telefonu. V praxi - nastaven\u00ed kter\u00e1 provedete v telefonu, nap\u0159. odstran\u011bn\u00ed aplikace, se pak pronese do CarPlay.<\/p>\n<p>V praxi to nap\u0159. znamen\u00e1, \u017ee aktualizace CarPlay neprob\u00edh\u00e1 ve vozidle ale v telefonu. Kdy\u017e vyjde nov\u00e1 verze opera\u010dn\u00edho syst\u00e9mu i s opravami nebo dodatky do tohoto rozhran\u00ed pro vozy, bude ji vys\u00edlat telefon do vozu ani\u017eby se ve vozidle cokoliv zm\u011bnilo, proto\u017ee ta aktualizace CarPlay prob\u011bhla v telefonu.<\/p>\n<p>&nbsp;<\/p>\n<p><a href=\"#video\"><button style=\"padding: 10px 15px; cursor: pointer; color: #fff; background: #FBC931; border: none; border-radius: 20px;\">Videouk\u00e1zka<\/button><\/a><\/p>\n<\/span>\n        <div class=\"card-shadow\"><\/div>\n    <\/div>\n\n    <!-- Styly -->\n    <style type=\"text\/css\">\n        \/* Alert *\/\n        .rw-alert {\n            position: relative;\n            color: rgba(0, 0, 0, 0.55);\n            background-color: #212121;\n            font-size: 16px;\n            letter-spacing: 0.01em;\n            line-height: 1.75em;\n            color: white;\n            margin: 24px 0;\n        }\n\n        .content * {\n            margin: 0 !important;\n        }\n\n        .card-base {\n            padding: 24px;\n        }\n\n        .danger {\n            border-left: 3px solid #E64964;\n        }\n        .danger .card-shadow {\n            background-color: #E64964;\n        }\n\n        .warning {\n            border-left: 3px solid #59C2DA;\n        }\n        .warning .card-shadow  {\n            background-color: #59C2DA;\n        }\n\n        .info {\n            border-left: 3px solid #5AD86E;\n        }\n        .info .card-shadow {\n            background-color: #5AD86E;\n        }\n    <\/style>\n\n    <script>\n        jQuery('head').append('<link rel=\"stylesheet\" href=\"https:\/\/fontawesome.200solutions.com\/css\/all.min.css\">');\n    <\/script>\n<\/div>\n\n<div class=\"rw-alert normal alert card-wrapper\" id=\"alert-block_f3efaa04181b1070fa2d0969de42629d\" data-type=\"normal\">\n\n    <div class=\"card blurred-background card-base\">\n        <span class=\"content\"><h2>Jak zp\u00e1ruji CarPlay s iPhonem - postup od BMW<\/h2>\n<p>&nbsp;<\/p>\n<p>Ofici\u00e1ln\u00ed dokumentace a postup od BMW.<\/p>\n<p>&nbsp;<\/p>\n<p><a href=\"aaa\"><button style=\"padding: 10px 15px; cursor: pointer; color: #fff; background: #FBC931; border: none; border-radius: 20px;\">Info od BMW<\/button><\/a> idk jak na to pdf<\/p>\n<\/span>\n        <div class=\"card-shadow\"><\/div>\n    <\/div>\n\n    <!-- Styly -->\n    <style type=\"text\/css\">\n        \/* Alert *\/\n        .rw-alert {\n            position: relative;\n            color: rgba(0, 0, 0, 0.55);\n            background-color: #212121;\n            font-size: 16px;\n            letter-spacing: 0.01em;\n            line-height: 1.75em;\n            color: white;\n            margin: 24px 0;\n        }\n\n        .content * {\n            margin: 0 !important;\n        }\n\n        .card-base {\n            padding: 24px;\n        }\n\n        .danger {\n            border-left: 3px solid #E64964;\n        }\n        .danger .card-shadow {\n            background-color: #E64964;\n        }\n\n        .warning {\n            border-left: 3px solid #59C2DA;\n        }\n        .warning .card-shadow  {\n            background-color: #59C2DA;\n        }\n\n        .info {\n            border-left: 3px solid #5AD86E;\n        }\n        .info .card-shadow {\n            background-color: #5AD86E;\n        }\n    <\/style>\n\n    <script>\n        jQuery('head').append('<link rel=\"stylesheet\" href=\"https:\/\/fontawesome.200solutions.com\/css\/all.min.css\">');\n    <\/script>\n<\/div>\n\n<div class=\"rw-alert normal alert card-wrapper\" id=\"alert-block_d01dcc37e8edd5ed46844c2c8e408a51\" data-type=\"normal\">\n\n    <div class=\"card blurred-background card-base\">\n        <span class=\"content\"><h2>Nev\u00edm, jak\u00fd m\u00e1m iDrive<\/h2>\n<p>&nbsp;<\/p>\n<p>Jednodu\u0161e zjist\u011bte, jak\u00fd iDrive m\u00e1te.<\/p>\n<p>&nbsp;<\/p>\n<p><a href=\"https:\/\/rokaworks-backup.200.solutions\/idrive-a-navigacni-systemy\/\"><button style=\"padding: 10px 15px; cursor: pointer; color: #fff; background: #FBC931; border: none; border-radius: 20px;\">V\u00edce informac\u00ed<\/button><\/a><\/p>\n<\/span>\n        <div class=\"card-shadow\"><\/div>\n    <\/div>\n\n    <!-- Styly -->\n    <style type=\"text\/css\">\n        \/* Alert *\/\n        .rw-alert {\n            position: relative;\n            color: rgba(0, 0, 0, 0.55);\n            background-color: #212121;\n            font-size: 16px;\n            letter-spacing: 0.01em;\n            line-height: 1.75em;\n            color: white;\n            margin: 24px 0;\n        }\n\n        .content * {\n            margin: 0 !important;\n        }\n\n        .card-base {\n            padding: 24px;\n        }\n\n        .danger {\n            border-left: 3px solid #E64964;\n        }\n        .danger .card-shadow {\n            background-color: #E64964;\n        }\n\n        .warning {\n            border-left: 3px solid #59C2DA;\n        }\n        .warning .card-shadow  {\n            background-color: #59C2DA;\n        }\n\n        .info {\n            border-left: 3px solid #5AD86E;\n        }\n        .info .card-shadow {\n            background-color: #5AD86E;\n        }\n    <\/style>\n\n    <script>\n        jQuery('head').append('<link rel=\"stylesheet\" href=\"https:\/\/fontawesome.200solutions.com\/css\/all.min.css\">');\n    <\/script>\n<\/div>\n\n\n<h2 class=\"wp-block-heading\">Zp\u016fsoby, jak Apple CarPlay do vozu implementovat<\/h2>\n\n\n\n<h3 class=\"wp-block-heading\">Varianta 1.<\/h3>\n\n\n<a href=\"https:\/\/rokaworks-backup.200.solutions\/?service=softwarove-programovani-idrive-starsi\" id=\"service-block_885710dbbc006edb6d0e179a1c5a675e\" class=\"service card-wrapper\">\n    <div class=\"card blurred-background card-base\">\n        <div class=\"content\">\n            <h4>Softwarov\u00e9 programov\u00e1n\u00ed iDrive (star\u0161\u00ed)<\/h4>\n            <p class=\"description\">CarPlay p\u0159es celou obrazovku, mapy, k\u00f3dov\u00e1n\u00ed a noho dal\u0161\u00edho...<\/p>\n            <p class=\"price\">1000 a\u017e 6800,- K\u010d<\/p>\n        <\/div>\n        <div class=\"box\">\n            <svg xmlns=\"http:\/\/www.w3.org\/2000\/svg\" viewBox=\"0 0 256 512\"><path d=\"M24.707 38.101L4.908 57.899c-4.686 4.686-4.686 12.284 0 16.971L185.607 256 4.908 437.13c-4.686 4.686-4.686 12.284 0 16.971L24.707 473.9c4.686 4.686 12.284 4.686 16.971 0l209.414-209.414c4.686-4.686 4.686-12.284 0-16.971L41.678 38.101c-4.687-4.687-12.285-4.687-16.971 0z\"\/><\/svg>\n        <\/div>\n        <div class=\"card-shadow\"><\/div>\n    <\/div>\n\n    <!-- Styly -->\n    <style type=\"text\/css\">\n        #service-block_885710dbbc006edb6d0e179a1c5a675e * {\n            font-family: 'Montserrat';\n        }\n\n        #service-block_885710dbbc006edb6d0e179a1c5a675e {\n            display: block;\n            width: 100%;\n            background: #212121;\n            border: 1px solid rgba(255, 255, 255, .13);\n            color: white;\n            margin: 24px 0;\n        }\n\n        #service-block_885710dbbc006edb6d0e179a1c5a675e:hover {\n            text-decoration: none;\n            color: #FBC831;\n        }\n\n        #service-block_885710dbbc006edb6d0e179a1c5a675e .card-base {\n            padding: 24px;\n            display: flex;\n            justify-content: space-between;\n            align-items: center;\n        }\n\n        #service-block_885710dbbc006edb6d0e179a1c5a675e .content {\n            width: calc(100% - 48px - 48px);\n        }\n\n        #service-block_885710dbbc006edb6d0e179a1c5a675e .content h4 {\n            font-size: 16px;\n            font-weight: 500;\n            text-transform: uppercase;\n        }\n\n        #service-block_885710dbbc006edb6d0e179a1c5a675e .content .description {\n            opacity: .55;\n            margin-top: 8px;\n            color: white !important;\n        }\n\n        #service-block_885710dbbc006edb6d0e179a1c5a675e .content .price {\n            color: #FBC831 !important;\n            font-weight: bold;\n            margin: 0;\n            margin-top: 8px;\n        }\n\n        #service-block_885710dbbc006edb6d0e179a1c5a675e .box {\n            width: 48px;\n            height: 48px;\n            display: flex;\n            align-items: center;\n            justify-content: center;\n            background: #FBC831;\n            box-shadow: 0 10px 20px 0 rgba(0, 0, 0, .55);\n        }\n\n        #service-block_885710dbbc006edb6d0e179a1c5a675e .box svg {\n            width: 20px;\n            height: 20px;\n        }\n\n            <\/style>\n<\/a>\n\n\n<h3 class=\"wp-block-heading\">Varianta 2.<\/h3>\n\n\n<a href=\"https:\/\/rokaworks-backup.200.solutions\/?service=softwarove-programovani-idrive-novejsi\" id=\"service-block_4daae50bec820fff3dde65d2fa87f30c\" class=\"service card-wrapper\">\n    <div class=\"card blurred-background card-base\">\n        <div class=\"content\">\n            <h4>Softwarov\u00e9 programov\u00e1n\u00ed iDrive (nov\u011bj\u0161\u00ed)<\/h4>\n            <p class=\"description\">CarPlay p\u0159es celou obrazovku...<\/p>\n            <p class=\"price\">7700 a\u017e 9700,- K\u010d<\/p>\n        <\/div>\n        <div class=\"box\">\n            <svg xmlns=\"http:\/\/www.w3.org\/2000\/svg\" viewBox=\"0 0 256 512\"><path d=\"M24.707 38.101L4.908 57.899c-4.686 4.686-4.686 12.284 0 16.971L185.607 256 4.908 437.13c-4.686 4.686-4.686 12.284 0 16.971L24.707 473.9c4.686 4.686 12.284 4.686 16.971 0l209.414-209.414c4.686-4.686 4.686-12.284 0-16.971L41.678 38.101c-4.687-4.687-12.285-4.687-16.971 0z\"\/><\/svg>\n        <\/div>\n        <div class=\"card-shadow\"><\/div>\n    <\/div>\n\n    <!-- Styly -->\n    <style type=\"text\/css\">\n        #service-block_4daae50bec820fff3dde65d2fa87f30c * {\n            font-family: 'Montserrat';\n        }\n\n        #service-block_4daae50bec820fff3dde65d2fa87f30c {\n            display: block;\n            width: 100%;\n            background: #212121;\n            border: 1px solid rgba(255, 255, 255, .13);\n            color: white;\n            margin: 24px 0;\n        }\n\n        #service-block_4daae50bec820fff3dde65d2fa87f30c:hover {\n            text-decoration: none;\n            color: #FBC831;\n        }\n\n        #service-block_4daae50bec820fff3dde65d2fa87f30c .card-base {\n            padding: 24px;\n            display: flex;\n            justify-content: space-between;\n            align-items: center;\n        }\n\n        #service-block_4daae50bec820fff3dde65d2fa87f30c .content {\n            width: calc(100% - 48px - 48px);\n        }\n\n        #service-block_4daae50bec820fff3dde65d2fa87f30c .content h4 {\n            font-size: 16px;\n            font-weight: 500;\n            text-transform: uppercase;\n        }\n\n        #service-block_4daae50bec820fff3dde65d2fa87f30c .content .description {\n            opacity: .55;\n            margin-top: 8px;\n            color: white !important;\n        }\n\n        #service-block_4daae50bec820fff3dde65d2fa87f30c .content .price {\n            color: #FBC831 !important;\n            font-weight: bold;\n            margin: 0;\n            margin-top: 8px;\n        }\n\n        #service-block_4daae50bec820fff3dde65d2fa87f30c .box {\n            width: 48px;\n            height: 48px;\n            display: flex;\n            align-items: center;\n            justify-content: center;\n            background: #FBC831;\n            box-shadow: 0 10px 20px 0 rgba(0, 0, 0, .55);\n        }\n\n        #service-block_4daae50bec820fff3dde65d2fa87f30c .box svg {\n            width: 20px;\n            height: 20px;\n        }\n\n            <\/style>\n<\/a>\n\n\n<h3 class=\"wp-block-heading\">Varianta 3.<\/h3>\n\n\n<a href=\"https:\/\/rokaworks-backup.200.solutions\/?service=zabudovani-jednotky\" id=\"service-block_54d5f8826cc24b82c3e54b368f351049\" class=\"service card-wrapper\">\n    <div class=\"card blurred-background card-base\">\n        <div class=\"content\">\n            <h4>Zabudov\u00e1n\u00ed jednotky<\/h4>\n            <p class=\"description\">Jednotka umo\u017e\u0148uj\u00edc\u00ed\u00a0Carplay a AndroidAuto<\/p>\n            <p class=\"price\">8900 a\u017e 11900,- K\u010d<\/p>\n        <\/div>\n        <div class=\"box\">\n            <svg xmlns=\"http:\/\/www.w3.org\/2000\/svg\" viewBox=\"0 0 256 512\"><path d=\"M24.707 38.101L4.908 57.899c-4.686 4.686-4.686 12.284 0 16.971L185.607 256 4.908 437.13c-4.686 4.686-4.686 12.284 0 16.971L24.707 473.9c4.686 4.686 12.284 4.686 16.971 0l209.414-209.414c4.686-4.686 4.686-12.284 0-16.971L41.678 38.101c-4.687-4.687-12.285-4.687-16.971 0z\"\/><\/svg>\n        <\/div>\n        <div class=\"card-shadow\"><\/div>\n    <\/div>\n\n    <!-- Styly -->\n    <style type=\"text\/css\">\n        #service-block_54d5f8826cc24b82c3e54b368f351049 * {\n            font-family: 'Montserrat';\n        }\n\n        #service-block_54d5f8826cc24b82c3e54b368f351049 {\n            display: block;\n            width: 100%;\n            background: #212121;\n            border: 1px solid rgba(255, 255, 255, .13);\n            color: white;\n            margin: 24px 0;\n        }\n\n        #service-block_54d5f8826cc24b82c3e54b368f351049:hover {\n            text-decoration: none;\n            color: #FBC831;\n        }\n\n        #service-block_54d5f8826cc24b82c3e54b368f351049 .card-base {\n            padding: 24px;\n            display: flex;\n            justify-content: space-between;\n            align-items: center;\n        }\n\n        #service-block_54d5f8826cc24b82c3e54b368f351049 .content {\n            width: calc(100% - 48px - 48px);\n        }\n\n        #service-block_54d5f8826cc24b82c3e54b368f351049 .content h4 {\n            font-size: 16px;\n            font-weight: 500;\n            text-transform: uppercase;\n        }\n\n        #service-block_54d5f8826cc24b82c3e54b368f351049 .content .description {\n            opacity: .55;\n            margin-top: 8px;\n            color: white !important;\n        }\n\n        #service-block_54d5f8826cc24b82c3e54b368f351049 .content .price {\n            color: #FBC831 !important;\n            font-weight: bold;\n            margin: 0;\n            margin-top: 8px;\n        }\n\n        #service-block_54d5f8826cc24b82c3e54b368f351049 .box {\n            width: 48px;\n            height: 48px;\n            display: flex;\n            align-items: center;\n            justify-content: center;\n            background: #FBC831;\n            box-shadow: 0 10px 20px 0 rgba(0, 0, 0, .55);\n        }\n\n        #service-block_54d5f8826cc24b82c3e54b368f351049 .box svg {\n            width: 20px;\n            height: 20px;\n        }\n\n            <\/style>\n<\/a>\n\n\n<figure id=\"video\" class=\"wp-block-video\"><video height=\"1080\" style=\"aspect-ratio: 1920 \/ 1080;\" width=\"1920\" autoplay controls loop muted src=\"https:\/\/rokaworks-backup.200.solutions\/wp-content\/uploads\/2023\/06\/CP.mp4\"><\/video><\/figure>\n","protected":false},"excerpt":{"rendered":"<p>Apple CarPlay pro ka\u017ed\u00e9ho!<\/p>\n","protected":false},"author":1,"featured_media":0,"parent":304,"menu_order":0,"comment_status":"closed","ping_status":"closed","template":"","meta":{"inline_featured_image":false,"footnotes":"","_links_to":"","_links_to_target":""},"class_list":["post-303","page","type-page","status-publish","hentry"],"acf":[],"_links":{"self":[{"href":"https:\/\/rokaworks-backup.200.solutions\/index.php?rest_route=\/wp\/v2\/pages\/303","targetHints":{"allow":["GET"]}}],"collection":[{"href":"https:\/\/rokaworks-backup.200.solutions\/index.php?rest_route=\/wp\/v2\/pages"}],"about":[{"href":"https:\/\/rokaworks-backup.200.solutions\/index.php?rest_route=\/wp\/v2\/types\/page"}],"author":[{"embeddable":true,"href":"https:\/\/rokaworks-backup.200.solutions\/index.php?rest_route=\/wp\/v2\/users\/1"}],"replies":[{"embeddable":true,"href":"https:\/\/rokaworks-backup.200.solutions\/index.php?rest_route=%2Fwp%2Fv2%2Fcomments&post=303"}],"version-history":[{"count":55,"href":"https:\/\/rokaworks-backup.200.solutions\/index.php?rest_route=\/wp\/v2\/pages\/303\/revisions"}],"predecessor-version":[{"id":519,"href":"https:\/\/rokaworks-backup.200.solutions\/index.php?rest_route=\/wp\/v2\/pages\/303\/revisions\/519"}],"up":[{"embeddable":true,"href":"https:\/\/rokaworks-backup.200.solutions\/index.php?rest_route=\/wp\/v2\/pages\/304"}],"wp:attachment":[{"href":"https:\/\/rokaworks-backup.200.solutions\/index.php?rest_route=%2Fwp%2Fv2%2Fmedia&parent=303"}],"curies":[{"name":"wp","href":"https:\/\/api.w.org\/{rel}","templated":true}]}}