{"id":301,"date":"2023-05-26T16:31:43","date_gmt":"2023-05-26T14:31:43","guid":{"rendered":"https:\/\/rokaworks-backup.200.solutions\/?page_id=301"},"modified":"2024-01-20T16:07:52","modified_gmt":"2024-01-20T15:07:52","slug":"rozsireni-funkci-originalniho-idrive-androidauto","status":"publish","type":"page","link":"https:\/\/rokaworks-backup.200.solutions\/?page_id=301","title":{"rendered":"Roz\u0161\u00ed\u0159en\u00ed funkc\u00ed origin\u00e1ln\u00edho iDrive AndroidAuto"},"content":{"rendered":"\n<p>U n\u00e1s v\u017edy varianta AndroidAuto p\u0159es celou obrazovku. <strong>Proveden\u00ed je dle varianty a ta je dle typu iDrive a verze v\u00fdbavy vozu.<\/strong> Lze nainstalovat podle variant n\u00ed\u017ee, nebo spojit jako sou\u010d\u00e1st syst\u00e9mu Android Obrazovky. V\u00edce informac\u00ed naleznete<strong>&nbsp;<\/strong><a href=\"https:\/\/rokaworks-backup.200.solutions\/idrive-a-navigacni-systemy\/android-obrazovka-android-screen\/\">ZDE<\/a>.<\/p>\n\n\n\n<h2 class=\"wp-block-heading\">Jak AndroidAuto funguje a co to je?<\/h2>\n\n\n\n<p>AndroidAuto&nbsp;je \"aplikace\", kter\u00e1 u\u017e od roku 2015&nbsp;usnad\u0148uje \u017eivot \u0159idi\u010d\u016fm. Umo\u017en\u00ed propojit v\u00e1\u0161 chytr\u00fd telefon s autem a ud\u011blat z velk\u00e9ho displeje na p\u0159\u00edstrojov\u00e9 desce&nbsp;roz\u0161\u00ed\u0159enou pracovn\u00ed plochu. Aplikace, kter\u00e9 AndroidAuto podporuj\u00ed, se p\u0159epnou do zjednodu\u0161en\u00e9ho rozhran\u00ed s velk\u00fdmi tla\u010d\u00edtky a podporou hlasov\u00fdch p\u0159\u00edkaz\u016f, aby bylo mo\u017eno je ovl\u00e1dat p\u0159i \u0159\u00edzen\u00ed.<\/p>\n\n\n\n<p>AndroidAuto nen\u00ed samostatn\u00fd v\u00fdpo\u010detn\u00ed syst\u00e9m co se instaluje do vozu. Syst\u00e9m kter\u00fd pracuje a zobrazuje CarPlay\/AndroidAuto je samotn\u00fd telefon.<br>Obrazovka vozu alternativn\u011b jednotka umo\u017e\u0148uj\u00edc\u00ed vid\u011bt&nbsp;<strong>AndroidAuto<\/strong>&nbsp;na obrazovce vozu&nbsp;<strong>je pouze v\u00fdstupem<\/strong>&nbsp;<strong>rozhran\u00ed z telefonu<\/strong>&nbsp;<strong>ur\u010den\u00e9ho pro vozidla v\u00fdrobcem opera\u010dn\u00edho syst\u00e9mu telefonu<\/strong>&nbsp;a pr\u00e1v\u011b to je rozhran\u00ed AndroidAuto (Android) od Googlu.<\/p>\n\n\n\n<p>My pouze zabudujeme mo\u017enost vid\u011bt na displeji vozidla v\u00fdstup tohoto rozhran\u00ed telefonu.<br>V praxi to nap\u0159. znamen\u00e1, \u017ee aktualizace CarPlay nebo AndroidAuto neprob\u00edh\u00e1 ve vozidle ale v telefonu. Kdy\u017e vyjde nov\u00e1 verze opera\u010dn\u00edho syst\u00e9mu i s opravami nebo dodatky do toho rozhran\u00ed pro vozy, bude ji vys\u00edlat telefon do vozu ani\u017e by se ve vozidle cokoliv zm\u011bnilo, proto\u017ee ta aktualizace toho prob\u011bhla v telefonu.<\/p>\n\n\n\n<h2 class=\"wp-block-heading\">N\u00e1hled jak AndroidAuto vypad\u00e1<\/h2>\n\n\n\n<style id=\"bwg-style-0\">    #bwg_container1_0 #bwg_container2_0 .bwg-container-0.bwg-standard-thumbnails {      width: 1254px;              justify-content: center;        margin:0 auto !important;              background-color: rgba(255, 255, 255, 0.00);            padding-left: 4px;      padding-top: 4px;      max-width: 100%;            }        #bwg_container1_0 #bwg_container2_0 .bwg-container-0.bwg-standard-thumbnails .bwg-item {    justify-content: flex-start;      max-width: 250px;          }    #bwg_container1_0 #bwg_container2_0 .bwg-container-0.bwg-standard-thumbnails .bwg-item a {       margin-right: 4px;       margin-bottom: 4px;    }    #bwg_container1_0 #bwg_container2_0 .bwg-container-0.bwg-standard-thumbnails .bwg-item0 {      padding: 0px;            background-color:rgba(0,0,0, 0.30);      border: 5px none #FFFFFF;      opacity: 1.00;      border-radius: 0;      box-shadow: ;    }    #bwg_container1_0 #bwg_container2_0 .bwg-container-0.bwg-standard-thumbnails .bwg-item1 img {      max-height: none;      max-width: none;      padding: 0 !important;    }         @media only screen and (min-width: 480px) {\t\t#bwg_container1_0 #bwg_container2_0 .bwg-container-0.bwg-standard-thumbnails .bwg-item1 img {\t\t\t-webkit-transition: all .3s; transition: all .3s;\t\t}\t\t#bwg_container1_0 #bwg_container2_0 .bwg-container-0.bwg-standard-thumbnails .bwg-item1 img:hover {\t\t\t-ms-transform: scale(1.08);\t\t\t-webkit-transform: scale(1.08);\t\t\ttransform: scale(1.08);\t\t}\t\t\t\t.bwg-standard-thumbnails .bwg-zoom-effect .bwg-zoom-effect-overlay {\t\t\t\t\t\tbackground-color:rgba(0,0,0, 0.3);\t\t}\t\t.bwg-standard-thumbnails .bwg-zoom-effect:hover img {\t\t\t-ms-transform: scale(1.08);\t\t\t-webkit-transform: scale(1.08);\t\t\ttransform: scale(1.08);\t\t}\t\t      }\t    #bwg_container1_0 #bwg_container2_0 .bwg-container-0.bwg-standard-thumbnails .bwg-item1 {      padding-top: 56%;    }        #bwg_container1_0 #bwg_container2_0 .bwg-container-0.bwg-standard-thumbnails .bwg-title1 {      position: absolute;      top: 0;      z-index: 100;      width: 100%;      height: 100%;      display: flex;      justify-content: center;      align-content: center;      flex-direction: column;      opacity: 0;    }\t      #bwg_container1_0 #bwg_container2_0 .bwg-container-0.bwg-standard-thumbnails .bwg-title2,    #bwg_container1_0 #bwg_container2_0 .bwg-container-0.bwg-standard-thumbnails .bwg-ecommerce2 {      color: #FFFFFF;      font-family: Ubuntu;      font-size: 16px;      font-weight: bold;      padding: 5px;      text-shadow: ;      max-height: 100%;    }    #bwg_container1_0 #bwg_container2_0 .bwg-container-0.bwg-standard-thumbnails .bwg-thumb-description span {    color: #323A45;    font-family: Ubuntu;    font-size: 12px;    max-height: 100%;    word-wrap: break-word;    }    #bwg_container1_0 #bwg_container2_0 .bwg-container-0.bwg-standard-thumbnails .bwg-play-icon2 {      font-size: 32px;    }    #bwg_container1_0 #bwg_container2_0 .bwg-container-0.bwg-standard-thumbnails .bwg-ecommerce2 {      font-size: 19.2px;      color: #323A45;    }    <\/style>    <div id=\"bwg_container1_0\"         class=\"bwg_container bwg_thumbnail bwg_thumbnails \"         data-right-click-protection=\"0\"         data-bwg=\"0\"         data-scroll=\"0\"         data-gallery-type=\"thumbnails\"         data-gallery-view-type=\"thumbnails\"         data-current-url=\"\/index.php?rest_route=%2Fwp%2Fv2%2Fpages%2F301\"         data-lightbox-url=\"https:\/\/rokaworks-backup.200.solutions\/wp-admin\/admin-ajax.php?action=GalleryBox&#038;current_view=0&#038;gallery_id=14&#038;tag=0&#038;theme_id=2&#038;shortcode_id=29&#038;sort_by=order&#038;order_by=asc&#038;current_url=%2Findex.php%3Frest_route%3D%252Fwp%252Fv2%252Fpages%252F301\"         data-gallery-id=\"14\"         data-popup-width=\"800\"         data-popup-height=\"500\"         data-is-album=\"gallery\"         data-buttons-position=\"bottom\">      <div id=\"bwg_container2_0\">             <div id=\"ajax_loading_0\" class=\"bwg_loading_div_1\">      <div class=\"bwg_loading_div_2\">        <div class=\"bwg_loading_div_3\">          <div id=\"loading_div_0\" class=\"bwg_spider_ajax_loading\">          <\/div>        <\/div>      <\/div>    <\/div>            <form id=\"gal_front_form_0\"              class=\"bwg-hidden\"              method=\"post\"              action=\"#\"              data-current=\"0\"              data-shortcode-id=\"29\"              data-gallery-type=\"thumbnails\"              data-gallery-id=\"14\"              data-tag=\"0\"              data-album-id=\"0\"              data-theme-id=\"2\"              data-ajax-url=\"https:\/\/rokaworks-backup.200.solutions\/wp-admin\/admin-ajax.php?action=bwg_frontend_data\">          <div id=\"bwg_container3_0\" class=\"bwg-background bwg-background-0\">                <div data-max-count=\"5\"         data-thumbnail-width=\"250\"         data-bwg=\"0\"         data-gallery-id=\"14\"         data-lightbox-url=\"https:\/\/rokaworks-backup.200.solutions\/wp-admin\/admin-ajax.php?action=GalleryBox&amp;current_view=0&amp;gallery_id=14&amp;tag=0&amp;theme_id=2&amp;shortcode_id=29&amp;sort_by=order&amp;order_by=asc&amp;current_url=%2Findex.php%3Frest_route%3D%252Fwp%252Fv2%252Fpages%252F301\"         id=\"bwg_thumbnails_0\"         class=\"bwg-container-0 bwg-thumbnails bwg-standard-thumbnails bwg-container bwg-border-box\">            <div class=\"bwg-item\">        <a class=\"bwg-a  bwg_lightbox\"  data-image-id=\"67\" href=\"https:\/\/rokaworks-backup.200.solutions\/wp-content\/uploads\/photo-gallery\/imported_from_media_libray\/AA-1-.png?bwg=1687725765\" data-elementor-open-lightbox=\"no\">                <div class=\"bwg-item0 \">          <div class=\"bwg-item1 bwg-zoom-effect\">            <div class=\"bwg-item2\">              <img decoding=\"async\" class=\"skip-lazy bwg_standart_thumb_img_0 \"                   data-id=\"67\"                   data-width=\"500.00\"                   data-height=\"268.00\"                   data-src=\"https:\/\/rokaworks-backup.200.solutions\/wp-content\/uploads\/photo-gallery\/imported_from_media_libray\/thumb\/AA-1-.png?bwg=1687725765\"                   src=\"https:\/\/rokaworks-backup.200.solutions\/wp-content\/uploads\/photo-gallery\/imported_from_media_libray\/thumb\/AA-1-.png?bwg=1687725765\"                   alt=\"\"                   title=\"\" \/>            <\/div>            <div class=\"bwg-zoom-effect-overlay\">              <div class=\"bwg-title1\"><div class=\"bwg-title2\">&nbsp;<\/div><\/div>                                        <\/div>          <\/div>        <\/div>                        <\/a>              <\/div>            <div class=\"bwg-item\">        <a class=\"bwg-a  bwg_lightbox\"  data-image-id=\"68\" href=\"https:\/\/rokaworks-backup.200.solutions\/wp-content\/uploads\/photo-gallery\/imported_from_media_libray\/Screenshot_4.png?bwg=1687725765\" data-elementor-open-lightbox=\"no\">                <div class=\"bwg-item0 \">          <div class=\"bwg-item1 bwg-zoom-effect\">            <div class=\"bwg-item2\">              <img decoding=\"async\" class=\"skip-lazy bwg_standart_thumb_img_0 \"                   data-id=\"68\"                   data-width=\"500.00\"                   data-height=\"228.00\"                   data-src=\"https:\/\/rokaworks-backup.200.solutions\/wp-content\/uploads\/photo-gallery\/imported_from_media_libray\/thumb\/Screenshot_4.png?bwg=1687725765\"                   src=\"https:\/\/rokaworks-backup.200.solutions\/wp-content\/uploads\/photo-gallery\/imported_from_media_libray\/thumb\/Screenshot_4.png?bwg=1687725765\"                   alt=\"\"                   title=\"\" \/>            <\/div>            <div class=\"bwg-zoom-effect-overlay\">              <div class=\"bwg-title1\"><div class=\"bwg-title2\">&nbsp;<\/div><\/div>                                        <\/div>          <\/div>        <\/div>                        <\/a>              <\/div>            <div class=\"bwg-item\">        <a class=\"bwg-a  bwg_lightbox\"  data-image-id=\"66\" href=\"https:\/\/rokaworks-backup.200.solutions\/wp-content\/uploads\/photo-gallery\/imported_from_media_libray\/Screenshot_5.png?bwg=1687725765\" data-elementor-open-lightbox=\"no\">                <div class=\"bwg-item0 \">          <div class=\"bwg-item1 bwg-zoom-effect\">            <div class=\"bwg-item2\">              <img decoding=\"async\" class=\"skip-lazy bwg_standart_thumb_img_0 \"                   data-id=\"66\"                   data-width=\"500.00\"                   data-height=\"217.00\"                   data-src=\"https:\/\/rokaworks-backup.200.solutions\/wp-content\/uploads\/photo-gallery\/imported_from_media_libray\/thumb\/Screenshot_5.png?bwg=1687725765\"                   src=\"https:\/\/rokaworks-backup.200.solutions\/wp-content\/uploads\/photo-gallery\/imported_from_media_libray\/thumb\/Screenshot_5.png?bwg=1687725765\"                   alt=\"\"                   title=\"\" \/>            <\/div>            <div class=\"bwg-zoom-effect-overlay\">              <div class=\"bwg-title1\"><div class=\"bwg-title2\">&nbsp;<\/div><\/div>                                        <\/div>          <\/div>        <\/div>                        <\/a>              <\/div>          <\/div>    <style>      \/*pagination styles*\/      #bwg_container1_0 #bwg_container2_0 .tablenav-pages_0 {\t\t\t\ttext-align: center;\t\t\t\tfont-size: 12px;\t\t\t\tfont-family: Ubuntu;\t\t\t\tfont-weight: bold;\t\t\t\tcolor: #666666;\t\t\t\tmargin: 6px 0 4px;\t\t\t\tdisplay: block;      }      @media only screen and (max-width : 320px) {      #bwg_container1_0 #bwg_container2_0 .displaying-num_0 {     \t display: none;      }      }      #bwg_container1_0 #bwg_container2_0 .displaying-num_0 {\t\t\t\tfont-size: 12px;\t\t\t\tfont-family: Ubuntu;\t\t\t\tfont-weight: bold;\t\t\t\tcolor: #666666;\t\t\t\tmargin-right: 10px;\t\t\t\tvertical-align: middle;      }      #bwg_container1_0 #bwg_container2_0 .paging-input_0 {\t\t\t\tfont-size: 12px;\t\t\t\tfont-family: Ubuntu;\t\t\t\tfont-weight: bold;\t\t\t\tcolor: #666666;\t\t\t\tvertical-align: middle;      }      #bwg_container1_0 #bwg_container2_0 .tablenav-pages_0 a.disabled,      #bwg_container1_0 #bwg_container2_0 .tablenav-pages_0 a.disabled:hover,      #bwg_container1_0 #bwg_container2_0 .tablenav-pages_0 a.disabled:focus,\t\t\t#bwg_container1_0 #bwg_container2_0 .tablenav-pages_0 input.bwg_current_page {\t\t\t\tcursor: default;\t\t\t\tcolor: rgba(102, 102, 102, 0.5);      }      #bwg_container1_0 #bwg_container2_0 .tablenav-pages_0 a,      #bwg_container1_0 #bwg_container2_0 .tablenav-pages_0 input.bwg_current_page {\t\t\t\tcursor: pointer;\t\t\t\ttext-align: center;\t\t\t\tfont-size: 12px;\t\t\t\tfont-family: Ubuntu;\t\t\t\tfont-weight: bold;\t\t\t\tcolor: #666666;\t\t\t\ttext-decoration: none;\t\t\t\tpadding: 3px 6px;\t\t\t\tmargin: 0;\t\t\t\tborder-radius: 0;\t\t\t\tborder-style: none;\t\t\t\tborder-width: 1px;\t\t\t\tborder-color: #E3E3E3;\t\t\t\t\t\t\t\tbackground-color: rgba(252, 252, 252, 1.00);\t\t\t\tbox-shadow: 0;\t\t\t\ttransition: all 0.3s ease 0s;-webkit-transition: all 0.3s ease 0s;      }      <\/style>      <span class=\"bwg_nav_cont_0\">              <div class=\"tablenav-pages_0\">                  <\/div>                <input type=\"hidden\" id=\"page_number_0\" name=\"page_number_0\" value=\"1\" \/>      <script type=\"text\/javascript\">        if( jQuery('.bwg_nav_cont_0').length > 1 ) {          jQuery('.bwg_nav_cont_0').first().remove()        }        function spider_page_0(cur, x, y, load_more) {          if (typeof load_more == \"undefined\") {            var load_more = false;          }          if (jQuery(cur).hasClass('disabled')) {            return false;          }          var items_county_0 = 1;          switch (y) {            case 1:              if (x >= items_county_0) {                document.getElementById('page_number_0').value = items_county_0;              }              else {                document.getElementById('page_number_0').value = x + 1;              }              break;            case 2:              document.getElementById('page_number_0').value = items_county_0;              break;            case -1:              if (x == 1) {                document.getElementById('page_number_0').value = 1;              }              else {                document.getElementById('page_number_0').value = x - 1;              }              break;            case -2:              document.getElementById('page_number_0').value = 1;              break;\t\t\t\t\t\tcase 0:              document.getElementById('page_number_0').value = x;              break;            default:              document.getElementById('page_number_0').value = 1;          }          bwg_ajax('gal_front_form_0', '0', 'bwg_thumbnails_0', '0', '', 'gallery', 0, '', '', load_more, '', 1);        }                    jQuery('.first-page-0').on('click', function () {              spider_page_0(this, 1, -2, 'numeric');              return false;            });            jQuery('.prev-page-0').on('click', function () {              spider_page_0(this, 1, -1, 'numeric');              return false;            });            jQuery('.next-page-0').on('click', function () {              spider_page_0(this, 1, 1, 'numeric');              return false;            });            jQuery('.last-page-0').on('click', function () {              spider_page_0(this, 1, 2, 'numeric');              return false;            });        \t\t\t\t\/* Change page on input enter. *\/        function bwg_change_page_0( e, that ) {          if (  e.key == 'Enter' ) {            var to_page = parseInt(jQuery(that).val());            var pages_count = jQuery(that).parents(\".pagination-links\").data(\"pages-count\");            var current_url_param = jQuery(that).attr('data-url-info');            if (to_page > pages_count) {              to_page = 1;            }\t \t\t\t\t\t\t\t\t\t\t\t\tspider_page_0(this, to_page, 0, 'numeric');\t\t\t\t\t\t\treturn false;\t\t\t\t\t\t          }          return true;        }        jQuery('.bwg_load_btn_0').on('click', function () {            spider_page_0(this, 1, 1, true);            return false;        });      <\/script>      <\/span>                <\/div>        <\/form>        <style>          #bwg_container1_0 #bwg_container2_0 #spider_popup_overlay_0 {          background-color: #000000;          opacity: 0.70;          }          <\/style>        <div id=\"bwg_spider_popup_loading_0\" class=\"bwg_spider_popup_loading\"><\/div>        <div id=\"spider_popup_overlay_0\" class=\"spider_popup_overlay\" onclick=\"spider_destroypopup(1000)\"><\/div>        <input type=\"hidden\" id=\"bwg_random_seed_0\" value=\"916528803\">                <\/div>    <\/div>    <script>      if (document.readyState === 'complete') {        if( typeof bwg_main_ready == 'function' ) {          if ( jQuery(\"#bwg_container1_0\").height() ) {            bwg_main_ready(jQuery(\"#bwg_container1_0\"));          }        }      } else {        document.addEventListener('DOMContentLoaded', function() {          if( typeof bwg_main_ready == 'function' ) {            if ( jQuery(\"#bwg_container1_0\").height() ) {             bwg_main_ready(jQuery(\"#bwg_container1_0\"));            }          }        });      }    <\/script>    \n\n\n\n<h2 class=\"wp-block-heading\">Zp\u016fsoby, jak AndoidAuto do vozu implementovat<\/h2>\n\n\n\n<h3 class=\"wp-block-heading\"><strong>Varianta 1<\/strong>.<\/h3>\n\n\n<a href=\"https:\/\/rokaworks-backup.200.solutions\/?service=softwarove-programovani-androidauto\" id=\"service-block_4fc7794651afe13d63741adfb7863b7f\" class=\"service card-wrapper\">\n    <div class=\"card blurred-background card-base\">\n        <div class=\"content\">\n            <h4>Softwarov\u00e9 programov\u00e1n\u00ed AndroidAuto<\/h4>\n            <p class=\"description\">Vozy obsahuj\u00edc\u00ed:\u00a0iDrive verze ID7 (MGU), v\u011bt\u0161inou\u00a0od 09.2018.<\/p>\n            <p class=\"price\">7700 a\u017e 9700,- K\u010d<\/p>\n        <\/div>\n        <div class=\"box\">\n            <svg xmlns=\"http:\/\/www.w3.org\/2000\/svg\" viewBox=\"0 0 256 512\"><path d=\"M24.707 38.101L4.908 57.899c-4.686 4.686-4.686 12.284 0 16.971L185.607 256 4.908 437.13c-4.686 4.686-4.686 12.284 0 16.971L24.707 473.9c4.686 4.686 12.284 4.686 16.971 0l209.414-209.414c4.686-4.686 4.686-12.284 0-16.971L41.678 38.101c-4.687-4.687-12.285-4.687-16.971 0z\"\/><\/svg>\n        <\/div>\n        <div class=\"card-shadow\"><\/div>\n    <\/div>\n\n    <!-- Styly -->\n    <style type=\"text\/css\">\n        #service-block_4fc7794651afe13d63741adfb7863b7f * {\n            font-family: 'Montserrat';\n        }\n\n        #service-block_4fc7794651afe13d63741adfb7863b7f {\n            display: block;\n            width: 100%;\n            background: #212121;\n            border: 1px solid rgba(255, 255, 255, .13);\n            color: white;\n            margin: 24px 0;\n        }\n\n        #service-block_4fc7794651afe13d63741adfb7863b7f:hover {\n            text-decoration: none;\n            color: #FBC831;\n        }\n\n        #service-block_4fc7794651afe13d63741adfb7863b7f .card-base {\n            padding: 24px;\n            display: flex;\n            justify-content: space-between;\n            align-items: center;\n        }\n\n        #service-block_4fc7794651afe13d63741adfb7863b7f .content {\n            width: calc(100% - 48px - 48px);\n        }\n\n        #service-block_4fc7794651afe13d63741adfb7863b7f .content h4 {\n            font-size: 16px;\n            font-weight: 500;\n            text-transform: uppercase;\n        }\n\n        #service-block_4fc7794651afe13d63741adfb7863b7f .content .description {\n            opacity: .55;\n            margin-top: 8px;\n            color: white !important;\n        }\n\n        #service-block_4fc7794651afe13d63741adfb7863b7f .content .price {\n            color: #FBC831 !important;\n            font-weight: bold;\n            margin: 0;\n            margin-top: 8px;\n        }\n\n        #service-block_4fc7794651afe13d63741adfb7863b7f .box {\n            width: 48px;\n            height: 48px;\n            display: flex;\n            align-items: center;\n            justify-content: center;\n            background: #FBC831;\n            box-shadow: 0 10px 20px 0 rgba(0, 0, 0, .55);\n        }\n\n        #service-block_4fc7794651afe13d63741adfb7863b7f .box svg {\n            width: 20px;\n            height: 20px;\n        }\n\n            <\/style>\n<\/a>\n\n\n<h3 class=\"wp-block-heading\"><strong>Varianta <\/strong>2.<\/h3>\n\n\n<a href=\"https:\/\/rokaworks-backup.200.solutions\/?service=zabudovani-jednotky-androidauto\" id=\"service-block_75a989dce08fc4998849465ba707b785\" class=\"service card-wrapper\">\n    <div class=\"card blurred-background card-base\">\n        <div class=\"content\">\n            <h4>Zabudov\u00e1n\u00ed jednotky AndroidAuto<\/h4>\n            <p class=\"description\">Jak\u00fdkoliv iDrive star\u0161\u00ed p\u0159ed 09.2018 (star\u0161\u00ed ne\u017e typ iDrive ID7 (MGU) nebo pro vozy s men\u0161\u00ed obrazovkou<\/p>\n            <p class=\"price\">1090 a\u017e 11900,- K\u010d<\/p>\n        <\/div>\n        <div class=\"box\">\n            <svg xmlns=\"http:\/\/www.w3.org\/2000\/svg\" viewBox=\"0 0 256 512\"><path d=\"M24.707 38.101L4.908 57.899c-4.686 4.686-4.686 12.284 0 16.971L185.607 256 4.908 437.13c-4.686 4.686-4.686 12.284 0 16.971L24.707 473.9c4.686 4.686 12.284 4.686 16.971 0l209.414-209.414c4.686-4.686 4.686-12.284 0-16.971L41.678 38.101c-4.687-4.687-12.285-4.687-16.971 0z\"\/><\/svg>\n        <\/div>\n        <div class=\"card-shadow\"><\/div>\n    <\/div>\n\n    <!-- Styly -->\n    <style type=\"text\/css\">\n        #service-block_75a989dce08fc4998849465ba707b785 * {\n            font-family: 'Montserrat';\n        }\n\n        #service-block_75a989dce08fc4998849465ba707b785 {\n            display: block;\n            width: 100%;\n            background: #212121;\n            border: 1px solid rgba(255, 255, 255, .13);\n            color: white;\n            margin: 24px 0;\n        }\n\n        #service-block_75a989dce08fc4998849465ba707b785:hover {\n            text-decoration: none;\n            color: #FBC831;\n        }\n\n        #service-block_75a989dce08fc4998849465ba707b785 .card-base {\n            padding: 24px;\n            display: flex;\n            justify-content: space-between;\n            align-items: center;\n        }\n\n        #service-block_75a989dce08fc4998849465ba707b785 .content {\n            width: calc(100% - 48px - 48px);\n        }\n\n        #service-block_75a989dce08fc4998849465ba707b785 .content h4 {\n            font-size: 16px;\n            font-weight: 500;\n            text-transform: uppercase;\n        }\n\n        #service-block_75a989dce08fc4998849465ba707b785 .content .description {\n            opacity: .55;\n            margin-top: 8px;\n            color: white !important;\n        }\n\n        #service-block_75a989dce08fc4998849465ba707b785 .content .price {\n            color: #FBC831 !important;\n            font-weight: bold;\n            margin: 0;\n            margin-top: 8px;\n        }\n\n        #service-block_75a989dce08fc4998849465ba707b785 .box {\n            width: 48px;\n            height: 48px;\n            display: flex;\n            align-items: center;\n            justify-content: center;\n            background: #FBC831;\n            box-shadow: 0 10px 20px 0 rgba(0, 0, 0, .55);\n        }\n\n        #service-block_75a989dce08fc4998849465ba707b785 .box svg {\n            width: 20px;\n            height: 20px;\n        }\n\n            <\/style>\n<\/a>","protected":false},"excerpt":{"rendered":"<p>Android Auto pro ka\u017ed\u00e9ho!<\/p>\n","protected":false},"author":1,"featured_media":0,"parent":304,"menu_order":0,"comment_status":"closed","ping_status":"closed","template":"","meta":{"inline_featured_image":false,"footnotes":"","_links_to":"","_links_to_target":""},"class_list":["post-301","page","type-page","status-publish","hentry"],"acf":[],"_links":{"self":[{"href":"https:\/\/rokaworks-backup.200.solutions\/index.php?rest_route=\/wp\/v2\/pages\/301","targetHints":{"allow":["GET"]}}],"collection":[{"href":"https:\/\/rokaworks-backup.200.solutions\/index.php?rest_route=\/wp\/v2\/pages"}],"about":[{"href":"https:\/\/rokaworks-backup.200.solutions\/index.php?rest_route=\/wp\/v2\/types\/page"}],"author":[{"embeddable":true,"href":"https:\/\/rokaworks-backup.200.solutions\/index.php?rest_route=\/wp\/v2\/users\/1"}],"replies":[{"embeddable":true,"href":"https:\/\/rokaworks-backup.200.solutions\/index.php?rest_route=%2Fwp%2Fv2%2Fcomments&post=301"}],"version-history":[{"count":8,"href":"https:\/\/rokaworks-backup.200.solutions\/index.php?rest_route=\/wp\/v2\/pages\/301\/revisions"}],"predecessor-version":[{"id":508,"href":"https:\/\/rokaworks-backup.200.solutions\/index.php?rest_route=\/wp\/v2\/pages\/301\/revisions\/508"}],"up":[{"embeddable":true,"href":"https:\/\/rokaworks-backup.200.solutions\/index.php?rest_route=\/wp\/v2\/pages\/304"}],"wp:attachment":[{"href":"https:\/\/rokaworks-backup.200.solutions\/index.php?rest_route=%2Fwp%2Fv2%2Fmedia&parent=301"}],"curies":[{"name":"wp","href":"https:\/\/api.w.org\/{rel}","templated":true}]}}