{"id":298,"date":"2023-05-26T16:32:50","date_gmt":"2023-05-26T14:32:50","guid":{"rendered":"https:\/\/rokaworks-backup.200.solutions\/?page_id=298"},"modified":"2024-01-21T15:01:38","modified_gmt":"2024-01-21T14:01:38","slug":"budiky-e38-e39-x5-e53-a-podobne","status":"publish","type":"page","link":"https:\/\/rokaworks-backup.200.solutions\/?page_id=298","title":{"rendered":"Bud\u00edky \u0159ad E39 \/ E38 \/ E46 \/ E53"},"content":{"rendered":"\n<style id=\"bwg-style-0\">    #bwg_container1_0 #bwg_container2_0 .bwg-container-0.bwg-standard-thumbnails {      width: 1254px;              justify-content: center;        margin:0 auto !important;              background-color: rgba(255, 255, 255, 0.00);            padding-left: 4px;      padding-top: 4px;      max-width: 100%;            }        #bwg_container1_0 #bwg_container2_0 .bwg-container-0.bwg-standard-thumbnails .bwg-item {    justify-content: flex-start;      max-width: 250px;          }    #bwg_container1_0 #bwg_container2_0 .bwg-container-0.bwg-standard-thumbnails .bwg-item a {       margin-right: 4px;       margin-bottom: 4px;    }    #bwg_container1_0 #bwg_container2_0 .bwg-container-0.bwg-standard-thumbnails .bwg-item0 {      padding: 0px;            background-color:rgba(0,0,0, 0.30);      border: 5px none #FFFFFF;      opacity: 1.00;      border-radius: 0;      box-shadow: ;    }    #bwg_container1_0 #bwg_container2_0 .bwg-container-0.bwg-standard-thumbnails .bwg-item1 img {      max-height: none;      max-width: none;      padding: 0 !important;    }         @media only screen and (min-width: 480px) {\t\t#bwg_container1_0 #bwg_container2_0 .bwg-container-0.bwg-standard-thumbnails .bwg-item1 img {\t\t\t-webkit-transition: all .3s; transition: all .3s;\t\t}\t\t#bwg_container1_0 #bwg_container2_0 .bwg-container-0.bwg-standard-thumbnails .bwg-item1 img:hover {\t\t\t-ms-transform: scale(1.08);\t\t\t-webkit-transform: scale(1.08);\t\t\ttransform: scale(1.08);\t\t}\t\t\t\t.bwg-standard-thumbnails .bwg-zoom-effect .bwg-zoom-effect-overlay {\t\t\t\t\t\tbackground-color:rgba(0,0,0, 0.3);\t\t}\t\t.bwg-standard-thumbnails .bwg-zoom-effect:hover img {\t\t\t-ms-transform: scale(1.08);\t\t\t-webkit-transform: scale(1.08);\t\t\ttransform: scale(1.08);\t\t}\t\t      }\t    #bwg_container1_0 #bwg_container2_0 .bwg-container-0.bwg-standard-thumbnails .bwg-item1 {      padding-top: 56%;    }        #bwg_container1_0 #bwg_container2_0 .bwg-container-0.bwg-standard-thumbnails .bwg-title1 {      position: absolute;      top: 0;      z-index: 100;      width: 100%;      height: 100%;      display: flex;      justify-content: center;      align-content: center;      flex-direction: column;      opacity: 0;    }\t      #bwg_container1_0 #bwg_container2_0 .bwg-container-0.bwg-standard-thumbnails .bwg-title2,    #bwg_container1_0 #bwg_container2_0 .bwg-container-0.bwg-standard-thumbnails .bwg-ecommerce2 {      color: #FFFFFF;      font-family: Ubuntu;      font-size: 16px;      font-weight: bold;      padding: 5px;      text-shadow: ;      max-height: 100%;    }    #bwg_container1_0 #bwg_container2_0 .bwg-container-0.bwg-standard-thumbnails .bwg-thumb-description span {    color: #323A45;    font-family: Ubuntu;    font-size: 12px;    max-height: 100%;    word-wrap: break-word;    }    #bwg_container1_0 #bwg_container2_0 .bwg-container-0.bwg-standard-thumbnails .bwg-play-icon2 {      font-size: 32px;    }    #bwg_container1_0 #bwg_container2_0 .bwg-container-0.bwg-standard-thumbnails .bwg-ecommerce2 {      font-size: 19.2px;      color: #323A45;    }    <\/style>    <div id=\"bwg_container1_0\"         class=\"bwg_container bwg_thumbnail bwg_thumbnails \"         data-right-click-protection=\"0\"         data-bwg=\"0\"         data-scroll=\"0\"         data-gallery-type=\"thumbnails\"         data-gallery-view-type=\"thumbnails\"         data-current-url=\"\/index.php?rest_route=%2Fwp%2Fv2%2Fpages%2F298\"         data-lightbox-url=\"https:\/\/rokaworks-backup.200.solutions\/wp-admin\/admin-ajax.php?action=GalleryBox&#038;current_view=0&#038;gallery_id=20&#038;tag=0&#038;theme_id=2&#038;shortcode_id=42&#038;sort_by=order&#038;order_by=asc&#038;current_url=%2Findex.php%3Frest_route%3D%252Fwp%252Fv2%252Fpages%252F298\"         data-gallery-id=\"20\"         data-popup-width=\"800\"         data-popup-height=\"500\"         data-is-album=\"gallery\"         data-buttons-position=\"bottom\">      <div id=\"bwg_container2_0\">             <div id=\"ajax_loading_0\" class=\"bwg_loading_div_1\">      <div class=\"bwg_loading_div_2\">        <div class=\"bwg_loading_div_3\">          <div id=\"loading_div_0\" class=\"bwg_spider_ajax_loading\">          <\/div>        <\/div>      <\/div>    <\/div>            <form id=\"gal_front_form_0\"              class=\"bwg-hidden\"              method=\"post\"              action=\"#\"              data-current=\"0\"              data-shortcode-id=\"42\"              data-gallery-type=\"thumbnails\"              data-gallery-id=\"20\"              data-tag=\"0\"              data-album-id=\"0\"              data-theme-id=\"2\"              data-ajax-url=\"https:\/\/rokaworks-backup.200.solutions\/wp-admin\/admin-ajax.php?action=bwg_frontend_data\">          <div id=\"bwg_container3_0\" class=\"bwg-background bwg-background-0\">                <div data-max-count=\"5\"         data-thumbnail-width=\"250\"         data-bwg=\"0\"         data-gallery-id=\"20\"         data-lightbox-url=\"https:\/\/rokaworks-backup.200.solutions\/wp-admin\/admin-ajax.php?action=GalleryBox&amp;current_view=0&amp;gallery_id=20&amp;tag=0&amp;theme_id=2&amp;shortcode_id=42&amp;sort_by=order&amp;order_by=asc&amp;current_url=%2Findex.php%3Frest_route%3D%252Fwp%252Fv2%252Fpages%252F298\"         id=\"bwg_thumbnails_0\"         class=\"bwg-container-0 bwg-thumbnails bwg-standard-thumbnails bwg-container bwg-border-box\">            <div class=\"bwg-item\">        <a class=\"bwg-a  bwg_lightbox\"  data-image-id=\"94\" href=\"https:\/\/rokaworks-backup.200.solutions\/wp-content\/uploads\/photo-gallery\/imported_from_media_libray\/E39.jpg?bwg=1687727724\" data-elementor-open-lightbox=\"no\">                <div class=\"bwg-item0 \">          <div class=\"bwg-item1 bwg-zoom-effect\">            <div class=\"bwg-item2\">              <img decoding=\"async\" class=\"skip-lazy bwg_standart_thumb_img_0 \"                   data-id=\"94\"                   data-width=\"500.00\"                   data-height=\"233.00\"                   data-src=\"https:\/\/rokaworks-backup.200.solutions\/wp-content\/uploads\/photo-gallery\/imported_from_media_libray\/thumb\/E39.jpg?bwg=1687727724\"                   src=\"https:\/\/rokaworks-backup.200.solutions\/wp-content\/uploads\/photo-gallery\/imported_from_media_libray\/thumb\/E39.jpg?bwg=1687727724\"                   alt=\"\"                   title=\"\" \/>            <\/div>            <div class=\"bwg-zoom-effect-overlay\">              <div class=\"bwg-title1\"><div class=\"bwg-title2\">&nbsp;<\/div><\/div>                                        <\/div>          <\/div>        <\/div>                        <\/a>              <\/div>          <\/div>    <style>      \/*pagination styles*\/      #bwg_container1_0 #bwg_container2_0 .tablenav-pages_0 {\t\t\t\ttext-align: center;\t\t\t\tfont-size: 12px;\t\t\t\tfont-family: Ubuntu;\t\t\t\tfont-weight: bold;\t\t\t\tcolor: #666666;\t\t\t\tmargin: 6px 0 4px;\t\t\t\tdisplay: block;      }      @media only screen and (max-width : 320px) {      #bwg_container1_0 #bwg_container2_0 .displaying-num_0 {     \t display: none;      }      }      #bwg_container1_0 #bwg_container2_0 .displaying-num_0 {\t\t\t\tfont-size: 12px;\t\t\t\tfont-family: Ubuntu;\t\t\t\tfont-weight: bold;\t\t\t\tcolor: #666666;\t\t\t\tmargin-right: 10px;\t\t\t\tvertical-align: middle;      }      #bwg_container1_0 #bwg_container2_0 .paging-input_0 {\t\t\t\tfont-size: 12px;\t\t\t\tfont-family: Ubuntu;\t\t\t\tfont-weight: bold;\t\t\t\tcolor: #666666;\t\t\t\tvertical-align: middle;      }      #bwg_container1_0 #bwg_container2_0 .tablenav-pages_0 a.disabled,      #bwg_container1_0 #bwg_container2_0 .tablenav-pages_0 a.disabled:hover,      #bwg_container1_0 #bwg_container2_0 .tablenav-pages_0 a.disabled:focus,\t\t\t#bwg_container1_0 #bwg_container2_0 .tablenav-pages_0 input.bwg_current_page {\t\t\t\tcursor: default;\t\t\t\tcolor: rgba(102, 102, 102, 0.5);      }      #bwg_container1_0 #bwg_container2_0 .tablenav-pages_0 a,      #bwg_container1_0 #bwg_container2_0 .tablenav-pages_0 input.bwg_current_page {\t\t\t\tcursor: pointer;\t\t\t\ttext-align: center;\t\t\t\tfont-size: 12px;\t\t\t\tfont-family: Ubuntu;\t\t\t\tfont-weight: bold;\t\t\t\tcolor: #666666;\t\t\t\ttext-decoration: none;\t\t\t\tpadding: 3px 6px;\t\t\t\tmargin: 0;\t\t\t\tborder-radius: 0;\t\t\t\tborder-style: none;\t\t\t\tborder-width: 1px;\t\t\t\tborder-color: #E3E3E3;\t\t\t\t\t\t\t\tbackground-color: rgba(252, 252, 252, 1.00);\t\t\t\tbox-shadow: 0;\t\t\t\ttransition: all 0.3s ease 0s;-webkit-transition: all 0.3s ease 0s;      }      <\/style>      <span class=\"bwg_nav_cont_0\">              <div class=\"tablenav-pages_0\">                  <\/div>                <input type=\"hidden\" id=\"page_number_0\" name=\"page_number_0\" value=\"1\" \/>      <script type=\"text\/javascript\">        if( jQuery('.bwg_nav_cont_0').length > 1 ) {          jQuery('.bwg_nav_cont_0').first().remove()        }        function spider_page_0(cur, x, y, load_more) {          if (typeof load_more == \"undefined\") {            var load_more = false;          }          if (jQuery(cur).hasClass('disabled')) {            return false;          }          var items_county_0 = 1;          switch (y) {            case 1:              if (x >= items_county_0) {                document.getElementById('page_number_0').value = items_county_0;              }              else {                document.getElementById('page_number_0').value = x + 1;              }              break;            case 2:              document.getElementById('page_number_0').value = items_county_0;              break;            case -1:              if (x == 1) {                document.getElementById('page_number_0').value = 1;              }              else {                document.getElementById('page_number_0').value = x - 1;              }              break;            case -2:              document.getElementById('page_number_0').value = 1;              break;\t\t\t\t\t\tcase 0:              document.getElementById('page_number_0').value = x;              break;            default:              document.getElementById('page_number_0').value = 1;          }          bwg_ajax('gal_front_form_0', '0', 'bwg_thumbnails_0', '0', '', 'gallery', 0, '', '', load_more, '', 1);        }                    jQuery('.first-page-0').on('click', function () {              spider_page_0(this, 1, -2, 'numeric');              return false;            });            jQuery('.prev-page-0').on('click', function () {              spider_page_0(this, 1, -1, 'numeric');              return false;            });            jQuery('.next-page-0').on('click', function () {              spider_page_0(this, 1, 1, 'numeric');              return false;            });            jQuery('.last-page-0').on('click', function () {              spider_page_0(this, 1, 2, 'numeric');              return false;            });        \t\t\t\t\/* Change page on input enter. *\/        function bwg_change_page_0( e, that ) {          if (  e.key == 'Enter' ) {            var to_page = parseInt(jQuery(that).val());            var pages_count = jQuery(that).parents(\".pagination-links\").data(\"pages-count\");            var current_url_param = jQuery(that).attr('data-url-info');            if (to_page > pages_count) {              to_page = 1;            }\t \t\t\t\t\t\t\t\t\t\t\t\tspider_page_0(this, to_page, 0, 'numeric');\t\t\t\t\t\t\treturn false;\t\t\t\t\t\t          }          return true;        }        jQuery('.bwg_load_btn_0').on('click', function () {            spider_page_0(this, 1, 1, true);            return false;        });      <\/script>      <\/span>                <\/div>        <\/form>        <style>          #bwg_container1_0 #bwg_container2_0 #spider_popup_overlay_0 {          background-color: #000000;          opacity: 0.70;          }          <\/style>        <div id=\"bwg_spider_popup_loading_0\" class=\"bwg_spider_popup_loading\"><\/div>        <div id=\"spider_popup_overlay_0\" class=\"spider_popup_overlay\" onclick=\"spider_destroypopup(1000)\"><\/div>        <input type=\"hidden\" id=\"bwg_random_seed_0\" value=\"880330624\">                <\/div>    <\/div>    <script>      if (document.readyState === 'complete') {        if( typeof bwg_main_ready == 'function' ) {          if ( jQuery(\"#bwg_container1_0\").height() ) {            bwg_main_ready(jQuery(\"#bwg_container1_0\"));          }        }      } else {        document.addEventListener('DOMContentLoaded', function() {          if( typeof bwg_main_ready == 'function' ) {            if ( jQuery(\"#bwg_container1_0\").height() ) {             bwg_main_ready(jQuery(\"#bwg_container1_0\"));            }          }        });      }    <\/script>    \n\n\n\n<p><strong>VYM\u011aNIT bud\u00edky nebo OPRAVIT? To jste na spr\u00e1vn\u00e9m m\u00edst\u011b!<\/strong><\/p>\n\n\n\n<p><strong>Ve\u0161ker\u00e9 opravy t\u011bchto tip\u016f bud\u00edk\u016f prob\u00edhaj\u00ed v kooperaci s renomovan\u00fdm\u00a0kolegou <\/strong><br><strong>Martinem Sokolem - Falkon (Falcon light), kter\u00fd je\u00a0sou\u010d\u00e1st\u00ed teamu RokaWorks.<br>Dlouholet\u00e9 zku\u0161enosti, precizn\u00ed opravy a z\u00e1ruka!<\/strong><\/p>\n\n\n\n<p>___________________________________________<\/p>\n\n\n\n<h2 class=\"wp-block-heading\"><strong>V\u00fdm\u011bny bud\u00edk\u016f:<\/strong><\/h2>\n\n\n\n<p>V p\u0159\u00edpad\u011b v\u00fdm\u011bny:<br>Aby bud\u00edky d\u011blali co maj\u00ed, ukazovali spr\u00e1vn\u00e9 hodnoty a v\u00fdstrahy skute\u010dn\u011b toho co vozidlo m\u00e1 dle v\u00fdbavy a sestaven\u00ed z v\u00fdroby, je pot\u0159eba je nak\u00f3dovat. <br>Mus\u00ed b\u00fdt zvoleny spr\u00e1vn\u00ed bud\u00edky pro implementaci do st\u00e1vaj\u00edc\u00edho vozu!<br>-> Aby \u0161li nak\u00f3dovat, mus\u00ed sed\u011bt VIN. <br>--> Aby sed\u011blo VIN (a KM n\u00e1jezd), mus\u00ed se ve valn\u00e9 v\u011bt\u0161in\u011b p\u0159epsat obsah EEPROM pam\u011bti mimo bud\u00edky odp\u00e1jen\u00edm z desky, kter\u00e1 se skr\u00fdv\u00e1 pod cifern\u00edky a ru\u010di\u010dkami. Tedy je nutn\u00e9 rozebr\u00e1n\u00ed a slo\u017een\u00ed bud\u00edk\u016f odbornou osobou, aby nedo\u0161lo k po\u0161kozen\u00ed \u010di odchylce ukazatel\u016f (ru\u010di\u010dek).<\/p>\n\n\n\n<p>POZOR\u00a0- Ne v\u017edy je pot\u0159eba bud\u00edky m\u011bnit, pokud jsou vadn\u00e9. V\u011bt\u0161ina se d\u00e1 opravit a to je lep\u0161\u00ed a m\u011bn\u011b n\u00e1kladn\u011bj\u0161\u00ed! <\/p>\n\n\n\n<p><strong>D\u016fle\u017eit\u00e1 informace - pros\u00edm, poskytn\u011bte v\u017edy posledn\u00edch sedm znak\u016f z VIN k\u00f3du a re\u00e1ln\u00fd kilometrov\u00fd n\u00e1jezd! (Pokud si nejste jisti n\u00e1jezdem, pom\u016f\u017eeme zjistit na\u010dten\u00edm vozdila z jin\u00fdch jednotek)<\/strong><\/p>\n\n\n\n<h2 class=\"wp-block-heading has-medium-font-size\" style=\"font-style:italic;font-weight:400\">Disclaimer:<br><strong>Pro\u010d je d\u016fle\u017eit\u00e9 u t\u011bchto bud\u00edk\u016f p\u0159i v\u00fdm\u011bn\u011b M\u00cdT SPR\u00c1V\u011a SROVNAN\u00dd OBSAH KILOMETR\u016e, VIN K\u00d3DU A OBSAHU PAM\u011aTI v\u010d. k\u00f3dov\u00e1n\u00ed?<\/strong><\/h2>\n\n\n\n<ul class=\"wp-block-list\">\n<li>Bud\u00edky v t\u011bchto \u0159ad\u00e1ch jsou zdrojem z\u00e1kladn\u00edch dat pro vozidlo v\u010d. obnoven\u00ed k\u00f3dov\u00e1n\u00ed do tov\u00e1rniho stavu jin\u00fdch jednotek. Jsou tedy nosi\u010dem \"rodn\u00e9ho listu - nastaven\u00ed a v\u00fdbavy vozidla\". <br>Pokud nen\u00ed spr\u00e1vn\u011b srovn\u00e1no, m\u016f\u017ee se obnovit nastaven\u00ed a chov\u00e1n\u00ed vozidla z kter\u00e9ho byli bud\u00edky vyta\u017eeny - tedy m\u016f\u017ee ukazovat z\u00e1vadu prvku, kter\u00e9 vozidlo ani nem\u00e1, ale m\u011blo vozidlo z kter\u00e9ho jsou bud\u00edky pou\u017eity a tak\u00e9 i naopak nemus\u00ed nyn\u00ed bud\u00edky ukazovat prvek, kter\u00fd p\u0159edchoz\u00ed vozidlo z kter\u00e9ho jsou bud\u00edky nem\u011blo. A aby se toto dalo srovnat k\u00f3dov\u00e1n\u00edm, mus\u00ed sed\u011bt VIN, kter\u00fd ne v\u017edy opravit p\u0159es OBD. Kilometry nejdou dol\u016f sorvnat nikdy p\u0159es OBD z d\u016fvodu ochrany proti st\u00e1\u010den\u00ed. <br>Nap\u0159. z\u00e1vada vzduchov\u00e9ho podvozku, ukazatel teploty v jin\u00e9m rozsahu apod.<\/li>\n\n\n\n<li>Bud\u00edky jsou \"gateway\" pro v\u011bt\u0161inu jednotek. Tzn. jsou ko\u0159enovou k\u0159i\u017eovatkou komunikace mezi jednotkami. Kdy\u017e nejsou data srovn\u00e1na a v po\u0159\u00e1dku, nemus\u00ed v\u0161e fungovat ve vozidle, jak m\u00e1.<br>Kdy\u017e toto nesed\u00ed jak m\u00e1, m\u016f\u017ee d\u0159\u00edve nebo pozd\u011bji rozhodit nastaven\u00ed jednotek vozidla a t\u00edm m\u016f\u017ee vzniknout ne\u017e\u00e1douc\u00ed chov\u00e1n\u00ed. Doch\u00e1z\u00ed k tomu nap\u0159. ztr\u00e1tou nap\u011bt\u00ed, kdy se po obnov\u011b nap\u011bt\u00ed obnovuj\u00ed data podle p\u016fvodn\u00edch dat z jin\u00e9ho vozidla jin\u00e9 v\u00fdbavy a sestaven\u00ed, nebo p\u0159i k\u00f3dov\u00e1n\u00ed jednotky do tov\u00e1rn\u00edho nastaven\u00ed, kdy za tov\u00e1rn\u00ed nastaven\u00ed bude br\u00e1no jin\u00e9 vozidlo o jin\u00e9 v\u00fdbav\u011b a dan\u00e1 jednotka pak bude m\u00edt ne\u017e\u00e1douc\u00ed chov\u00e1n\u00ed<\/li>\n\n\n\n<li>Toto samoz\u0159ejm\u011b zaji\u0161\u0165ujeme p\u0159i jak\u00e9koliv manipulaci aby v\u0161e sed\u011blo jak m\u00e1.<\/li>\n<\/ul>\n\n\n\n<h2 class=\"wp-block-heading\"><strong>Pr\u016fb\u011bh v\u00fdm\u011bny<\/strong><\/h2>\n\n\n\n<ul class=\"wp-block-list\">\n<li>1. Doru\u010d\u00edte p\u0159\u00edstrojovou desku osobn\u011b nebo po\u0161tou na adresu dle dohody. <\/li>\n\n\n\n<li>2. P\u0159\u00edprava bud\u00edk\u016f p\u0159ed implementac\u00ed do vozu.<br>Je pot\u0159eba bud\u00edky rozebrat v\u010detn\u011b demont\u00e1\u017ee ru\u010di\u010dek aby byl p\u0159\u00edstup k hlavn\u00ed pam\u011bti, kter\u00e1 obsahuje VIN a kilometry. Proto\u017ee bud\u00edky maj\u00ed velmi citliv\u00e9 motorky ukazatel\u016f, je t\u00e9m\u011b\u0159 nemo\u017en\u00e9 bez specializovan\u00e9 odbornosti sundat ru\u010di\u010dky bez po\u0161kozen\u00ed.<br>Jsou tedy proveden\u00e9 pot\u0159ebn\u00e9 \u00fapravy pro spr\u00e1vn\u00e9 budouc\u00ed chov\u00e1n\u00ed v\u010d. VIN, KM a pokud je pot\u0159eba, jsou provedeny i n\u011bjak\u00e9 opravy dle dohody se z\u00e1kazn\u00edkem. T\u00e9m\u011b\u0159 ka\u017ed\u00e9 pou\u017eit\u00e9 bud\u00edky maj\u00ed \u0161patn\u00fd stav displeje nebo jin\u00e9 \u010d\u00e1sti podle toho, zda se do nich n\u011bkdo v minulosti neodborn\u011b dost\u00e1val, co\u017e je \u010dast\u00e9.<\/li>\n\n\n\n<li>3. Setk\u00e1n\u00ed kde bud\u00edky aplikujeme do vozidla a nak\u00f3dujeme vhodn\u00e9 nastaven\u00ed podle vozidla \u010d\u00edm se fini\u0161uje v\u0161e.<\/li>\n<\/ul>\n\n\n\n<p><strong>D\u016fle\u017eit\u00e9\u00a0- p\u0159ed pl\u00e1nem v\u00fdm\u011bny se v\u017edy pora\u010fte jak\u00e9 bud\u00edky budete cht\u00edt d\u00e1t, ne\u017e je zakoup\u00edte, a\u0165 se nestane, \u017ee nebudou pln\u011b fungovat jak maj\u00ed!<\/strong><br>P\u0159ibli\u017en\u011b v roce 2000 se p\u0159i produkci vozidel m\u011bnil typ hardwaru pam\u011bt\u00ed bud\u00edk\u016f a zpracov\u00e1v\u00e1n\u00ed dat na \u00fapln\u011b jin\u00fd typ pam\u011bt\u00ed kter\u00fd fungoval jinak. Star\u0161\u00ed bud\u00edky do roku 2000 nemohou b\u00fdt d\u00e1ny do nov\u011bj\u0161\u00edch ro\u010dn\u00edk\u016f. Nov\u011bj\u0161\u00ed typ lze pou\u017e\u00edt i ve star\u0161\u00edch!<\/p>\n\n\n\n<p>Cenov\u00fd rozsah: 2500-5000k\u010d podle n\u00e1ro\u010dnosti<\/p>\n\n\n\n<p>___________________________________________<\/p>\n\n\n\n<h2 class=\"wp-block-heading\"><strong>Oprava st\u00e1vaj\u00edc\u00edch (Pokud je to mo\u017en\u00e9)<\/strong><\/h2>\n\n\n\n<p>Pokud m\u011bn\u00edte bud\u00edky z d\u016fvodu hor\u0161\u00ed \u010ditelnosti displeje, nebo z d\u016fvodu \u0161patn\u00e9ho chov\u00e1n\u00ed ru\u010di\u010dek, d\u016frazn\u011b doporu\u010dujeme opravit st\u00e1vaj\u00edc\u00ed, kvalitn\u00ed opravou se m\u016f\u017ee vy\u0159e\u0161it funk\u010dnost bud\u00edk\u016f t\u00e9m\u011b\u0159 na v\u017edy. Jin\u00e9 star\u00e9, zcela jist\u011b budou p\u016fsobit probl\u00e9my znovu. Proto\u017ee z v\u00fdroby do roku 2003 se moc nepovedli a prakticky ka\u017ed\u00fdm bud\u00edk\u016fm, se jednou stane, \u017ee se zne\u010diteln\u00ed displej. Nav\u00edc ne ka\u017ed\u00e1 oprava, m\u016f\u017ee b\u00fdt spr\u00e1vn\u00e1 oprava. V dob\u011b rozmachu nekvalitn\u00edch \u010d\u00ednsk\u00fdch komponent jsou nemal\u00e9 zku\u0161enosti, \u017ee se probl\u00e9my bud\u00edk\u016f vraceli d\u0159\u00edve \u010di pozd\u011bji.<\/p>\n\n\n\n<p>___________________________________________<\/p>\n\n\n\n<p><strong>P\u0159\u00edklady z praxe, pro\u010d v\u0161e mus\u00ed b\u00fdt jak je v\u00fd\u0161e \u0159e\u010deno -\u00a0<\/strong><em>M\u011bli jsme dokonce i klienta, kter\u00e9mu kv\u016fli nevhodn\u011b zvolen\u00fdm bud\u00edk\u016fm, nefungovali spr\u00e1vn\u011b mechanick\u00e9 \u010d\u00e1sti vozidla v\u010d. motoru. Proto\u017ee ten dan\u00fd tip si nerozum\u011bl s jin\u00fdmi jednotkami ne\u017e pro kter\u00e9 byl konstruov\u00e1n. Neprob\u00edhala spr\u00e1vn\u011b komunikace mezi jednotkami p\u0159es bud\u00edky. A tyto bud\u00edky ne\u0161li nak\u00f3dovat kv\u016fli nekompatibilit\u011b. Bud\u00edky jsou centr\u00e1ln\u00edm rozcestn\u00edkem pro komunikaci a ten dan\u00fd tip zkr\u00e1tka neum\u011bl fungovat s n\u011b\u010d\u00edm, co v t\u00e9 dob\u011b nebylo, byli star\u0161\u00ed a vozidlo nov\u011bj\u0161\u00edho tipu - star\u0161\u00ed roku 1995 neum\u011bli fungovat ve vozidle roku 1998, kde u\u017e byli komunika\u010dn\u00ed z\u00e1le\u017eitosti jinak, kde p\u0159i k\u00f3dov\u00e1n\u00ed byl o\u010dek\u00e1v\u00e1n d\u00edl tipu a ro\u010dn\u00edku, kdy byli vyr\u00e1b\u011bn\u00e9 a oni tam nebyli.<br>M\u016f\u017eeme klidn\u011b p\u0159edv\u00e9st a sezn\u00e1mit V\u00e1s s podrobnostmi p\u0159\u00edpadu v\u010detn\u011b d\u016fkaz\u016f a sv\u011bdka. Po nasazen\u00ed vhodn\u00e9ho tipu v\u010detn\u011b spr\u00e1vn\u00e9ho k\u00f3dov\u00e1n\u00ed v\u0161e najednou fungovalo a mnoho nevy\u0159e\u0161iteln\u00fdch z\u00e1vad zmizelo.<\/em><\/p>\n\n\n\n<p>Cenov\u00fd rozsah: 2500-10000k\u010d podle n\u00e1ro\u010dnosti<\/p>\n\n\n\n<p><\/p>\n","protected":false},"excerpt":{"rendered":"<p>Pot\u0159ebujete nechat vym\u011bnit bud\u00edky nebo p\u0159\u00edpadn\u011b \u0159e\u0161it jejich z\u00e1vadu? To jste na spr\u00e1vn\u00e9m m\u00edst\u011b!<\/p>\n","protected":false},"author":1,"featured_media":618,"parent":831,"menu_order":0,"comment_status":"closed","ping_status":"closed","template":"","meta":{"inline_featured_image":false,"footnotes":"","_links_to":"","_links_to_target":""},"class_list":["post-298","page","type-page","status-publish","has-post-thumbnail","hentry"],"acf":[],"_links":{"self":[{"href":"https:\/\/rokaworks-backup.200.solutions\/index.php?rest_route=\/wp\/v2\/pages\/298","targetHints":{"allow":["GET"]}}],"collection":[{"href":"https:\/\/rokaworks-backup.200.solutions\/index.php?rest_route=\/wp\/v2\/pages"}],"about":[{"href":"https:\/\/rokaworks-backup.200.solutions\/index.php?rest_route=\/wp\/v2\/types\/page"}],"author":[{"embeddable":true,"href":"https:\/\/rokaworks-backup.200.solutions\/index.php?rest_route=\/wp\/v2\/users\/1"}],"replies":[{"embeddable":true,"href":"https:\/\/rokaworks-backup.200.solutions\/index.php?rest_route=%2Fwp%2Fv2%2Fcomments&post=298"}],"version-history":[{"count":11,"href":"https:\/\/rokaworks-backup.200.solutions\/index.php?rest_route=\/wp\/v2\/pages\/298\/revisions"}],"predecessor-version":[{"id":830,"href":"https:\/\/rokaworks-backup.200.solutions\/index.php?rest_route=\/wp\/v2\/pages\/298\/revisions\/830"}],"up":[{"embeddable":true,"href":"https:\/\/rokaworks-backup.200.solutions\/index.php?rest_route=\/wp\/v2\/pages\/831"}],"wp:featuredmedia":[{"embeddable":true,"href":"https:\/\/rokaworks-backup.200.solutions\/index.php?rest_route=\/wp\/v2\/media\/618"}],"wp:attachment":[{"href":"https:\/\/rokaworks-backup.200.solutions\/index.php?rest_route=%2Fwp%2Fv2%2Fmedia&parent=298"}],"curies":[{"name":"wp","href":"https:\/\/api.w.org\/{rel}","templated":true}]}}