{"id":254,"date":"2023-05-26T13:21:15","date_gmt":"2023-05-26T11:21:15","guid":{"rendered":"https:\/\/rokaworks-backup.200.solutions\/?page_id=254"},"modified":"2024-01-28T19:02:14","modified_gmt":"2024-01-28T18:02:14","slug":"vyhotoveni-klicu","status":"publish","type":"page","link":"https:\/\/rokaworks-backup.200.solutions\/?page_id=254","title":{"rendered":"Kl\u00ed\u010de"},"content":{"rendered":"\n<h2 class=\"wp-block-heading\">Postup zhotoven\u00ed kl\u00ed\u010de<\/h2>\n\n\n\n<p><\/p>\n\n\n\n<ol class=\"wp-block-list\">\n<li><strong>ZA\u0160LETE POPT\u00c1VKU<\/strong>\u00a0- objedn\u00e1vkou v <a href=\"https:\/\/rokaworks-backup.200.solutions\/kategorie-produktu\/klice\/\" data-type=\"link\" data-id=\"https:\/\/rokaworks-backup.200.solutions\/kategorie-produktu\/klice\/\">obchod\u011b<\/a>.<\/li>\n\n\n\n<li><strong>FOTOGRAFIE<\/strong>\u00a0- Zaslat foto vy\u0159ezan\u00e9 plan\u017eety Va\u0161eho st\u00e1vaj\u00edc\u00edho kl\u00ed\u010de (ve formul\u00e1\u0159i objedn\u00e1vky nebo formou komunikace jako e-mail, whatsapp, facebook a dal\u0161\u00ed). Fotografie mus\u00ed b\u00fdt ostr\u00e1, focena objektivem kolmo k vy\u0159ezan\u00e9 plan\u017eet\u011b viz vzor n\u00ed\u017ee. <br>Fotku pros\u00edme dle vzoru n\u00ed\u017ee.<br><em>nechcete vy\u0159ezat? Za\u0161krtn\u011bte p\u0159\u00edslu\u0161n\u00e9 pole. Cena kl\u00ed\u010de je pak o 500k\u010d ni\u017e\u0161\u00ed.<\/em><\/li>\n\n\n\n<li><strong>SETK\u00c1N\u00cd<\/strong>\u00a0- Ozveme se V\u00e1m po odeslan\u00e9m formul\u00e1\u0159i pro sjedn\u00e1n\u00ed term\u00ednu. V sjednan\u00fd term\u00edn bude kl\u00ed\u010d vy\u0159ez\u00e1n a bude V\u00e1m naprogramov\u00e1n.<\/li>\n<\/ol>\n\n\n\n<figure class=\"wp-block-image size-full\"><img loading=\"lazy\" decoding=\"async\" width=\"751\" height=\"337\" src=\"https:\/\/rokaworks-backup.200.solutions\/wp-content\/uploads\/2024\/01\/28_01_24_.png\" alt=\"\" class=\"wp-image-1821\" srcset=\"https:\/\/rokaworks-backup.200.solutions\/wp-content\/uploads\/2024\/01\/28_01_24_.png 751w, https:\/\/rokaworks-backup.200.solutions\/wp-content\/uploads\/2024\/01\/28_01_24_-300x135.png 300w, https:\/\/rokaworks-backup.200.solutions\/wp-content\/uploads\/2024\/01\/28_01_24_-600x269.png 600w\" sizes=\"auto, (max-width: 751px) 100vw, 751px\" \/><\/figure>\n\n\n\n<p><\/p>\n\n\n\n<ul class=\"wp-block-list\">\n<li>Na m\u00edst\u011b otestujeme funk\u010dnost v\u00fd\u0159ezu plan\u017eety kl\u00ed\u010de,\u00a0proma\u017eeme z\u00e1mky zdarma.<\/li>\n\n\n\n<li>Mo\u017enost SMAZ\u00c1N\u00cd NEVLASTN\u011aN\u00ddCH KL\u00cd\u010c\u016e\u00a0na z\u00e1v\u011br\u00a0zdarma\u00a0-\u00a0P\u0158IVEZTE SI V\u0160ECHNY KL\u00cd\u010cE\u00a0co m\u00e1te k vozidlu, pokud chcete zablokovat vstupu do vozidla a startov\u00e1n\u00ed vozidla takov\u00fdmi kl\u00ed\u010di, kter\u00e9 nevlastn\u00edte.<\/li>\n<\/ul>\n\n\n\n<ul class=\"wp-block-list\">\n<li>Z\u00e1ruka 2 roky&nbsp;od n\u00e1s na v\u0161echny kl\u00ed\u010de!<\/li>\n\n\n\n<li>Vysok\u00e1 kvalita!\u00a0Potrp\u00edme si na kvalitu abychom se vyhli v budoucnu pot\u00ed\u017e\u00edm se starty nebo funk\u010dnost\u00ed centr\u00e1lu, kter\u00e9 m\u016f\u017eou \u010dasem p\u0159ij\u00edt, jako se st\u00e1v\u00e1 u levn\u00fdch n\u00e1hra\u017eek.<\/li>\n<\/ul>\n\n\n\n<h3 class=\"wp-block-heading\">P\u0159\u00edplatky a vysv\u011btlivky:<\/h3>\n\n\n\n<p><strong>Ztr\u00e1ta v\u0161ech kl\u00ed\u010d\u016f -<\/strong>\u00a0\u010d\u00e1stka bude nav\u00fd\u0161ena o 2000k\u010d z d\u016fvodu obt\u00ed\u017en\u011bj\u0161\u00edho programov\u00e1n\u00ed mimo vozidla \u0159ad E3x, E46, E53 a E8x. Vozidlo mus\u00ed b\u00fdt odem\u010den\u00e9 nebo mus\u00ed b\u00fdt p\u0159\u00edstup do interi\u00e9ru.<\/p>\n\n\n\n<p><strong>V\u016fz z americk\u00e9ho trhu: <\/strong>M\u00e1 odli\u0161nou komunikaci = jin\u00fd vnit\u0159ek elektroniky. P\u0159\u00edplatek je 1000 K\u010d.<\/p>\n\n\n\n<p><strong>Comfort Access neboli Keyless<\/strong>&nbsp;je v\u00fdbava, kter\u00e1 umo\u017e\u0148uje otev\u0159\u00edt v\u016fz bez stisku tla\u010d\u00edtka na kl\u00ed\u010di. <br>Odem\u010den\u00ed \/ Zam\u010den\u00ed vozidla pomoc\u00ed doteku kliky p\u0159i p\u0159\u00edtomnosti kl\u00ed\u010de na bl\u00edzku nap\u0159. v kapse.<\/p>\n\n\n\n<p><strong>Pro\u010d chceme foto plan\u017eety?<\/strong><br>Z fotografie si um\u00edme spo\u010d\u00edtat k\u00f3d kl\u00ed\u010de dle v\u00fd\u0159ezu. D\u00edky tomu je v\u00fd\u0159ez kl\u00ed\u010de jako nov\u00fd z tov\u00e1rny, nekop\u00edrujeme star\u00e9 s vadami, kter\u00e9 vznikaj\u00ed z pou\u017e\u00edv\u00e1n\u00ed.<\/p>\n\n\n\n<p><strong>Pro\u010d se mus\u00ed vyndavat jednotka p\u0159i nahr\u00e1n\u00ed kl\u00ed\u010de k Va\u0161emu vozu? <\/strong><br><strong>Jak dlouho tato pr\u00e1ce m\u016f\u017ee zabrat?<\/strong><\/p>\n\n\n\n<p>V n\u011bkter\u00fdch p\u0159\u00edpadech je vozidlo v\u00fdrobcem tak siln\u011b zabezpe\u010den\u00e9, \u017ee je pot\u0159eba \u010d\u00edst data p\u0159\u00edmo z jednotky mimo v\u016fz. Nav\u00edc je tato metoda zna\u010dn\u011b bezpe\u010dn\u011bj\u0161\u00ed pro n\u00e1slednou bezporuchovost.<br><strong>To m\u016f\u017ee n\u011bkdy zabrat a\u017e n\u011bkolik hodin<\/strong>. Proto\u00a0<strong>berte v patrnost<\/strong>\u00a0pros\u00edm, \u017ee m\u016f\u017eete b\u00fdt bez vozidla d\u00e9le jak p\u00e1r minut a budete n\u00e1m ho tam muset\u00a0<strong>po dobu z\u00e1sahu zanechat<\/strong>.<\/p>\n\n\n\n<p>N\u011bkdy je b\u011bhem pr\u00e1ce zji\u0161t\u011bno, \u017ee s imobiliz\u00e9rem \u010di v\u011bcmi s t\u00edm souvisej\u00edc\u00ed bylo v minulosti neodborn\u011b manipulov\u00e1no. D\u016fvodem mohlo b\u00fdt nap\u0159\u00edklad v\u00fdm\u011bnou jednotek a jejich \u0161patn\u00e9 k\u00f3dov\u00e1n\u00ed nebo st\u00e1\u010den\u00ed kilometr\u016f a dal\u0161\u00ed. Hardware\/Data jsou poru\u0161ena a je t\u00edm p\u00e1dem pot\u0159eba v\u00edce pr\u00e1ce aby se to dalo do po\u0159\u00e1dku pro sn\u00ed\u017een\u00ed rizik a komplikac\u00ed.<\/p>\n\n\n\n<h2 class=\"wp-block-heading\">Objednejte si u n\u00e1s kl\u00ed\u010d<\/h2>\n\n\n\n<p><\/p>\n","protected":false},"excerpt":{"rendered":"<p>D\u011bl\u00e1me kl\u00ed\u010de na t\u00e9m\u011b\u0159 v\u0161echna BMW a MINI, kter\u00e1 maj\u00ed centr\u00e1ln\u00ed zamyk\u00e1n\u00ed. A to v\u0161echny E \u0159ady, R \u0159ady, F \u0159ady a n\u011bkter\u00e9 G \u0159ady.<\/p>\n","protected":false},"author":1,"featured_media":0,"parent":813,"menu_order":5,"comment_status":"closed","ping_status":"closed","template":"","meta":{"inline_featured_image":false,"footnotes":"","_links_to":"","_links_to_target":""},"class_list":["post-254","page","type-page","status-publish","hentry"],"acf":[],"_links":{"self":[{"href":"https:\/\/rokaworks-backup.200.solutions\/index.php?rest_route=\/wp\/v2\/pages\/254","targetHints":{"allow":["GET"]}}],"collection":[{"href":"https:\/\/rokaworks-backup.200.solutions\/index.php?rest_route=\/wp\/v2\/pages"}],"about":[{"href":"https:\/\/rokaworks-backup.200.solutions\/index.php?rest_route=\/wp\/v2\/types\/page"}],"author":[{"embeddable":true,"href":"https:\/\/rokaworks-backup.200.solutions\/index.php?rest_route=\/wp\/v2\/users\/1"}],"replies":[{"embeddable":true,"href":"https:\/\/rokaworks-backup.200.solutions\/index.php?rest_route=%2Fwp%2Fv2%2Fcomments&post=254"}],"version-history":[{"count":17,"href":"https:\/\/rokaworks-backup.200.solutions\/index.php?rest_route=\/wp\/v2\/pages\/254\/revisions"}],"predecessor-version":[{"id":1822,"href":"https:\/\/rokaworks-backup.200.solutions\/index.php?rest_route=\/wp\/v2\/pages\/254\/revisions\/1822"}],"up":[{"embeddable":true,"href":"https:\/\/rokaworks-backup.200.solutions\/index.php?rest_route=\/wp\/v2\/pages\/813"}],"wp:attachment":[{"href":"https:\/\/rokaworks-backup.200.solutions\/index.php?rest_route=%2Fwp%2Fv2%2Fmedia&parent=254"}],"curies":[{"name":"wp","href":"https:\/\/api.w.org\/{rel}","templated":true}]}}