{"id":23,"date":"2023-04-28T09:23:04","date_gmt":"2023-04-28T07:23:04","guid":{"rendered":"https:\/\/rokaworks-backup.200.solutions\/?page_id=23"},"modified":"2024-01-20T16:08:44","modified_gmt":"2024-01-20T15:08:44","slug":"diagnostika","status":"publish","type":"page","link":"https:\/\/rokaworks-backup.200.solutions\/?page_id=23","title":{"rendered":"Diagnostika"},"content":{"rendered":"\n<p><strong>Pokro\u010dil\u00fd a odborn\u00fd p\u0159\u00edstup k anal\u00fdze vozidla pro p\u0159esn\u00e9 zji\u0161t\u011bn\u00ed z\u00e1vad, segmentu mo\u017en\u00fdch z\u00e1vad nebo zji\u0161t\u011bn\u00edch pouze nutn\u00fdch oprav \u010di dal\u0161\u00ed z toho vypl\u00edvaj\u00edc\u00ed doporu\u010den\u00ed co opravit a co je naopak v dobr\u00e9m stavu.<\/strong><\/p>\n\n\n\n<p>Na\u0161\u00ed prac\u00ed je nalezen\u00ed konkr\u00e9tn\u00ed p\u0159esn\u00e9 z\u00e1vady nebo z\u00fa\u017een\u00ed na co nejmen\u0161\u00ed okruh mo\u017en\u00fdch z\u00e1vad za c\u00edlem jejich vy\u0159e\u0161en\u00ed za co nejni\u017e\u0161\u00ed n\u00e1klady.<\/p>\n\n\n\n<ul class=\"wp-block-list\">\n<li>OEM origin\u00e1ln\u00ed BMW diagnostick\u00e9 vybaven\u00ed<\/li>\n\n\n\n<li>Autoelektrik\u00e1\u0159sk\u00e9 \u010di mechanick\u00e9 pr\u00e1ce jsou sou\u010d\u00e1st\u00ed (v p\u0159\u00edpad\u011b pot\u0159eb p\u0159i zji\u0161\u0165ov\u00e1n\u00ed).<\/li>\n\n\n\n<li><strong>Mo\u017en\u00fd z\u00e1pis do elektronick\u00e9 servisn\u00ed knihy a datab\u00e1ze BMW<\/strong><\/li>\n\n\n\n<li>Nahr\u00e1v\u00e1n\u00ed a sledov\u00e1n\u00ed \u017eiv\u00fdch data\/graf\u016f<\/li>\n\n\n\n<li><strong>V\u00fdsledek diagnostiky na p\u0159\u00e1n\u00ed zas\u00edl\u00e1me<\/strong><\/li>\n<\/ul>\n\n\n<a href=\"https:\/\/rokaworks-backup.200.solutions\/?service=zakladni-diagnostika\" id=\"service-block_e7f376da1884ef99470cef0af2fdb366\" class=\"service card-wrapper\">\n    <div class=\"card blurred-background card-base\">\n        <div class=\"content\">\n            <h4>Diagnostika z\u00e1kladn\u00ed (jednoduch\u00fd \u00fakon)<\/h4>\n            <p class=\"description\">Z\u00e1kladn\u00ed diagnostika pro \u0159e\u0161en\u00ed konkr\u00e9tn\u00edho probl\u00e9mu do 20 minut, pokud je to mo\u017en\u00e9 a nen\u00ed nutnost \u0159e\u0161it v\u00edce nutn\u00fdch souvisej\u00edc\u00edch z\u00e1vad. Nezahrnuje komplexn\u011bj\u0161\u00ed anal\u00fdzu v\u011bt\u0161\u00edho nebo v\u00edce segment\u016f vozidla.<\/p>\n            <p class=\"price\">600 a\u017e 1290,- K\u010d<\/p>\n        <\/div>\n        <div class=\"box\">\n            <svg xmlns=\"http:\/\/www.w3.org\/2000\/svg\" viewBox=\"0 0 256 512\"><path d=\"M24.707 38.101L4.908 57.899c-4.686 4.686-4.686 12.284 0 16.971L185.607 256 4.908 437.13c-4.686 4.686-4.686 12.284 0 16.971L24.707 473.9c4.686 4.686 12.284 4.686 16.971 0l209.414-209.414c4.686-4.686 4.686-12.284 0-16.971L41.678 38.101c-4.687-4.687-12.285-4.687-16.971 0z\"\/><\/svg>\n        <\/div>\n        <div class=\"card-shadow\"><\/div>\n    <\/div>\n\n    <!-- Styly -->\n    <style type=\"text\/css\">\n        #service-block_e7f376da1884ef99470cef0af2fdb366 * {\n            font-family: 'Montserrat';\n        }\n\n        #service-block_e7f376da1884ef99470cef0af2fdb366 {\n            display: block;\n            width: 100%;\n            background: #212121;\n            border: 1px solid rgba(255, 255, 255, .13);\n            color: white;\n            margin: 24px 0;\n        }\n\n        #service-block_e7f376da1884ef99470cef0af2fdb366:hover {\n            text-decoration: none;\n            color: #FBC831;\n        }\n\n        #service-block_e7f376da1884ef99470cef0af2fdb366 .card-base {\n            padding: 24px;\n            display: flex;\n            justify-content: space-between;\n            align-items: center;\n        }\n\n        #service-block_e7f376da1884ef99470cef0af2fdb366 .content {\n            width: calc(100% - 48px - 48px);\n        }\n\n        #service-block_e7f376da1884ef99470cef0af2fdb366 .content h4 {\n            font-size: 16px;\n            font-weight: 500;\n            text-transform: uppercase;\n        }\n\n        #service-block_e7f376da1884ef99470cef0af2fdb366 .content .description {\n            opacity: .55;\n            margin-top: 8px;\n            color: white !important;\n        }\n\n        #service-block_e7f376da1884ef99470cef0af2fdb366 .content .price {\n            color: #FBC831 !important;\n            font-weight: bold;\n            margin: 0;\n            margin-top: 8px;\n        }\n\n        #service-block_e7f376da1884ef99470cef0af2fdb366 .box {\n            width: 48px;\n            height: 48px;\n            display: flex;\n            align-items: center;\n            justify-content: center;\n            background: #FBC831;\n            box-shadow: 0 10px 20px 0 rgba(0, 0, 0, .55);\n        }\n\n        #service-block_e7f376da1884ef99470cef0af2fdb366 .box svg {\n            width: 20px;\n            height: 20px;\n        }\n\n            <\/style>\n<\/a>\n\n<a href=\"https:\/\/rokaworks-backup.200.solutions\/?service=individualni-diagnostika\" id=\"service-block_1e7e33f54b7ae18ebfbb2204eba04270\" class=\"service card-wrapper\">\n    <div class=\"card blurred-background card-base\">\n        <div class=\"content\">\n            <h4>Diagnostika individu\u00e1ln\u00ed (slo\u017eit\u00e1)<\/h4>\n            <p class=\"description\">Individu\u00e1ln\u00ed diagnostika obsahuje rozs\u00e1hlej\u0161\u00ed pr\u00e1ce, od 20min do 1h. \u0158e\u0161\u00ed v\u00edce segment\u016f vozidla.<\/p>\n            <p class=\"price\">1290 a\u017e 2000,- K\u010d<\/p>\n        <\/div>\n        <div class=\"box\">\n            <svg xmlns=\"http:\/\/www.w3.org\/2000\/svg\" viewBox=\"0 0 256 512\"><path d=\"M24.707 38.101L4.908 57.899c-4.686 4.686-4.686 12.284 0 16.971L185.607 256 4.908 437.13c-4.686 4.686-4.686 12.284 0 16.971L24.707 473.9c4.686 4.686 12.284 4.686 16.971 0l209.414-209.414c4.686-4.686 4.686-12.284 0-16.971L41.678 38.101c-4.687-4.687-12.285-4.687-16.971 0z\"\/><\/svg>\n        <\/div>\n        <div class=\"card-shadow\"><\/div>\n    <\/div>\n\n    <!-- Styly -->\n    <style type=\"text\/css\">\n        #service-block_1e7e33f54b7ae18ebfbb2204eba04270 * {\n            font-family: 'Montserrat';\n        }\n\n        #service-block_1e7e33f54b7ae18ebfbb2204eba04270 {\n            display: block;\n            width: 100%;\n            background: #212121;\n            border: 1px solid rgba(255, 255, 255, .13);\n            color: white;\n            margin: 24px 0;\n        }\n\n        #service-block_1e7e33f54b7ae18ebfbb2204eba04270:hover {\n            text-decoration: none;\n            color: #FBC831;\n        }\n\n        #service-block_1e7e33f54b7ae18ebfbb2204eba04270 .card-base {\n            padding: 24px;\n            display: flex;\n            justify-content: space-between;\n            align-items: center;\n        }\n\n        #service-block_1e7e33f54b7ae18ebfbb2204eba04270 .content {\n            width: calc(100% - 48px - 48px);\n        }\n\n        #service-block_1e7e33f54b7ae18ebfbb2204eba04270 .content h4 {\n            font-size: 16px;\n            font-weight: 500;\n            text-transform: uppercase;\n        }\n\n        #service-block_1e7e33f54b7ae18ebfbb2204eba04270 .content .description {\n            opacity: .55;\n            margin-top: 8px;\n            color: white !important;\n        }\n\n        #service-block_1e7e33f54b7ae18ebfbb2204eba04270 .content .price {\n            color: #FBC831 !important;\n            font-weight: bold;\n            margin: 0;\n            margin-top: 8px;\n        }\n\n        #service-block_1e7e33f54b7ae18ebfbb2204eba04270 .box {\n            width: 48px;\n            height: 48px;\n            display: flex;\n            align-items: center;\n            justify-content: center;\n            background: #FBC831;\n            box-shadow: 0 10px 20px 0 rgba(0, 0, 0, .55);\n        }\n\n        #service-block_1e7e33f54b7ae18ebfbb2204eba04270 .box svg {\n            width: 20px;\n            height: 20px;\n        }\n\n            <\/style>\n<\/a>\n\n<a href=\"https:\/\/rokaworks-backup.200.solutions\/?service=komplexni-diagnostika\" id=\"service-block_8e757af7e8424ac86d0fade2165630e7\" class=\"service card-wrapper\">\n    <div class=\"card blurred-background card-base\">\n        <div class=\"content\">\n            <h4>Diagnostika komplexn\u00ed (celkov\u00e1)<\/h4>\n            <p class=\"description\">Komplexn\u00ed diagnostika - celkov\u00e1 kontrola vozidla a jeho stavu od A do Z diagnosticky + mechanicky. Zji\u0161t\u011bn\u00ed co je OK \u010di nen\u00ed + cenov\u00e9 zhodnocen\u00ed vad.<\/p>\n            <p class=\"price\">1490 a\u017e 4900,- K\u010d<\/p>\n        <\/div>\n        <div class=\"box\">\n            <svg xmlns=\"http:\/\/www.w3.org\/2000\/svg\" viewBox=\"0 0 256 512\"><path d=\"M24.707 38.101L4.908 57.899c-4.686 4.686-4.686 12.284 0 16.971L185.607 256 4.908 437.13c-4.686 4.686-4.686 12.284 0 16.971L24.707 473.9c4.686 4.686 12.284 4.686 16.971 0l209.414-209.414c4.686-4.686 4.686-12.284 0-16.971L41.678 38.101c-4.687-4.687-12.285-4.687-16.971 0z\"\/><\/svg>\n        <\/div>\n        <div class=\"card-shadow\"><\/div>\n    <\/div>\n\n    <!-- Styly -->\n    <style type=\"text\/css\">\n        #service-block_8e757af7e8424ac86d0fade2165630e7 * {\n            font-family: 'Montserrat';\n        }\n\n        #service-block_8e757af7e8424ac86d0fade2165630e7 {\n            display: block;\n            width: 100%;\n            background: #212121;\n            border: 1px solid rgba(255, 255, 255, .13);\n            color: white;\n            margin: 24px 0;\n        }\n\n        #service-block_8e757af7e8424ac86d0fade2165630e7:hover {\n            text-decoration: none;\n            color: #FBC831;\n        }\n\n        #service-block_8e757af7e8424ac86d0fade2165630e7 .card-base {\n            padding: 24px;\n            display: flex;\n            justify-content: space-between;\n            align-items: center;\n        }\n\n        #service-block_8e757af7e8424ac86d0fade2165630e7 .content {\n            width: calc(100% - 48px - 48px);\n        }\n\n        #service-block_8e757af7e8424ac86d0fade2165630e7 .content h4 {\n            font-size: 16px;\n            font-weight: 500;\n            text-transform: uppercase;\n        }\n\n        #service-block_8e757af7e8424ac86d0fade2165630e7 .content .description {\n            opacity: .55;\n            margin-top: 8px;\n            color: white !important;\n        }\n\n        #service-block_8e757af7e8424ac86d0fade2165630e7 .content .price {\n            color: #FBC831 !important;\n            font-weight: bold;\n            margin: 0;\n            margin-top: 8px;\n        }\n\n        #service-block_8e757af7e8424ac86d0fade2165630e7 .box {\n            width: 48px;\n            height: 48px;\n            display: flex;\n            align-items: center;\n            justify-content: center;\n            background: #FBC831;\n            box-shadow: 0 10px 20px 0 rgba(0, 0, 0, .55);\n        }\n\n        #service-block_8e757af7e8424ac86d0fade2165630e7 .box svg {\n            width: 20px;\n            height: 20px;\n        }\n\n            <\/style>\n<\/a>\n\n<a href=\"https:\/\/rokaworks-backup.200.solutions\/?service=mobilni-diagnostika\" id=\"service-block_e09adbafdc90c6c4f59633ac9ab7418a\" class=\"service card-wrapper\">\n    <div class=\"card blurred-background card-base\">\n        <div class=\"content\">\n            <h4>Diagnostika mobiln\u00ed (u v\u00e1s)<\/h4>\n            <p class=\"description\">P\u0159\u00edplatkov\u00e1 polo\u017eka pro vykon\u00e1n\u00ed slu\u017eby mimo z\u00e1zem\u00ed. Nem\u016f\u017eete dojet a pot\u0159ebujete na\u0161e slu\u017eby u V\u00e1s? Nen\u00ed probl\u00e9m! Co lze, provedeme u V\u00e1s za uveden\u00fd p\u0159\u00edplatek na kilometry po\u010d\u00edtan\u00e9 na cestu k V\u00e1m a zp\u011bt.<\/p>\n            <p class=\"price\">Na 1 km: 10 a\u017e 11,- K\u010d<\/p>\n        <\/div>\n        <div class=\"box\">\n            <svg xmlns=\"http:\/\/www.w3.org\/2000\/svg\" viewBox=\"0 0 256 512\"><path d=\"M24.707 38.101L4.908 57.899c-4.686 4.686-4.686 12.284 0 16.971L185.607 256 4.908 437.13c-4.686 4.686-4.686 12.284 0 16.971L24.707 473.9c4.686 4.686 12.284 4.686 16.971 0l209.414-209.414c4.686-4.686 4.686-12.284 0-16.971L41.678 38.101c-4.687-4.687-12.285-4.687-16.971 0z\"\/><\/svg>\n        <\/div>\n        <div class=\"card-shadow\"><\/div>\n    <\/div>\n\n    <!-- Styly -->\n    <style type=\"text\/css\">\n        #service-block_e09adbafdc90c6c4f59633ac9ab7418a * {\n            font-family: 'Montserrat';\n        }\n\n        #service-block_e09adbafdc90c6c4f59633ac9ab7418a {\n            display: block;\n            width: 100%;\n            background: #212121;\n            border: 1px solid rgba(255, 255, 255, .13);\n            color: white;\n            margin: 24px 0;\n        }\n\n        #service-block_e09adbafdc90c6c4f59633ac9ab7418a:hover {\n            text-decoration: none;\n            color: #FBC831;\n        }\n\n        #service-block_e09adbafdc90c6c4f59633ac9ab7418a .card-base {\n            padding: 24px;\n            display: flex;\n            justify-content: space-between;\n            align-items: center;\n        }\n\n        #service-block_e09adbafdc90c6c4f59633ac9ab7418a .content {\n            width: calc(100% - 48px - 48px);\n        }\n\n        #service-block_e09adbafdc90c6c4f59633ac9ab7418a .content h4 {\n            font-size: 16px;\n            font-weight: 500;\n            text-transform: uppercase;\n        }\n\n        #service-block_e09adbafdc90c6c4f59633ac9ab7418a .content .description {\n            opacity: .55;\n            margin-top: 8px;\n            color: white !important;\n        }\n\n        #service-block_e09adbafdc90c6c4f59633ac9ab7418a .content .price {\n            color: #FBC831 !important;\n            font-weight: bold;\n            margin: 0;\n            margin-top: 8px;\n        }\n\n        #service-block_e09adbafdc90c6c4f59633ac9ab7418a .box {\n            width: 48px;\n            height: 48px;\n            display: flex;\n            align-items: center;\n            justify-content: center;\n            background: #FBC831;\n            box-shadow: 0 10px 20px 0 rgba(0, 0, 0, .55);\n        }\n\n        #service-block_e09adbafdc90c6c4f59633ac9ab7418a .box svg {\n            width: 20px;\n            height: 20px;\n        }\n\n            <\/style>\n<\/a>\n\n<div class=\"rw-alert danger alert card-wrapper\" id=\"alert-block_1fb3fbb8855ca905ef24407664fd221d\" data-type=\"danger\">\n\n    <div class=\"card blurred-background card-base\">\n        <span class=\"content\"><p>\u2b55 S ohledem na rozsah servisn\u00edch a diagnostick\u00fdch prac\u00ed, kter\u00e9 jsou \u010dasto t\u011b\u017eko p\u0159edv\u00eddateln\u00e9 na p\u0159edem ur\u010den\u00ed n\u00e1ro\u010dnosti a vzhledem k tomu, \u017ee se jedn\u00e1 o vozidla opot\u0159eben\u00e1 a z\u00e1vady v\u017edy nemus\u00ed m\u00edt stejnou p\u0159\u00ed\u010dinu \u010di povahu, kdy jednotliv\u00e9 \u00fakony nemus\u00ed v\u017edy u ka\u017ed\u00e9ho vozu trvat stejn\u011b dlouho, kdy ka\u017ed\u00fd v\u016fz je v\u00a0jin\u00e9m stavu, jsou uvedeny cenov\u00e9 rozsahy nam\u00edsto p\u0159esn\u00e9 ceny, kterou nelze vzhledem k\u00a0t\u011bmto skute\u010dnostem stanovit.<\/p>\n<p>\u2b55 Cenov\u00e9 rozsahy jsou orienta\u010dn\u00ed, kone\u010dn\u00e1 cena se m\u016f\u017ee li\u0161it podle nutnosti vyu\u017eit\u00ed v\u00edce slu\u017eeb, co\u017e je b\u011bhem \u00fakonu konzultov\u00e1no p\u0159ed pokra\u010dov\u00e1n\u00edm.<\/p>\n<p>\u2b55 80% P\u0159\u00edplatek z p\u016fvodn\u00ed ceny za dobu mimo pracovn\u00ed dobu p\u0159ed 9:00 a po 17:00 v pracovn\u00ed dny.<\/p>\n<\/span>\n        <div class=\"card-shadow\"><\/div>\n    <\/div>\n\n    <!-- Styly -->\n    <style type=\"text\/css\">\n        \/* Alert *\/\n        .rw-alert {\n            position: relative;\n            color: rgba(0, 0, 0, 0.55);\n            background-color: #212121;\n            font-size: 16px;\n            letter-spacing: 0.01em;\n            line-height: 1.75em;\n            color: white;\n            margin: 24px 0;\n        }\n\n        .content * {\n            margin: 0 !important;\n        }\n\n        .card-base {\n            padding: 24px;\n        }\n\n        .danger {\n            border-left: 3px solid #E64964;\n        }\n        .danger .card-shadow {\n            background-color: #E64964;\n        }\n\n        .warning {\n            border-left: 3px solid #59C2DA;\n        }\n        .warning .card-shadow  {\n            background-color: #59C2DA;\n        }\n\n        .info {\n            border-left: 3px solid #5AD86E;\n        }\n        .info .card-shadow {\n            background-color: #5AD86E;\n        }\n    <\/style>\n\n    <script>\n        jQuery('head').append('<link rel=\"stylesheet\" href=\"https:\/\/fontawesome.200solutions.com\/css\/all.min.css\">');\n    <\/script>\n<\/div>\n\n\n<h2 class=\"wp-block-heading\"><strong>Ur\u010dov\u00e1n\u00ed z\u00e1vad - d\u016fle\u017eit\u00e9 informace<\/strong><\/h2>\n\n\n\n<p>Nem\u016f\u017eou se akceptovat v\u00fdpisy chyb z t\u0159et\u00ed strany, stejn\u011b jako se zodpov\u00eddat ciz\u00edmu diagnostikov\u00e1n\u00ed a u\u017e v\u016fbec ne z neorigin\u00e1ln\u00edch n\u00e1stroj\u016f, kde se \u010dasto st\u00e1v\u00e1, \u017ee nen\u00ed v\u0161e co je pot\u0159eba nebo to nen\u00ed relevantn\u00ed.<\/p>\n\n\n\n<h3 class=\"wp-block-heading\">Chybov\u00e9 hl\u00e1\u0161ky - pro\u010d je nesta\u010d\u00ed jen \u010d\u00edst<\/h3>\n\n\n\n<p>V dob\u011b&nbsp;po roce 2000&nbsp;n\u00e1m vozidla umo\u017e\u0148uji poskytnout v\u00edce informac\u00ed ne\u017e jen chybov\u00e9 hl\u00e1\u0161ky. Ve spoust\u011b p\u0159\u00edpadech toti\u017e dan\u00e1 hl\u00e1\u0161ka nemus\u00ed znamenat d\u00edl, kter\u00fd je zm\u00edn\u011bn v hl\u00e1\u0161ce tv\u00e1\u0159\u00edc\u00ed se dle hl\u00e1\u0161ky jako vadn\u00fd, ale signalizace, \u017ee d\u00edky zm\u00edn\u011bn\u00e9mu d\u00edlu bylo nam\u011b\u0159eno n\u011bco, co je mimo normu \u010di p\u0159\u00edpustn\u00fd rozsah. A proto je pot\u0159eba \u010dasto \u010d\u00edst v \u017eiv\u00fdch datech, v\u011bd\u011bt co a jak, p\u0159\u00edpadn\u011b proj\u00edt parametry hl\u00e1\u0161ek a simulovat situace nebo n\u011bco prom\u011b\u0159it \/ ov\u011b\u0159it abychom se mohli v\u00edce p\u0159ibl\u00ed\u017eit k tomu, co zp\u016fsobuje probl\u00e9m. Je to hlavn\u011b kv\u016fli tomu, abychom zmen\u0161ili mo\u017en\u00fd po\u010det mo\u017enost\u00ed z\u00e1vad<\/p>\n\n\n\n<h3 class=\"wp-block-heading\">P\u0159\u00edklad z praxe<\/h3>\n\n\n\n<p><strong><em>P\u0159\u00edklad:<\/em><\/strong>&nbsp;Hl\u00e1\u0161ka \"Lambda sonda\" a v\u0161e podobn\u00e9. Senzor m\u011b\u0159\u00edc\u00ed obsah O2 ve v\u00fdfukov\u00fdch spalin\u00e1ch. Podle veli\u010din co m\u011b\u0159\u00ed, typu motoru a jeho p\u0159edepsan\u00fdm norm\u00e1m, lze vy\u010d\u00edst, zda je sm\u011bs chud\u00e1 \u010di boh\u00e1t\u00e1, co\u017e n\u00e1m m\u00e1 signalizovat, \u017ee je n\u011bco \u0161patn\u011b. A rozhodn\u011b t\u00edm nemus\u00ed b\u00fdt \u0161patn\u00fd dan\u00fd senzor, kter\u00fd je zm\u00edn\u011bn v chyb\u011b. M\u016f\u017ee b\u00fdt tak\u00e9 \u0161patn\u00fd a to je t\u0159eba t\u00e9\u017e ov\u011b\u0159it. Mus\u00ed se zkr\u00e1tka po\u010d\u00edtat s ka\u017edou mo\u017enost\u00ed a co lze, to se ov\u011b\u0159\u00ed. Proto je i \u010dasto pot\u0159eba \u010dt\u011bn\u00ed \u017eiv\u00fdch dat nebo jin\u00fdch veli\u010din \/ informac\u00ed \u010di projet\u00ed funkc\u00ed, kter\u00e9 n\u00e1m pomohou ur\u010dit, kde je probl\u00e9m a z\u00fa\u017eit t\u00edm mo\u017enosti p\u0159\u00ed\u010din z\u00e1vad, co m\u016f\u017ee zp\u016fsobovat neoptim\u00e1ln\u00ed chov\u00e1ni. V p\u0159\u00edpad\u011b pot\u0159eb, se nahl\u00e9dne mechanicky \u010di vizu\u00e1ln\u011b. Ov\u011b\u0159en\u00ed a rozsah je podle pot\u0159eb. N\u011bkdy je to jasn\u00e9 hned! Jindy ne.<\/p>\n\n\n\n<p><strong>Proto nem\u016f\u017eeme zohled\u0148it jen chybov\u00e9 hl\u00e1\u0161ky nebo jejich v\u00fdpisy<\/strong>, kter\u00e9 n\u00e1m ob\u010das klienti za\u0161lou. &nbsp;<br><strong>Nen\u00ed to, \u017ee nechceme n\u011bkdy jen poradit<\/strong>, ale&nbsp;<strong>nechceme poradit \u0161patn\u011b<\/strong>.&nbsp;<strong>Nelze soudit z tak mal\u00e9ho informa\u010dn\u00edho obsahu<\/strong>. M\u016f\u017ee to b\u00fdt ve v\u00fdsledku \u00fapln\u011b n\u011bco jin\u00e9ho.&nbsp;<br>Stejn\u011b jako NELZE SOUDIT JEN Z KONTROLEK NA P\u0158\u00cdSTROJOV\u00c9 DESCE! Stejn\u00fd princip jako zm\u00edn\u011bn\u00fd p\u0159\u00edklad. To by byla v\u011b\u0161tba. Je ztr\u00e1ta \u010dasu toto \u0159e\u0161it. R\u00e1di&nbsp;<\/p>\n\n\n\n<h3 class=\"wp-block-heading\">Z\u00e1v\u011br<\/h3>\n\n\n\n<p>V\u0161e m\u016f\u017ee b\u00fdt ve v\u00fdsledku jinak, ne\u017e p\u016fvodn\u011b vypad\u00e1. A s t\u00edm mus\u00edme v\u017edy po\u010d\u00edtat. Sna\u017e\u00edme se v\u017edy p\u0159ij\u00edt co nejbl\u00ed\u017ee k probl\u00e9mu, nebo co nejv\u00edc zmen\u0161it okruh mo\u017enost\u00ed p\u0159\u00ed\u010din problemu.<\/p>\n\n\n\n<p>Jsou n\u011bkdy jasn\u00e9 p\u0159\u00edpady, kde nen\u00ed moc o \u010dem diskutovat a nem\u016f\u017ee to b\u00fdt nic jin\u00e9ho, ne\u017e dan\u00e1 v\u011bc, na kterou je upozorn\u011bno chybovou hl\u00e1\u0161kou. Jestli to tak je, o tom se nejl\u00e9pe p\u0159esv\u011bd\u010d\u00edme sami s V\u00e1mi osobn\u011b. \ud83d\ude42<\/p>\n\n\n<div class=\"rw-alert info alert card-wrapper\" id=\"alert-block_a23d7a9d3c1a739a4ec86f17c82d5d95\" data-type=\"info\">\n\n    <div class=\"card blurred-background card-base\">\n        <span class=\"content\"><p>Osobn\u011b n\u00e1m samoz\u0159ejm\u011b m\u016f\u017eete sd\u011blit sv\u00e9 poznatky jako p\u0159\u00edpadn\u00e9 pomocn\u00e9 informace a pobavit se s n\u00e1mi, za to budeme jen r\u00e1di. Zakl\u00e1d\u00e1me si na p\u0159\u00e1telsk\u00e9m prost\u0159ed\u00ed s klientem.<\/p>\n<\/span>\n        <div class=\"card-shadow\"><\/div>\n    <\/div>\n\n    <!-- Styly -->\n    <style type=\"text\/css\">\n        \/* Alert *\/\n        .rw-alert {\n            position: relative;\n            color: rgba(0, 0, 0, 0.55);\n            background-color: #212121;\n            font-size: 16px;\n            letter-spacing: 0.01em;\n            line-height: 1.75em;\n            color: white;\n            margin: 24px 0;\n        }\n\n        .content * {\n            margin: 0 !important;\n        }\n\n        .card-base {\n            padding: 24px;\n        }\n\n        .danger {\n            border-left: 3px solid #E64964;\n        }\n        .danger .card-shadow {\n            background-color: #E64964;\n        }\n\n        .warning {\n            border-left: 3px solid #59C2DA;\n        }\n        .warning .card-shadow  {\n            background-color: #59C2DA;\n        }\n\n        .info {\n            border-left: 3px solid #5AD86E;\n        }\n        .info .card-shadow {\n            background-color: #5AD86E;\n        }\n    <\/style>\n\n    <script>\n        jQuery('head').append('<link rel=\"stylesheet\" href=\"https:\/\/fontawesome.200solutions.com\/css\/all.min.css\">');\n    <\/script>\n<\/div>\n\n\n<p><strong>Ov\u0161em, nem\u016f\u017eeme<\/strong>&nbsp;<strong>v\u00fdsledek<\/strong>&nbsp;na\u0161ich prac\u00ed&nbsp;<strong>zakl\u00e1dat na diagnostick\u00e9 pr\u00e1ci ciz\u00ed \u010di t\u0159et\u00ed strany&nbsp;<\/strong>(pokud nen\u00ed p\u0159edem dohodnuto jinak nebo&nbsp;pokud to nen\u00ed ov\u011b\u0159en\u00e1 \u010di kompetentn\u00ed osoba). T\u00edm by v\u00fdsledek na\u0161\u00ed pr\u00e1ce, mohl b\u00fdt zav\u00e1d\u011bj\u00edc\u00ed \u010di sm\u011b\u0159ovan\u00fd jinam, ne\u017e by spr\u00e1vn\u011b m\u011bl b\u00fdt \u010di mohl probl\u00e9m b\u00fdt. A to je ne\u017eadouc\u00ed pro n\u00e1s i pro klienta. Nav\u00edc by to mohla b\u00fdt i ztr\u00e1ta \u010dasu.<\/p>\n\n\n\n<p><\/p>\n","protected":false},"excerpt":{"rendered":"<p>Jen \u010d\u00edst chyby nesta\u010d\u00ed\u2026<\/p>\n","protected":false},"author":1,"featured_media":27,"parent":811,"menu_order":12,"comment_status":"closed","ping_status":"closed","template":"","meta":{"inline_featured_image":false,"footnotes":"","_links_to":"","_links_to_target":""},"class_list":["post-23","page","type-page","status-publish","has-post-thumbnail","hentry"],"acf":[],"_links":{"self":[{"href":"https:\/\/rokaworks-backup.200.solutions\/index.php?rest_route=\/wp\/v2\/pages\/23","targetHints":{"allow":["GET"]}}],"collection":[{"href":"https:\/\/rokaworks-backup.200.solutions\/index.php?rest_route=\/wp\/v2\/pages"}],"about":[{"href":"https:\/\/rokaworks-backup.200.solutions\/index.php?rest_route=\/wp\/v2\/types\/page"}],"author":[{"embeddable":true,"href":"https:\/\/rokaworks-backup.200.solutions\/index.php?rest_route=\/wp\/v2\/users\/1"}],"replies":[{"embeddable":true,"href":"https:\/\/rokaworks-backup.200.solutions\/index.php?rest_route=%2Fwp%2Fv2%2Fcomments&post=23"}],"version-history":[{"count":40,"href":"https:\/\/rokaworks-backup.200.solutions\/index.php?rest_route=\/wp\/v2\/pages\/23\/revisions"}],"predecessor-version":[{"id":815,"href":"https:\/\/rokaworks-backup.200.solutions\/index.php?rest_route=\/wp\/v2\/pages\/23\/revisions\/815"}],"up":[{"embeddable":true,"href":"https:\/\/rokaworks-backup.200.solutions\/index.php?rest_route=\/wp\/v2\/pages\/811"}],"wp:featuredmedia":[{"embeddable":true,"href":"https:\/\/rokaworks-backup.200.solutions\/index.php?rest_route=\/wp\/v2\/media\/27"}],"wp:attachment":[{"href":"https:\/\/rokaworks-backup.200.solutions\/index.php?rest_route=%2Fwp%2Fv2%2Fmedia&parent=23"}],"curies":[{"name":"wp","href":"https:\/\/api.w.org\/{rel}","templated":true}]}}