{"id":174,"date":"2023-05-24T14:10:23","date_gmt":"2023-05-24T12:10:23","guid":{"rendered":"https:\/\/rokaworks-backup.200.solutions\/?page_id=174"},"modified":"2024-01-20T16:09:24","modified_gmt":"2024-01-20T15:09:24","slug":"kodovani","status":"publish","type":"page","link":"https:\/\/rokaworks-backup.200.solutions\/?page_id=174","title":{"rendered":"K\u00f3dov\u00e1n\u00ed"},"content":{"rendered":"\n<h2 class=\"wp-block-heading\"><strong>K\u00f3dov\u00e1n\u00ed m\u016f\u017ee znamenat:<\/strong><\/h2>\n\n\n\n<ul class=\"wp-block-list\">\n<li>Zm\u011bny nastaven\u00ed a v\u00fdbavy vozidla, p\u0159id\u00e1n\u00ed\/ubr\u00e1n\u00ed funkc\u00ed vozidla.<\/li>\n\n\n\n<li>Nak\u00f3dov\u00e1n\u00ed vym\u011bn\u011bn\u00e9 jednotky v\u010d. p\u0159episu VIN\/KM pro srovn\u00e1n\u00ed obsahu na konkr\u00e9tn\u00ed v\u016fz pro ide\u00e1ln\u00ed spr\u00e1vnou funkcionalitu v\u00fdbavy vozu. <br>(M\u016f\u017ee vy\u017eadovat dle situace nad r\u00e1mec k\u00f3dov\u00e1n\u00ed slu\u017ebu \"flashov\u00e1n\u00ed\" neboli p\u0159episu cel\u00e9ho obsahu jednotky nap\u0159. kv\u016fli zabezp\u010den\u00ed dat v\u00fdrobce proti manipulaci jako je motorov\u00e1 jednotka, imobiliz\u00e9r apod. - konzultov\u00e1no p\u0159edem)<\/li>\n\n\n\n<li>\"Co v\u0161e lze nak\u00f3dovat?\"<br>N\u00ed\u017ee m\u00e1me seznam funkc\u00ed, co lze v\u0161e k\u00f3dovat. Seznam nemus\u00ed ale obsahovat v\u0161e co lze. Postupn\u011b dopl\u0148ujeme, p\u0159\u00edpadn\u00e9 podn\u011bty uv\u00edt\u00e1me, nebo u n\u00e1s optejte co chyb\u00ed.<\/li>\n<\/ul>\n\n\n<div class=\"rw-alert info alert card-wrapper\" id=\"alert-block_0d66e23f97bb9c9a6e6372e1d62d7a68\" data-type=\"info\">\n\n    <div class=\"card blurred-background card-base\">\n        <span class=\"content\"><p><strong data-rich-text-format-boundary=\"true\">Disponujeme<\/strong><strong>\u00a0OEM origin\u00e1l<\/strong><strong>n\u00edm specializovan\u00fdm\u00a0<\/strong><strong>vybaven\u00ed<\/strong><strong>m,\u00a0<\/strong>pro vozidla koncernu BMW, pro maxim\u00e1ln\u00ed spolehlivost.<\/p>\n<\/span>\n        <div class=\"card-shadow\"><\/div>\n    <\/div>\n\n    <!-- Styly -->\n    <style type=\"text\/css\">\n        \/* Alert *\/\n        .rw-alert {\n            position: relative;\n            color: rgba(0, 0, 0, 0.55);\n            background-color: #212121;\n            font-size: 16px;\n            letter-spacing: 0.01em;\n            line-height: 1.75em;\n            color: white;\n            margin: 24px 0;\n        }\n\n        .content * {\n            margin: 0 !important;\n        }\n\n        .card-base {\n            padding: 24px;\n        }\n\n        .danger {\n            border-left: 3px solid #E64964;\n        }\n        .danger .card-shadow {\n            background-color: #E64964;\n        }\n\n        .warning {\n            border-left: 3px solid #59C2DA;\n        }\n        .warning .card-shadow  {\n            background-color: #59C2DA;\n        }\n\n        .info {\n            border-left: 3px solid #5AD86E;\n        }\n        .info .card-shadow {\n            background-color: #5AD86E;\n        }\n    <\/style>\n\n    <script>\n        jQuery('head').append('<link rel=\"stylesheet\" href=\"https:\/\/fontawesome.200solutions.com\/css\/all.min.css\">');\n    <\/script>\n<\/div>\n\n<div class=\"rw-alert info alert card-wrapper\" id=\"alert-block_748c3a01f459461325ad4218f2c20101\" data-type=\"info\">\n\n    <div class=\"card blurred-background card-base\">\n        <span class=\"content\"><p><strong data-rich-text-format-boundary=\"true\">Zodpov\u011bdnost a spolehlivost<\/strong><\/p>\n<\/span>\n        <div class=\"card-shadow\"><\/div>\n    <\/div>\n\n    <!-- Styly -->\n    <style type=\"text\/css\">\n        \/* Alert *\/\n        .rw-alert {\n            position: relative;\n            color: rgba(0, 0, 0, 0.55);\n            background-color: #212121;\n            font-size: 16px;\n            letter-spacing: 0.01em;\n            line-height: 1.75em;\n            color: white;\n            margin: 24px 0;\n        }\n\n        .content * {\n            margin: 0 !important;\n        }\n\n        .card-base {\n            padding: 24px;\n        }\n\n        .danger {\n            border-left: 3px solid #E64964;\n        }\n        .danger .card-shadow {\n            background-color: #E64964;\n        }\n\n        .warning {\n            border-left: 3px solid #59C2DA;\n        }\n        .warning .card-shadow  {\n            background-color: #59C2DA;\n        }\n\n        .info {\n            border-left: 3px solid #5AD86E;\n        }\n        .info .card-shadow {\n            background-color: #5AD86E;\n        }\n    <\/style>\n\n    <script>\n        jQuery('head').append('<link rel=\"stylesheet\" href=\"https:\/\/fontawesome.200solutions.com\/css\/all.min.css\">');\n    <\/script>\n<\/div>\n\n<div class=\"rw-alert info alert card-wrapper\" id=\"alert-block_dddf6acc6a7c14a1878e404b7810c64b\" data-type=\"info\">\n\n    <div class=\"card blurred-background card-base\">\n        <span class=\"content\"><p><strong data-rich-text-format-boundary=\"true\">Lze k\u00f3dovat i vozidla v tov\u00e1rn\u00ed z\u00e1ruce - v\u016fz t\u00edm nep\u0159ijde o z\u00e1ruku. Pokud by tomu bylo jinak, bude sd\u011bleno<\/strong><\/p>\n<\/span>\n        <div class=\"card-shadow\"><\/div>\n    <\/div>\n\n    <!-- Styly -->\n    <style type=\"text\/css\">\n        \/* Alert *\/\n        .rw-alert {\n            position: relative;\n            color: rgba(0, 0, 0, 0.55);\n            background-color: #212121;\n            font-size: 16px;\n            letter-spacing: 0.01em;\n            line-height: 1.75em;\n            color: white;\n            margin: 24px 0;\n        }\n\n        .content * {\n            margin: 0 !important;\n        }\n\n        .card-base {\n            padding: 24px;\n        }\n\n        .danger {\n            border-left: 3px solid #E64964;\n        }\n        .danger .card-shadow {\n            background-color: #E64964;\n        }\n\n        .warning {\n            border-left: 3px solid #59C2DA;\n        }\n        .warning .card-shadow  {\n            background-color: #59C2DA;\n        }\n\n        .info {\n            border-left: 3px solid #5AD86E;\n        }\n        .info .card-shadow {\n            background-color: #5AD86E;\n        }\n    <\/style>\n\n    <script>\n        jQuery('head').append('<link rel=\"stylesheet\" href=\"https:\/\/fontawesome.200solutions.com\/css\/all.min.css\">');\n    <\/script>\n<\/div>\n\n<a href=\"https:\/\/rokaworks-backup.200.solutions\/?service=maly-balicek\" id=\"service-block_1e473562c667a2a19769e66071c08c92\" class=\"service card-wrapper\">\n    <div class=\"card blurred-background card-base\">\n        <div class=\"content\">\n            <h4>K\u00f3dov\u00e1n\u00ed z\u00e1klad (jednoduch\u00e9 do 3 zm\u011bn)<\/h4>\n            <p class=\"description\">Bal\u00ed\u010dek obsahuj\u00edc\u00ed maxim\u00e1ln\u011b t\u0159i jednodu\u0161\u00ed zm\u011bny funkc\u00ed<\/p>\n            <p class=\"price\">790 a\u017e 1490,- K\u010d<\/p>\n        <\/div>\n        <div class=\"box\">\n            <svg xmlns=\"http:\/\/www.w3.org\/2000\/svg\" viewBox=\"0 0 256 512\"><path d=\"M24.707 38.101L4.908 57.899c-4.686 4.686-4.686 12.284 0 16.971L185.607 256 4.908 437.13c-4.686 4.686-4.686 12.284 0 16.971L24.707 473.9c4.686 4.686 12.284 4.686 16.971 0l209.414-209.414c4.686-4.686 4.686-12.284 0-16.971L41.678 38.101c-4.687-4.687-12.285-4.687-16.971 0z\"\/><\/svg>\n        <\/div>\n        <div class=\"card-shadow\"><\/div>\n    <\/div>\n\n    <!-- Styly -->\n    <style type=\"text\/css\">\n        #service-block_1e473562c667a2a19769e66071c08c92 * {\n            font-family: 'Montserrat';\n        }\n\n        #service-block_1e473562c667a2a19769e66071c08c92 {\n            display: block;\n            width: 100%;\n            background: #212121;\n            border: 1px solid rgba(255, 255, 255, .13);\n            color: white;\n            margin: 24px 0;\n        }\n\n        #service-block_1e473562c667a2a19769e66071c08c92:hover {\n            text-decoration: none;\n            color: #FBC831;\n        }\n\n        #service-block_1e473562c667a2a19769e66071c08c92 .card-base {\n            padding: 24px;\n            display: flex;\n            justify-content: space-between;\n            align-items: center;\n        }\n\n        #service-block_1e473562c667a2a19769e66071c08c92 .content {\n            width: calc(100% - 48px - 48px);\n        }\n\n        #service-block_1e473562c667a2a19769e66071c08c92 .content h4 {\n            font-size: 16px;\n            font-weight: 500;\n            text-transform: uppercase;\n        }\n\n        #service-block_1e473562c667a2a19769e66071c08c92 .content .description {\n            opacity: .55;\n            margin-top: 8px;\n            color: white !important;\n        }\n\n        #service-block_1e473562c667a2a19769e66071c08c92 .content .price {\n            color: #FBC831 !important;\n            font-weight: bold;\n            margin: 0;\n            margin-top: 8px;\n        }\n\n        #service-block_1e473562c667a2a19769e66071c08c92 .box {\n            width: 48px;\n            height: 48px;\n            display: flex;\n            align-items: center;\n            justify-content: center;\n            background: #FBC831;\n            box-shadow: 0 10px 20px 0 rgba(0, 0, 0, .55);\n        }\n\n        #service-block_1e473562c667a2a19769e66071c08c92 .box svg {\n            width: 20px;\n            height: 20px;\n        }\n\n            <\/style>\n<\/a>\n\n<a href=\"https:\/\/rokaworks-backup.200.solutions\/?service=individualni\" id=\"service-block_1cde7652b96228f69d78d904ae6f32f8\" class=\"service card-wrapper\">\n    <div class=\"card blurred-background card-base\">\n        <div class=\"content\">\n            <h4>K\u00f3dov\u00e1n\u00ed Individual ( 4 a v\u00edce zm\u011bn \/ slo\u017eit\u011bj\u0161\u00ed zm\u011bny)<\/h4>\n            <p class=\"description\">Bal\u00ed\u010dek obsahuj\u00edc\u00ed \u010dty\u0159i a v\u00edce jednoduch\u00fdch zm\u011bn funkc\u00ed (k\u00f3d\u016f) nebo slo\u017eit\u011bj\u0161\u00ed \u010di v\u011bt\u0161\u00ed zm\u011bny \/ funkce, kter\u00e9 b\u011b\u017en\u011b pro proveden\u00ed zaberou v\u00edce jak 20minut.<\/p>\n            <p class=\"price\">1490 a\u017e 3990,- K\u010d<\/p>\n        <\/div>\n        <div class=\"box\">\n            <svg xmlns=\"http:\/\/www.w3.org\/2000\/svg\" viewBox=\"0 0 256 512\"><path d=\"M24.707 38.101L4.908 57.899c-4.686 4.686-4.686 12.284 0 16.971L185.607 256 4.908 437.13c-4.686 4.686-4.686 12.284 0 16.971L24.707 473.9c4.686 4.686 12.284 4.686 16.971 0l209.414-209.414c4.686-4.686 4.686-12.284 0-16.971L41.678 38.101c-4.687-4.687-12.285-4.687-16.971 0z\"\/><\/svg>\n        <\/div>\n        <div class=\"card-shadow\"><\/div>\n    <\/div>\n\n    <!-- Styly -->\n    <style type=\"text\/css\">\n        #service-block_1cde7652b96228f69d78d904ae6f32f8 * {\n            font-family: 'Montserrat';\n        }\n\n        #service-block_1cde7652b96228f69d78d904ae6f32f8 {\n            display: block;\n            width: 100%;\n            background: #212121;\n            border: 1px solid rgba(255, 255, 255, .13);\n            color: white;\n            margin: 24px 0;\n        }\n\n        #service-block_1cde7652b96228f69d78d904ae6f32f8:hover {\n            text-decoration: none;\n            color: #FBC831;\n        }\n\n        #service-block_1cde7652b96228f69d78d904ae6f32f8 .card-base {\n            padding: 24px;\n            display: flex;\n            justify-content: space-between;\n            align-items: center;\n        }\n\n        #service-block_1cde7652b96228f69d78d904ae6f32f8 .content {\n            width: calc(100% - 48px - 48px);\n        }\n\n        #service-block_1cde7652b96228f69d78d904ae6f32f8 .content h4 {\n            font-size: 16px;\n            font-weight: 500;\n            text-transform: uppercase;\n        }\n\n        #service-block_1cde7652b96228f69d78d904ae6f32f8 .content .description {\n            opacity: .55;\n            margin-top: 8px;\n            color: white !important;\n        }\n\n        #service-block_1cde7652b96228f69d78d904ae6f32f8 .content .price {\n            color: #FBC831 !important;\n            font-weight: bold;\n            margin: 0;\n            margin-top: 8px;\n        }\n\n        #service-block_1cde7652b96228f69d78d904ae6f32f8 .box {\n            width: 48px;\n            height: 48px;\n            display: flex;\n            align-items: center;\n            justify-content: center;\n            background: #FBC831;\n            box-shadow: 0 10px 20px 0 rgba(0, 0, 0, .55);\n        }\n\n        #service-block_1cde7652b96228f69d78d904ae6f32f8 .box svg {\n            width: 20px;\n            height: 20px;\n        }\n\n            <\/style>\n<\/a>\n\n\n<h2 class=\"wp-block-heading\">Seznamy funkc\u00ed<\/h2>\n\n\n\n<p>N\u011bco V\u00e1m chyb\u00ed nebo V\u00e1s zaj\u00edm\u00e1 n\u011bco mimo seznam? Pros\u00edm, nev\u00e1hejte n\u00e1s kontaktovat.<\/p>\n\n\n\n<figure class=\"wp-block-table\"><table class=\"has-fixed-layout\"><tbody><tr><td><strong>E \u0159ady \/ MINI \u0159ady R<\/strong><br><\/td><td><a href=\"https:\/\/rokaworks.cz\/files\/E_CODING_CZ.pdf\">https:\/\/rokaworks.cz\/files\/E_CODING_CZ.pdf<\/a><\/td><td><\/td><\/tr><tr><td><strong>BMW F \u0159ady<\/strong><br><strong>El. auta i3 a i8 + \u0159ady I<\/strong><br><strong><strong>MINI \u0159ady F<\/strong><\/strong><\/td><td><a href=\"https:\/\/rokaworks.cz\/files\/F_CODING_CZ.pdf\">https:\/\/rokaworks.cz\/files\/F_CODING_CZ.pdf<\/a><\/td><td><a href=\"https:\/\/rokaworks.cz\/files\/F_CODING_EN.pdf\">https:\/\/rokaworks.cz\/files\/F_CODING_EN.pdf<\/a><\/td><\/tr><tr><td><strong>BMW G \u0159ady<\/strong><br><strong>MINI 2017+<\/strong><\/td><td><a href=\"https:\/\/rokaworks.cz\/files\/G_CODING_CZ.pdf\">https:\/\/rokaworks.cz\/files\/G_CODING_CZ.pdf<\/a><\/td><td><a href=\"https:\/\/rokaworks.cz\/files\/G_CODING_EN.pdf\">https:\/\/rokaworks.cz\/files\/G_CODING_EN.pdf<\/a><\/td><\/tr><\/tbody><\/table><\/figure>\n\n\n\n<h2 class=\"wp-block-heading\">D\u016fle\u017eit\u00e9 informace o k\u00f3dov\u00e1n\u00ed<\/h2>\n\n\n<div class=\"rw-alert info alert card-wrapper\" id=\"alert-block_ca46a3fc334871cb598becbcb82b8571\" data-type=\"info\">\n\n    <div class=\"card blurred-background card-base\">\n        <span class=\"content\"><p><span class=\"fs12lh1-15 ff2\"><span class=\"cf2\"><span class=\"imUl\"><b>Ceny jsou orienta\u010dn\u00ed.<\/b><\/span>\u00a0a mohou se nav\u00fdy\u0161it. N\u011bkdy je b\u011bhem pr\u00e1ce zji\u0161t\u011bno, \u017ee nesed\u00ed podstatn\u00e1 datov\u00e1 \u010d\u00e1st vozidla nebo je po\u0161kozena a ta je pot\u0159eba p\u0159ed zah\u00e1jen\u00edm k\u00f3dov\u00e1n\u00ed srovnat. D\u016fvodem m\u016f\u017ee b\u00fdt prost\u00e9 opot\u0159eben\u00ed \/ hor\u0161\u00ed f\u00e1ze \u017eivotnosti jednotky, \u010di neodborn\u00e1 p\u0159edchoz\u00ed manipulace s daty\/softwarem.<\/span><\/span><\/p>\n<\/span>\n        <div class=\"card-shadow\"><\/div>\n    <\/div>\n\n    <!-- Styly -->\n    <style type=\"text\/css\">\n        \/* Alert *\/\n        .rw-alert {\n            position: relative;\n            color: rgba(0, 0, 0, 0.55);\n            background-color: #212121;\n            font-size: 16px;\n            letter-spacing: 0.01em;\n            line-height: 1.75em;\n            color: white;\n            margin: 24px 0;\n        }\n\n        .content * {\n            margin: 0 !important;\n        }\n\n        .card-base {\n            padding: 24px;\n        }\n\n        .danger {\n            border-left: 3px solid #E64964;\n        }\n        .danger .card-shadow {\n            background-color: #E64964;\n        }\n\n        .warning {\n            border-left: 3px solid #59C2DA;\n        }\n        .warning .card-shadow  {\n            background-color: #59C2DA;\n        }\n\n        .info {\n            border-left: 3px solid #5AD86E;\n        }\n        .info .card-shadow {\n            background-color: #5AD86E;\n        }\n    <\/style>\n\n    <script>\n        jQuery('head').append('<link rel=\"stylesheet\" href=\"https:\/\/fontawesome.200solutions.com\/css\/all.min.css\">');\n    <\/script>\n<\/div>\n\n<div class=\"rw-alert info alert card-wrapper\" id=\"alert-block_566be5b749df0776ea6784afcca99db9\" data-type=\"info\">\n\n    <div class=\"card blurred-background card-base\">\n        <span class=\"content\"><div class=\"lh1-15 cf2\" data-line-height=\"1.15\">\n<div class=\"lh1-15\" data-line-height=\"1.15\"><span class=\"fs12lh1-15 ff2\">Po\u0161kozen\u00fd nebo nespr\u00e1vn\u00fd obsah jednotky, \u010di jin\u00e1 z\u00e1sadn\u00ed \u010d\u00e1st softwaru jednotky vozidla (nap\u0159. rodn\u00fd v\u00fdbavov\u00fd list - k\u00f3dov\u00e1n\u00ed v\u00fdbavy a z\u00e1kladn\u00ed informace o vozidle) nebo VIN k\u00f3dy jednotek pokud je z\u00e1sadn\u00ed v dan\u00e9 oblasti a dal\u0161\u00ed, m\u016f\u017ee v ur\u010dit\u00fdch situac\u00edch vyvolat pot\u00ed\u017ee.<br \/>\nJe pot\u0159eba aby toto bylo v po\u0159\u00e1dku, jinak se m\u016f\u017ee st\u00e1t, \u017ee p\u0159i editov\u00e1n\u00ed jednotky - k\u00f3dov\u00e1n\u00ed nebo nap\u0159. ztr\u00e1t\u011b nap\u011bt\u00ed vozidla se obnov\u00ed ne\u017e\u00e1douc\u00ed obsah a chov\u00e1n\u00ed vozidla.<br \/>\nSt\u00e1v\u00e1 se tomu tak \u010dasto u vozidel, kter\u00e9 maj\u00ed vym\u011bn\u011bn\u00e9 jednotky za pou\u017eit\u00e9 z jin\u00fdch voz\u016f, kter\u00e9 obsahuj\u00ed st\u00e1le p\u016fvodn\u00ed data jin\u00e9ho vozu a jsou tedy k st\u00e1vaj\u00edc\u00edmu vozidlu nespr\u00e1vn\u011b nak\u00f3dovan\u00e9. Podle t\u011bchto dat se vozidlo obnovuje a na\u010d\u00edt\u00e1 do z\u00e1kladn\u00edch nastaven\u00ed p\u0159i ztr\u00e1t\u011b nap\u011bt\u00ed, nebo m\u016f\u017ee zp\u016fsobit ne\u017e\u00e1douc\u00ed chov\u00e1n\u00ed p\u0159i k\u00f3dov\u00e1n\u00ed kdy\u017e se toto nejd\u0159\u00edve nesrovn\u00e1 na data, jak\u00e1 maj\u00ed pro v\u016fz spr\u00e1vn\u011b b\u00fdt.<br \/>\nNespr\u00e1vn\u00fdm obsahem m\u016f\u017ee d\u0159\u00edve \u010di pozd\u011bji p\u0159ij\u00edt probl\u00e9m jako ne\u017e\u00e1douc\u00ed chov\u00e1n\u00ed vozu.<br \/>\nUm\u00edme opravit a bude konzultov\u00e1no pokud situace nastane<\/span><\/div>\n<\/div>\n<\/span>\n        <div class=\"card-shadow\"><\/div>\n    <\/div>\n\n    <!-- Styly -->\n    <style type=\"text\/css\">\n        \/* Alert *\/\n        .rw-alert {\n            position: relative;\n            color: rgba(0, 0, 0, 0.55);\n            background-color: #212121;\n            font-size: 16px;\n            letter-spacing: 0.01em;\n            line-height: 1.75em;\n            color: white;\n            margin: 24px 0;\n        }\n\n        .content * {\n            margin: 0 !important;\n        }\n\n        .card-base {\n            padding: 24px;\n        }\n\n        .danger {\n            border-left: 3px solid #E64964;\n        }\n        .danger .card-shadow {\n            background-color: #E64964;\n        }\n\n        .warning {\n            border-left: 3px solid #59C2DA;\n        }\n        .warning .card-shadow  {\n            background-color: #59C2DA;\n        }\n\n        .info {\n            border-left: 3px solid #5AD86E;\n        }\n        .info .card-shadow {\n            background-color: #5AD86E;\n        }\n    <\/style>\n\n    <script>\n        jQuery('head').append('<link rel=\"stylesheet\" href=\"https:\/\/fontawesome.200solutions.com\/css\/all.min.css\">');\n    <\/script>\n<\/div>","protected":false},"excerpt":{"rendered":"<p>Upravov\u00e1n\u00ed funkc\u00ed vozidla na m\u00edru<\/p>\n","protected":false},"author":1,"featured_media":570,"parent":811,"menu_order":14,"comment_status":"closed","ping_status":"closed","template":"","meta":{"inline_featured_image":false,"footnotes":"","_links_to":"","_links_to_target":""},"class_list":["post-174","page","type-page","status-publish","has-post-thumbnail","hentry"],"acf":[],"_links":{"self":[{"href":"https:\/\/rokaworks-backup.200.solutions\/index.php?rest_route=\/wp\/v2\/pages\/174","targetHints":{"allow":["GET"]}}],"collection":[{"href":"https:\/\/rokaworks-backup.200.solutions\/index.php?rest_route=\/wp\/v2\/pages"}],"about":[{"href":"https:\/\/rokaworks-backup.200.solutions\/index.php?rest_route=\/wp\/v2\/types\/page"}],"author":[{"embeddable":true,"href":"https:\/\/rokaworks-backup.200.solutions\/index.php?rest_route=\/wp\/v2\/users\/1"}],"replies":[{"embeddable":true,"href":"https:\/\/rokaworks-backup.200.solutions\/index.php?rest_route=%2Fwp%2Fv2%2Fcomments&post=174"}],"version-history":[{"count":33,"href":"https:\/\/rokaworks-backup.200.solutions\/index.php?rest_route=\/wp\/v2\/pages\/174\/revisions"}],"predecessor-version":[{"id":817,"href":"https:\/\/rokaworks-backup.200.solutions\/index.php?rest_route=\/wp\/v2\/pages\/174\/revisions\/817"}],"up":[{"embeddable":true,"href":"https:\/\/rokaworks-backup.200.solutions\/index.php?rest_route=\/wp\/v2\/pages\/811"}],"wp:featuredmedia":[{"embeddable":true,"href":"https:\/\/rokaworks-backup.200.solutions\/index.php?rest_route=\/wp\/v2\/media\/570"}],"wp:attachment":[{"href":"https:\/\/rokaworks-backup.200.solutions\/index.php?rest_route=%2Fwp%2Fv2%2Fmedia&parent=174"}],"curies":[{"name":"wp","href":"https:\/\/api.w.org\/{rel}","templated":true}]}}