{"id":160,"date":"2023-05-24T12:30:31","date_gmt":"2023-05-24T10:30:31","guid":{"rendered":"https:\/\/rokaworks-backup.200.solutions\/?page_id=160"},"modified":"2024-01-20T16:09:15","modified_gmt":"2024-01-20T15:09:15","slug":"programovani-neboli-flashovani","status":"publish","type":"page","link":"https:\/\/rokaworks-backup.200.solutions\/?page_id=160","title":{"rendered":"Flashov\u00e1n\u00ed"},"content":{"rendered":"\n<h2 class=\"wp-block-heading\"><strong>Programov\u00e1n\u00ed - P\u0159epis jednotky m\u016f\u017ee znamenat:<\/strong><\/h2>\n\n\n\n<ul class=\"wp-block-list\">\n<li>P\u0159epis cel\u00e9ho obsahu dat jednotky za \u00fa\u010delem \u0159e\u0161en\u00ed z\u00e1vad<\/li>\n\n\n\n<li>Aktualizace softwaru i v\u00edce jednotek za \u00fa\u010delem optimalizace a lep\u0161\u00edho chov\u00e1n\u00ed vozidla origin\u00e1ln\u00edm softwarem a daty BMW.<\/li>\n\n\n\n<li>Zm\u011bna dat \u010d\u00e1sti jednotky za \u00fa\u010delem mo\u017enosti vym\u011bnit konkr\u00e9tn\u00ed jednotku a m\u00edt ji pln\u011b funk\u010dn\u00ed.<\/li>\n<\/ul>\n\n\n\n<h2 class=\"wp-block-heading\"><strong>Pro\u010d tuto slu\u017ebu nechat vykonat u n\u00e1s?<\/strong><\/h2>\n\n\n\n<ul class=\"wp-block-list\">\n<li><strong>Disponujeme<\/strong><strong>&nbsp;OEM origin\u00e1l<\/strong><strong>n\u00edm specializovan\u00fdm&nbsp;<\/strong><strong>vybaven\u00ed<\/strong><strong>m,&nbsp;<\/strong>pro vozidla koncernu BMW, kter\u00e9 pou\u017e\u00edv\u00e1me pro maxim\u00e1ln\u00ed zodpov\u011bdnost a nejlep\u0161\u00ed v\u00fdsledek, tak jak to m\u00e1 b\u00fdt - jako na m\u00edstech u v\u00fdrobce.<\/li>\n\n\n\n<li>Pou\u017e\u00edv\u00e1me\u00a0<strong>profesion\u00e1ln\u00ed stabilizovan\u00e9 zdroje<\/strong>\u00a0p\u0159i programov\u00e1n\u00ed, kter\u00e9 udr\u017euj\u00ed i p\u0159i vysok\u00e9 z\u00e1t\u011b\u017ei spr\u00e1vn\u00e9 nap\u011bt\u00ed ve vozidle pro vyhnut\u00ed se p\u00e1du \u010di poruchy elektroniky vozidla.<\/li>\n\n\n\n<li>V p\u0159\u00edpad\u011b pot\u0159eb pou\u017e\u00edv\u00e1me origin\u00e1ln\u00ed online syst\u00e9m, jako partne\u0159i BMW do n\u011bj m\u00e1me p\u0159\u00edstup.<\/li>\n<\/ul>\n\n\n<a href=\"https:\/\/rokaworks-backup.200.solutions\/?service=celkova-aktualizace\" id=\"service-block_6752923d2b1d9a8e6ba32576b6aed616\" class=\"service card-wrapper\">\n    <div class=\"card blurred-background card-base\">\n        <div class=\"content\">\n            <h4>Celkov\u00e1 aktualizace<\/h4>\n            <p class=\"description\">Celkov\u00e1 aktualizace zahrnuje aktualizaci celkov\u00e9ho softwaru Va\u0161eho automobilu. Pr\u016fm\u011brn\u011b trv\u00e1 30min a\u017e 1d. <\/p>\n            <p class=\"price\">2000 a\u017e 5000,- K\u010d<\/p>\n        <\/div>\n        <div class=\"box\">\n            <svg xmlns=\"http:\/\/www.w3.org\/2000\/svg\" viewBox=\"0 0 256 512\"><path d=\"M24.707 38.101L4.908 57.899c-4.686 4.686-4.686 12.284 0 16.971L185.607 256 4.908 437.13c-4.686 4.686-4.686 12.284 0 16.971L24.707 473.9c4.686 4.686 12.284 4.686 16.971 0l209.414-209.414c4.686-4.686 4.686-12.284 0-16.971L41.678 38.101c-4.687-4.687-12.285-4.687-16.971 0z\"\/><\/svg>\n        <\/div>\n        <div class=\"card-shadow\"><\/div>\n    <\/div>\n\n    <!-- Styly -->\n    <style type=\"text\/css\">\n        #service-block_6752923d2b1d9a8e6ba32576b6aed616 * {\n            font-family: 'Montserrat';\n        }\n\n        #service-block_6752923d2b1d9a8e6ba32576b6aed616 {\n            display: block;\n            width: 100%;\n            background: #212121;\n            border: 1px solid rgba(255, 255, 255, .13);\n            color: white;\n            margin: 24px 0;\n        }\n\n        #service-block_6752923d2b1d9a8e6ba32576b6aed616:hover {\n            text-decoration: none;\n            color: #FBC831;\n        }\n\n        #service-block_6752923d2b1d9a8e6ba32576b6aed616 .card-base {\n            padding: 24px;\n            display: flex;\n            justify-content: space-between;\n            align-items: center;\n        }\n\n        #service-block_6752923d2b1d9a8e6ba32576b6aed616 .content {\n            width: calc(100% - 48px - 48px);\n        }\n\n        #service-block_6752923d2b1d9a8e6ba32576b6aed616 .content h4 {\n            font-size: 16px;\n            font-weight: 500;\n            text-transform: uppercase;\n        }\n\n        #service-block_6752923d2b1d9a8e6ba32576b6aed616 .content .description {\n            opacity: .55;\n            margin-top: 8px;\n            color: white !important;\n        }\n\n        #service-block_6752923d2b1d9a8e6ba32576b6aed616 .content .price {\n            color: #FBC831 !important;\n            font-weight: bold;\n            margin: 0;\n            margin-top: 8px;\n        }\n\n        #service-block_6752923d2b1d9a8e6ba32576b6aed616 .box {\n            width: 48px;\n            height: 48px;\n            display: flex;\n            align-items: center;\n            justify-content: center;\n            background: #FBC831;\n            box-shadow: 0 10px 20px 0 rgba(0, 0, 0, .55);\n        }\n\n        #service-block_6752923d2b1d9a8e6ba32576b6aed616 .box svg {\n            width: 20px;\n            height: 20px;\n        }\n\n            <\/style>\n<\/a>\n\n<a href=\"https:\/\/rokaworks-backup.200.solutions\/?service=individualni-programovani\" id=\"service-block_7596a53e21de3272917205fd36c49b1a\" class=\"service card-wrapper\">\n    <div class=\"card blurred-background card-base\">\n        <div class=\"content\">\n            <h4>Individu\u00e1ln\u00ed programov\u00e1n\u00ed<\/h4>\n            <p class=\"description\">Individu\u00e1ln\u011b V\u00e1m uprav\u00edme jednotliv\u00e9 jednotky na p\u0159\u00e1n\u00ed \u010di dle pot\u0159eby. Cena se odv\u00edj\u00ed podle n\u00e1ro\u010dnosti.<\/p>\n            <p class=\"price\">1000 a\u017e 5000,- K\u010d<\/p>\n        <\/div>\n        <div class=\"box\">\n            <svg xmlns=\"http:\/\/www.w3.org\/2000\/svg\" viewBox=\"0 0 256 512\"><path d=\"M24.707 38.101L4.908 57.899c-4.686 4.686-4.686 12.284 0 16.971L185.607 256 4.908 437.13c-4.686 4.686-4.686 12.284 0 16.971L24.707 473.9c4.686 4.686 12.284 4.686 16.971 0l209.414-209.414c4.686-4.686 4.686-12.284 0-16.971L41.678 38.101c-4.687-4.687-12.285-4.687-16.971 0z\"\/><\/svg>\n        <\/div>\n        <div class=\"card-shadow\"><\/div>\n    <\/div>\n\n    <!-- Styly -->\n    <style type=\"text\/css\">\n        #service-block_7596a53e21de3272917205fd36c49b1a * {\n            font-family: 'Montserrat';\n        }\n\n        #service-block_7596a53e21de3272917205fd36c49b1a {\n            display: block;\n            width: 100%;\n            background: #212121;\n            border: 1px solid rgba(255, 255, 255, .13);\n            color: white;\n            margin: 24px 0;\n        }\n\n        #service-block_7596a53e21de3272917205fd36c49b1a:hover {\n            text-decoration: none;\n            color: #FBC831;\n        }\n\n        #service-block_7596a53e21de3272917205fd36c49b1a .card-base {\n            padding: 24px;\n            display: flex;\n            justify-content: space-between;\n            align-items: center;\n        }\n\n        #service-block_7596a53e21de3272917205fd36c49b1a .content {\n            width: calc(100% - 48px - 48px);\n        }\n\n        #service-block_7596a53e21de3272917205fd36c49b1a .content h4 {\n            font-size: 16px;\n            font-weight: 500;\n            text-transform: uppercase;\n        }\n\n        #service-block_7596a53e21de3272917205fd36c49b1a .content .description {\n            opacity: .55;\n            margin-top: 8px;\n            color: white !important;\n        }\n\n        #service-block_7596a53e21de3272917205fd36c49b1a .content .price {\n            color: #FBC831 !important;\n            font-weight: bold;\n            margin: 0;\n            margin-top: 8px;\n        }\n\n        #service-block_7596a53e21de3272917205fd36c49b1a .box {\n            width: 48px;\n            height: 48px;\n            display: flex;\n            align-items: center;\n            justify-content: center;\n            background: #FBC831;\n            box-shadow: 0 10px 20px 0 rgba(0, 0, 0, .55);\n        }\n\n        #service-block_7596a53e21de3272917205fd36c49b1a .box svg {\n            width: 20px;\n            height: 20px;\n        }\n\n            <\/style>\n<\/a>\n\n<div class=\"rw-alert danger alert card-wrapper\" id=\"alert-block_f8a0e9f1e64ebd9039b7fe58dd676926\" data-type=\"danger\">\n\n    <div class=\"card blurred-background card-base\">\n        <span class=\"content\"><div><span class=\"fs12lh1-5 cf2 ff1\">Aktualizace a jak\u00fdkoliv p\u0159epis obsahu jednotky, sebou nese v\u017edy rizika (i kdy\u017e v praxi miziv\u00e9 \u0161ance) ale i tak je pot\u0159eba br\u00e1t z\u0159etel. M\u016f\u017ee k tomu doj\u00edt nap\u0159. pokud bude n\u011bjak\u00e1 jednotka \u010di elektronika m\u00edt \u0161patn\u00fd software nebo instalaci z d\u016fvodu p\u0159ede\u0161l\u00e9 neodborn\u00e9 manipulace dat, nebo bude hardware\/software opot\u0159ebovan\u00fd a v zhor\u0161en\u00e9m stavu, m\u016f\u017ee selhat a bude se muset pak opravit nebo vym\u011bnit za funk\u010dn\u00ed. Toto p\u0159\u00edpadn\u00e9 riziko bere na sv\u00e9 n\u00e1klady majitel vozu.\u00a0<\/span><\/div>\n<\/span>\n        <div class=\"card-shadow\"><\/div>\n    <\/div>\n\n    <!-- Styly -->\n    <style type=\"text\/css\">\n        \/* Alert *\/\n        .rw-alert {\n            position: relative;\n            color: rgba(0, 0, 0, 0.55);\n            background-color: #212121;\n            font-size: 16px;\n            letter-spacing: 0.01em;\n            line-height: 1.75em;\n            color: white;\n            margin: 24px 0;\n        }\n\n        .content * {\n            margin: 0 !important;\n        }\n\n        .card-base {\n            padding: 24px;\n        }\n\n        .danger {\n            border-left: 3px solid #E64964;\n        }\n        .danger .card-shadow {\n            background-color: #E64964;\n        }\n\n        .warning {\n            border-left: 3px solid #59C2DA;\n        }\n        .warning .card-shadow  {\n            background-color: #59C2DA;\n        }\n\n        .info {\n            border-left: 3px solid #5AD86E;\n        }\n        .info .card-shadow {\n            background-color: #5AD86E;\n        }\n    <\/style>\n\n    <script>\n        jQuery('head').append('<link rel=\"stylesheet\" href=\"https:\/\/fontawesome.200solutions.com\/css\/all.min.css\">');\n    <\/script>\n<\/div>\n\n\n<h2 class=\"wp-block-heading\"><strong>\u010casto kladen\u00e9 dotazy:<\/strong><\/h2>\n\n\n\n<h3 class=\"wp-block-heading\">\"Pro\u010d p\u0159epsat jednotku motoru ojet\u00e9ho vozidla?\"<\/h3>\n\n\n<div class=\"rw-alert info alert card-wrapper\" id=\"alert-block_3a4ae40d1cbc39760155d59a6470e8f0\" data-type=\"info\">\n\n    <div class=\"card blurred-background card-base\">\n        <span class=\"content\"><p>\u010cast\u00e9 pou\u017eit\u00ed - flashov\u00e1n\u00ed motorov\u00e9 jednotky. D\u016fvod? V dne\u0161n\u00ed dob\u011b upravuje jednotky kde kdo a \u010dasto jsou upravovan\u00e9 ve vozidlech, kter\u00e1 nejsou v optim\u00e1ln\u00edm a dobr\u00e9m stavu. Kdy\u017e se z\u00e1vadnost opot\u0159ebov\u00e1v\u00e1n\u00edm motoru prohlubuje, tak se upraven\u00fd software jednotky m\u016f\u017ee chovat kontraproduktivn\u011b a nap\u00e1ch\u00e1 v\u00edce \u0161kod ne\u017e by byl origin\u00e1ln\u00ed software schopen zvl\u00e1dnout si s t\u00edm s\u00e1m poradit. V n\u011bkter\u00fdch p\u0159\u00edpadech je z\u00e1vada i zatajov\u00e1na upraven\u00fdm softwarem. Origin\u00e1ln\u00ed software m\u00e1 tak\u00e9 za \u00falohu poradit si v kolizn\u00edch situac\u00edch nebo adaptovat sm\u011bs podle situac\u00ed tak, aby motor mohl b\u011b\u017eet co nejoptim\u00e1ln\u011bji jak je mo\u017en\u00e9, cemu\u017e upraven\u00fd software m\u016f\u017ee br\u00e1nit. Nespr\u00e1vn\u011b upraven\u00fd software m\u016f\u017ee \u010dasto zkreslovat a zp\u016fsobovat naopak zbyte\u010dn\u011b v\u011bt\u0161\u00ed z\u00e1vadnost. N\u011bkolikr\u00e1t jsme byli sv\u011bdky, \u017ee jen flashnut\u00edm motorov\u00e9 jednotky na spr\u00e1vn\u00fd origin\u00e1ln\u00ed software vy\u0159e\u0161il z\u00e1vady. Nebo tak\u00e9 odhalil skute\u010dn\u00e9 z\u00e1vady, jako nap\u0159\u00edklad zatajovan\u00fd vadn\u00fd filtr pevn\u00fdch \u010d\u00e1stic, kdy v upraven\u00e9m softwaru bylo nasimulovan\u00e9 spr\u00e1vn\u00e9 chov\u00e1n\u00ed a\u010dkoliv skute\u010dnost byla takov\u00e1, \u017ee byl p\u0159icpan\u00fd a mohlo t\u00edm doj\u00edt k po\u017e\u00e1ru nebo prasknut\u00ed drah\u00e9ho filtru DPF - zbyte\u010dn\u011b.<\/p>\n<\/span>\n        <div class=\"card-shadow\"><\/div>\n    <\/div>\n\n    <!-- Styly -->\n    <style type=\"text\/css\">\n        \/* Alert *\/\n        .rw-alert {\n            position: relative;\n            color: rgba(0, 0, 0, 0.55);\n            background-color: #212121;\n            font-size: 16px;\n            letter-spacing: 0.01em;\n            line-height: 1.75em;\n            color: white;\n            margin: 24px 0;\n        }\n\n        .content * {\n            margin: 0 !important;\n        }\n\n        .card-base {\n            padding: 24px;\n        }\n\n        .danger {\n            border-left: 3px solid #E64964;\n        }\n        .danger .card-shadow {\n            background-color: #E64964;\n        }\n\n        .warning {\n            border-left: 3px solid #59C2DA;\n        }\n        .warning .card-shadow  {\n            background-color: #59C2DA;\n        }\n\n        .info {\n            border-left: 3px solid #5AD86E;\n        }\n        .info .card-shadow {\n            background-color: #5AD86E;\n        }\n    <\/style>\n\n    <script>\n        jQuery('head').append('<link rel=\"stylesheet\" href=\"https:\/\/fontawesome.200solutions.com\/css\/all.min.css\">');\n    <\/script>\n<\/div>\n\n\n<h3 class=\"wp-block-heading\">\"Lze zjistit zda m\u00e1m \"chip\" neboli upraven\u00fd software motoru?\"<\/h3>\n\n\n<div class=\"rw-alert info alert card-wrapper\" id=\"alert-block_0439e7ad65e2c354f7445dc3da206325\" data-type=\"info\">\n\n    <div class=\"card blurred-background card-base\">\n        <span class=\"content\"><p>Lze i nelze. Nelze snadno a rychle p\u0159es diag. z\u00e1suvku OBD. Aneb mnoho jednotek nelze vy\u010d\u00edst cel\u00e9 p\u0159es OBD a porovnat s origin\u00e1ln\u00edmi daty. Pouze po vyjmut\u00ed, vy\u010dten\u00ed extern\u011b mimo vozidlo a n\u00e1sledn\u00e9ho porovn\u00e1n\u00ed dat s origin\u00e1ln\u00edm obsahem. Vzhledem k \u010dasov\u00e9 n\u00e1ro\u010dnosti t\u00e9to \u010dinnosti, je rychlej\u0161\u00ed a lep\u0161\u00ed rovnou p\u0159epsat \u010dist\u00fdm origin\u00e1ln\u00edm softwarem, porovnat chovani a m\u011b\u0159en\u00ed vozidla po p\u0159episu origin\u00e1ln\u00edm softwarem.<\/p>\n<\/span>\n        <div class=\"card-shadow\"><\/div>\n    <\/div>\n\n    <!-- Styly -->\n    <style type=\"text\/css\">\n        \/* Alert *\/\n        .rw-alert {\n            position: relative;\n            color: rgba(0, 0, 0, 0.55);\n            background-color: #212121;\n            font-size: 16px;\n            letter-spacing: 0.01em;\n            line-height: 1.75em;\n            color: white;\n            margin: 24px 0;\n        }\n\n        .content * {\n            margin: 0 !important;\n        }\n\n        .card-base {\n            padding: 24px;\n        }\n\n        .danger {\n            border-left: 3px solid #E64964;\n        }\n        .danger .card-shadow {\n            background-color: #E64964;\n        }\n\n        .warning {\n            border-left: 3px solid #59C2DA;\n        }\n        .warning .card-shadow  {\n            background-color: #59C2DA;\n        }\n\n        .info {\n            border-left: 3px solid #5AD86E;\n        }\n        .info .card-shadow {\n            background-color: #5AD86E;\n        }\n    <\/style>\n\n    <script>\n        jQuery('head').append('<link rel=\"stylesheet\" href=\"https:\/\/fontawesome.200solutions.com\/css\/all.min.css\">');\n    <\/script>\n<\/div>\n\n\n<h3 class=\"wp-block-heading\">\"Jak mohu v\u011bd\u011bt, zda pot\u0159ebuji p\u0159epsat motorovou jednotku origin\u00e1ln\u00edm softwarem z d\u016fvodu odhalen\u00ed, zda je z\u00e1vada v softwaru nebo motoru?\"<\/h3>\n\n\n<div class=\"rw-alert info alert card-wrapper\" id=\"alert-block_c7baca45d6ad81f23fc78324b67e7090\" data-type=\"info\">\n\n    <div class=\"card blurred-background card-base\">\n        <span class=\"content\"><div>\n<p>Pokud je podez\u0159en\u00ed, je lep\u0161\u00ed to ud\u011blat. Nen\u00ed to argumentace za vnucen\u00edm slu\u017eby, ale proto\u017ee se \u010dasto vyskytuj\u00ed ve vozidlech neodborn\u00e9 \u00fapravy nebo skr\u00fdv\u00e1n\u00ed z\u00e1vad za \u00fa\u010delem prod\u011bl\u00e1n\u00ed \u00fasp\u011b\u0161n\u00e9 STK.\u00a0 Je to sna\u017e\u0161\u00ed a z\u00e1sadn\u011b rychlej\u0161\u00ed diagnostikovat na origin\u00e1ln\u00edm softwaru s jistotou, \u017ee m\u00e1me s\u00e9riov\u00fd stav, na kter\u00e9m m\u016f\u017eeme zakl\u00e1dat my i vy.<\/p>\n<\/div>\n<\/span>\n        <div class=\"card-shadow\"><\/div>\n    <\/div>\n\n    <!-- Styly -->\n    <style type=\"text\/css\">\n        \/* Alert *\/\n        .rw-alert {\n            position: relative;\n            color: rgba(0, 0, 0, 0.55);\n            background-color: #212121;\n            font-size: 16px;\n            letter-spacing: 0.01em;\n            line-height: 1.75em;\n            color: white;\n            margin: 24px 0;\n        }\n\n        .content * {\n            margin: 0 !important;\n        }\n\n        .card-base {\n            padding: 24px;\n        }\n\n        .danger {\n            border-left: 3px solid #E64964;\n        }\n        .danger .card-shadow {\n            background-color: #E64964;\n        }\n\n        .warning {\n            border-left: 3px solid #59C2DA;\n        }\n        .warning .card-shadow  {\n            background-color: #59C2DA;\n        }\n\n        .info {\n            border-left: 3px solid #5AD86E;\n        }\n        .info .card-shadow {\n            background-color: #5AD86E;\n        }\n    <\/style>\n\n    <script>\n        jQuery('head').append('<link rel=\"stylesheet\" href=\"https:\/\/fontawesome.200solutions.com\/css\/all.min.css\">');\n    <\/script>\n<\/div>\n\n\n<h3 class=\"wp-block-heading\"><\/h3>\n","protected":false},"excerpt":{"rendered":"<p>P\u0159episov\u00e1n\u00ed cel\u00fdch jednotek nebo jejich \u010d\u00e1st\u00ed<\/p>\n","protected":false},"author":1,"featured_media":567,"parent":811,"menu_order":13,"comment_status":"closed","ping_status":"closed","template":"","meta":{"inline_featured_image":false,"footnotes":"","_links_to":"","_links_to_target":""},"class_list":["post-160","page","type-page","status-publish","has-post-thumbnail","hentry"],"acf":[],"_links":{"self":[{"href":"https:\/\/rokaworks-backup.200.solutions\/index.php?rest_route=\/wp\/v2\/pages\/160","targetHints":{"allow":["GET"]}}],"collection":[{"href":"https:\/\/rokaworks-backup.200.solutions\/index.php?rest_route=\/wp\/v2\/pages"}],"about":[{"href":"https:\/\/rokaworks-backup.200.solutions\/index.php?rest_route=\/wp\/v2\/types\/page"}],"author":[{"embeddable":true,"href":"https:\/\/rokaworks-backup.200.solutions\/index.php?rest_route=\/wp\/v2\/users\/1"}],"replies":[{"embeddable":true,"href":"https:\/\/rokaworks-backup.200.solutions\/index.php?rest_route=%2Fwp%2Fv2%2Fcomments&post=160"}],"version-history":[{"count":20,"href":"https:\/\/rokaworks-backup.200.solutions\/index.php?rest_route=\/wp\/v2\/pages\/160\/revisions"}],"predecessor-version":[{"id":816,"href":"https:\/\/rokaworks-backup.200.solutions\/index.php?rest_route=\/wp\/v2\/pages\/160\/revisions\/816"}],"up":[{"embeddable":true,"href":"https:\/\/rokaworks-backup.200.solutions\/index.php?rest_route=\/wp\/v2\/pages\/811"}],"wp:featuredmedia":[{"embeddable":true,"href":"https:\/\/rokaworks-backup.200.solutions\/index.php?rest_route=\/wp\/v2\/media\/567"}],"wp:attachment":[{"href":"https:\/\/rokaworks-backup.200.solutions\/index.php?rest_route=%2Fwp%2Fv2%2Fmedia&parent=160"}],"curies":[{"name":"wp","href":"https:\/\/api.w.org\/{rel}","templated":true}]}}